{"id":6191,"date":"2023-08-10T15:41:05","date_gmt":"2023-08-10T12:41:05","guid":{"rendered":"https:\/\/livonia.finance\/?page_id=6191"},"modified":"2025-05-31T10:35:13","modified_gmt":"2025-05-31T07:35:13","slug":"loans-guarantees-and-collaterals","status":"publish","type":"page","link":"https:\/\/livonia.finance\/es\/prestamos-garantias-y-avales\/","title":{"rendered":"Garant?as de pr?stamos y colaterales"},"content":{"rendered":"<div data-elementor-type=\"wp-page\" data-elementor-id=\"6191\" class=\"elementor elementor-6191\" data-elementor-post-type=\"page\">\n\t\t\t\t<div class=\"elementor-element elementor-element-b2560bc e-flex e-con-boxed e-con e-parent\" data-id=\"b2560bc\" data-element_type=\"container\" data-e-type=\"container\">\n\t\t\t\t\t<div class=\"e-con-inner\">\n\t\t\t\t<div class=\"elementor-element elementor-element-a7572a5 elementor-widget elementor-widget-text-editor\" data-id=\"a7572a5\" data-element_type=\"widget\" data-e-type=\"widget\" data-widget_type=\"text-editor.default\">\n\t\t\t\t<div class=\"elementor-widget-container\">\n\t\t\t\t\t\t\t\t\t<p><!-- \/wp:paragraph --><\/p>\n<p><!-- wp:paragraph --><\/p>\n<p><!-- \/wp:paragraph --><\/p>\n<p><!-- wp:paragraph --><\/p>\n<p><strong>\u00a1Pr\u00e9stamos Garantizados y Garant\u00edas en la Plataforma Livonia!<\/strong><\/p>\n<p><strong>La plataforma Livonia est\u00e1 hecha para atraer fondos para la empresa Veselavas pagasta zemnieka saimniec\u012bba \"Ka\u017e\u0113ri\" y la plataforma es una unidad estructural registrada en el IRS de Letonia - Servicio de Impuestos Internos y Livonia es una marca para la empresa Veselavas pagasta zemnieka saimniec\u012bba \"Ka\u017e\u0113ri\" Los inversores en LIVONIA est\u00e1n invirtiendo directamente en la empresa forestal sin ning\u00fan tipo de intermediarios y empresas ocultas.<\/strong><\/p>\n<p><!-- \/wp:paragraph --><\/p>\n<p><!-- wp:paragraph --><\/p>\n<p>En Livonia, priorizamos la seguridad de los fondos de nuestros inversores y ofrecemos varias salvaguardas para proteger tu capital.\n\nEstos son los aspectos clave de nuestras garant\u00edas de pr\u00e9stamos, colaterales y protecciones adicionales:<\/p>\n<p><!-- \/wp:paragraph --><\/p>\n<p><!-- wp:paragraph --><\/p>\n<p><strong>Colaterales:<\/strong><\/p>\n<p><!-- \/wp:paragraph --><\/p>\n<p><!-- wp:paragraph --><\/p>\n<p>Todos los pr\u00e9stamos que figuran en Livonia est\u00e1n respaldados por una serie de garant\u00edas para aumentar su seguridad. Estos avales abarcan una serie de activos, incluidos bienes inmuebles como terrenos, propiedades forestales, edificios, bienes muebles como existencias de madera, existencias de astillas de madera y otros.<\/p>\n<p><!-- \/wp:paragraph --><\/p>\n<p><!-- wp:paragraph --><\/p>\n<p>Esto incluye activos valiosos como maquinaria pesada y equipos sofisticados utilizados en las f\u00e1bricas. Estas garant\u00edas mobiliarias proporcionan una capa adicional de seguridad y, en caso de impago, pueden venderse para recuperar los fondos de los inversores.<\/p>\n<p><!-- \/wp:paragraph --><\/p>\n<p><!-- wp:paragraph --><\/p>\n<p><strong>Opci\u00f3n de salida anticipada:<\/strong><\/p>\n<p><!-- \/wp:paragraph --><\/p>\n<p><!-- wp:paragraph --><\/p>\n<p>Aunque no se ofrece para todos los pr\u00e9stamos, Livonia ofrece una opci\u00f3n de salida anticipada para proyectos s\u00f3lo por 10 % del importe invertido.<\/p>\n<p><!-- \/wp:paragraph --><\/p>\n<p><!-- wp:paragraph --><\/p>\n<p>Si decide salir de su inversi\u00f3n, tiene que escribir al correo electr\u00f3nico info@livonia.finance y solicitar la opci\u00f3n de salida anticipada.<\/p>\n<p><!-- \/wp:paragraph --><\/p>\n<p><!-- wp:paragraph --><\/p>\n<p><strong style=\"color: var( --e-global-color-text ); font-family: var( --e-global-typography-text-font-family ), Sans-serif; text-align: var(--text-align);\">Servicio de seguridad interior:<\/strong><span style=\"color: var( --e-global-color-text ); font-family: var( --e-global-typography-text-font-family ), Sans-serif; font-weight: var( --e-global-typography-text-font-weight ); text-align: var(--text-align);\"> La plataforma Livonia cuenta con un servicio de seguridad propio que proporciona seguridad adicional a la empresa y a los inversores. Son empleados que est\u00e1n rastreando GPS en todos los coches de la empresa, camiones, comprobando CCTW y protegiendo los activos de la empresa como las existencias de madera, astillas de madera y otras cosas.<\/span><\/p>\n<p>\u00a0<\/p>\n<p><!-- \/wp:paragraph --><\/p>\n<p><!-- wp:paragraph --><\/p>\n<p>\u00a0<\/p>\n<p><!-- \/wp:paragraph --><\/p>\t\t\t\t\t\t\t\t<\/div>\n\t\t\t\t<\/div>\n\t\t\t\t\t<\/div>\n\t\t\t\t<\/div>\n\t\t\t\t<\/div>","protected":false},"excerpt":{"rendered":"<p>Pr\u00e9stamos Garantizados y Garant\u00edas en la Plataforma Livonia Livonia plataforma se hace para atraer fondos para la empresa Veselavas pagasta zemnieka saimniec\u012bba \"Ka\u017e\u0113ri\" y la plataforma es una unidad estructural registrada en Letonia IRS- Servicio de Impuestos Internos y Livonia es una marca para la empresa Veselavas pagasta zemnieka saimniec\u012bba \"Ka\u017e\u0113ri\" Los inversores en LIVONIA est\u00e1n invirtiendo directamente a la empresa forestal sin ning\u00fan intermediario y...<\/p>","protected":false},"author":236581218,"featured_media":0,"parent":0,"menu_order":0,"comment_status":"closed","ping_status":"closed","template":"","meta":{"_acf_changed":false,"_starter_page_template":"blank","_wpcom_template_layout_category":["about"],"footnotes":""},"class_list":["post-6191","page","type-page","status-publish","hentry"],"acf":[],"yoast_head":"<!-- This site is optimized with the Yoast SEO plugin v27.4 - https:\/\/yoast.com\/product\/yoast-seo-wordpress\/ -->\n<title>Loans guarantees and collaterals - LIVONIA Finance - P2B investments<\/title>\n<meta name=\"robots\" content=\"index, follow, max-snippet:-1, max-image-preview:large, max-video-preview:-1\" \/>\n<link rel=\"canonical\" href=\"https:\/\/livonia.finance\/es\/prestamos-garantias-y-avales\/\" \/>\n<meta property=\"og:locale\" content=\"es_ES\" \/>\n<meta property=\"og:type\" content=\"article\" \/>\n<meta property=\"og:title\" content=\"Loans guarantees and collaterals - LIVONIA Finance - P2B investments\" \/>\n<meta property=\"og:description\" content=\"Loans Guarantees and Collaterals on Livonia Platform! Livonia platform is made to atract funds for company Veselavas pagasta zemnieka saimniec\u012bba &#8220;Ka\u017e\u0113ri&#8221; and platform is a structural unit registered in Latvia&#8217;s IRS- Internal revenue service and Livonia is a brand name for company Veselavas pagasta zemnieka saimniec\u012bba &#8220;Ka\u017e\u0113ri&#8221; \u00a0Investors in LIVONIA are investing straight to forestry company without any intermediary&#8217;s and...\" \/>\n<meta property=\"og:url\" content=\"https:\/\/livonia.finance\/es\/prestamos-garantias-y-avales\/\" \/>\n<meta property=\"og:site_name\" content=\"LIVONIA Finance - P2B investments\" \/>\n<meta property=\"article:publisher\" content=\"https:\/\/www.facebook.com\/profile.php?id=100095344260318\" \/>\n<meta property=\"article:modified_time\" content=\"2025-05-31T07:35:13+00:00\" \/>\n<meta name=\"twitter:card\" content=\"summary_large_image\" \/>\n<meta name=\"twitter:label1\" content=\"Tiempo de lectura\" \/>\n\t<meta name=\"twitter:data1\" content=\"2 minutos\" \/>\n<script type=\"application\/ld+json\" class=\"yoast-schema-graph\">{\"@context\":\"https:\\\/\\\/schema.org\",\"@graph\":[{\"@type\":\"WebPage\",\"@id\":\"https:\\\/\\\/livonia.finance\\\/loans-guarantees-and-collaterals\\\/\",\"url\":\"https:\\\/\\\/livonia.finance\\\/loans-guarantees-and-collaterals\\\/\",\"name\":\"Loans guarantees and collaterals - LIVONIA Finance - P2B investments\",\"isPartOf\":{\"@id\":\"https:\\\/\\\/livonia.finance\\\/#website\"},\"datePublished\":\"2023-08-10T12:41:05+00:00\",\"dateModified\":\"2025-05-31T07:35:13+00:00\",\"breadcrumb\":{\"@id\":\"https:\\\/\\\/livonia.finance\\\/loans-guarantees-and-collaterals\\\/#breadcrumb\"},\"inLanguage\":\"es\",\"potentialAction\":[{\"@type\":\"ReadAction\",\"target\":[\"https:\\\/\\\/livonia.finance\\\/loans-guarantees-and-collaterals\\\/\"]}]},{\"@type\":\"BreadcrumbList\",\"@id\":\"https:\\\/\\\/livonia.finance\\\/loans-guarantees-and-collaterals\\\/#breadcrumb\",\"itemListElement\":[{\"@type\":\"ListItem\",\"position\":1,\"name\":\"Home\",\"item\":\"https:\\\/\\\/livonia.finance\\\/\"},{\"@type\":\"ListItem\",\"position\":2,\"name\":\"Loans guarantees and collaterals\"}]},{\"@type\":\"WebSite\",\"@id\":\"https:\\\/\\\/livonia.finance\\\/#website\",\"url\":\"https:\\\/\\\/livonia.finance\\\/\",\"name\":\"LIVONIA Finance - P2B investments\",\"description\":\"P2B lending investments\",\"publisher\":{\"@id\":\"https:\\\/\\\/livonia.finance\\\/#organization\"},\"potentialAction\":[{\"@type\":\"SearchAction\",\"target\":{\"@type\":\"EntryPoint\",\"urlTemplate\":\"https:\\\/\\\/livonia.finance\\\/?s={search_term_string}\"},\"query-input\":{\"@type\":\"PropertyValueSpecification\",\"valueRequired\":true,\"valueName\":\"search_term_string\"}}],\"inLanguage\":\"es\"},{\"@type\":\"Organization\",\"@id\":\"https:\\\/\\\/livonia.finance\\\/#organization\",\"name\":\"LIVONIA Finance - P2B investments\",\"url\":\"https:\\\/\\\/livonia.finance\\\/\",\"logo\":{\"@type\":\"ImageObject\",\"inLanguage\":\"es\",\"@id\":\"https:\\\/\\\/livonia.finance\\\/#\\\/schema\\\/logo\\\/image\\\/\",\"url\":\"https:\\\/\\\/livonia.finance\\\/wp-content\\\/uploads\\\/2023\\\/07\\\/image-1.jpeg\",\"contentUrl\":\"https:\\\/\\\/livonia.finance\\\/wp-content\\\/uploads\\\/2023\\\/07\\\/image-1.jpeg\",\"width\":512,\"height\":512,\"caption\":\"LIVONIA Finance - P2B investments\"},\"image\":{\"@id\":\"https:\\\/\\\/livonia.finance\\\/#\\\/schema\\\/logo\\\/image\\\/\"},\"sameAs\":[\"https:\\\/\\\/www.facebook.com\\\/profile.php?id=100095344260318\"]}]}<\/script>\n<!-- \/ Yoast SEO plugin. -->","yoast_head_json":{"title":"Garant\u00edas y colaterales de pr\u00e9stamos - LIVONIA Finance - Inversiones P2B","robots":{"index":"index","follow":"follow","max-snippet":"max-snippet:-1","max-image-preview":"max-image-preview:large","max-video-preview":"max-video-preview:-1"},"canonical":"https:\/\/livonia.finance\/es\/prestamos-garantias-y-avales\/","og_locale":"es_ES","og_type":"article","og_title":"Loans guarantees and collaterals - LIVONIA Finance - P2B investments","og_description":"Loans Guarantees and Collaterals on Livonia Platform! Livonia platform is made to atract funds for company Veselavas pagasta zemnieka saimniec\u012bba &#8220;Ka\u017e\u0113ri&#8221; and platform is a structural unit registered in Latvia&#8217;s IRS- Internal revenue service and Livonia is a brand name for company Veselavas pagasta zemnieka saimniec\u012bba &#8220;Ka\u017e\u0113ri&#8221; \u00a0Investors in LIVONIA are investing straight to forestry company without any intermediary&#8217;s and...","og_url":"https:\/\/livonia.finance\/es\/prestamos-garantias-y-avales\/","og_site_name":"LIVONIA Finance - P2B investments","article_publisher":"https:\/\/www.facebook.com\/profile.php?id=100095344260318","article_modified_time":"2025-05-31T07:35:13+00:00","twitter_card":"summary_large_image","twitter_misc":{"Tiempo de lectura":"2 minutos"},"schema":{"@context":"https:\/\/schema.org","@graph":[{"@type":"WebPage","@id":"https:\/\/livonia.finance\/loans-guarantees-and-collaterals\/","url":"https:\/\/livonia.finance\/loans-guarantees-and-collaterals\/","name":"Garant\u00edas y colaterales de pr\u00e9stamos - LIVONIA Finance - Inversiones P2B","isPartOf":{"@id":"https:\/\/livonia.finance\/#website"},"datePublished":"2023-08-10T12:41:05+00:00","dateModified":"2025-05-31T07:35:13+00:00","breadcrumb":{"@id":"https:\/\/livonia.finance\/loans-guarantees-and-collaterals\/#breadcrumb"},"inLanguage":"es","potentialAction":[{"@type":"ReadAction","target":["https:\/\/livonia.finance\/loans-guarantees-and-collaterals\/"]}]},{"@type":"BreadcrumbList","@id":"https:\/\/livonia.finance\/loans-guarantees-and-collaterals\/#breadcrumb","itemListElement":[{"@type":"ListItem","position":1,"name":"Home","item":"https:\/\/livonia.finance\/"},{"@type":"ListItem","position":2,"name":"Loans guarantees and collaterals"}]},{"@type":"WebSite","@id":"https:\/\/livonia.finance\/#website","url":"https:\/\/livonia.finance\/","name":"LIVONIA Finance - Inversiones P2B","description":"Inversiones en pr\u00e9stamos P2B","publisher":{"@id":"https:\/\/livonia.finance\/#organization"},"potentialAction":[{"@type":"SearchAction","target":{"@type":"EntryPoint","urlTemplate":"https:\/\/livonia.finance\/?s={search_term_string}"},"query-input":{"@type":"PropertyValueSpecification","valueRequired":true,"valueName":"search_term_string"}}],"inLanguage":"es"},{"@type":"Organization","@id":"https:\/\/livonia.finance\/#organization","name":"LIVONIA Finance - Inversiones P2B","url":"https:\/\/livonia.finance\/","logo":{"@type":"ImageObject","inLanguage":"es","@id":"https:\/\/livonia.finance\/#\/schema\/logo\/image\/","url":"https:\/\/livonia.finance\/wp-content\/uploads\/2023\/07\/image-1.jpeg","contentUrl":"https:\/\/livonia.finance\/wp-content\/uploads\/2023\/07\/image-1.jpeg","width":512,"height":512,"caption":"LIVONIA Finance - P2B investments"},"image":{"@id":"https:\/\/livonia.finance\/#\/schema\/logo\/image\/"},"sameAs":["https:\/\/www.facebook.com\/profile.php?id=100095344260318"]}]}},"_links":{"self":[{"href":"https:\/\/livonia.finance\/es\/wp-json\/wp\/v2\/pages\/6191","targetHints":{"allow":["GET"]}}],"collection":[{"href":"https:\/\/livonia.finance\/es\/wp-json\/wp\/v2\/pages"}],"about":[{"href":"https:\/\/livonia.finance\/es\/wp-json\/wp\/v2\/types\/page"}],"author":[{"embeddable":true,"href":"https:\/\/livonia.finance\/es\/wp-json\/wp\/v2\/users\/236581218"}],"replies":[{"embeddable":true,"href":"https:\/\/livonia.finance\/es\/wp-json\/wp\/v2\/comments?post=6191"}],"version-history":[{"count":23,"href":"https:\/\/livonia.finance\/es\/wp-json\/wp\/v2\/pages\/6191\/revisions"}],"predecessor-version":[{"id":14204,"href":"https:\/\/livonia.finance\/es\/wp-json\/wp\/v2\/pages\/6191\/revisions\/14204"}],"wp:attachment":[{"href":"https:\/\/livonia.finance\/es\/wp-json\/wp\/v2\/media?parent=6191"}],"curies":[{"name":"wp","href":"https:\/\/api.w.org\/{rel}","templated":true}]}}