{"id":6188,"date":"2023-08-10T15:37:16","date_gmt":"2023-08-10T12:37:16","guid":{"rendered":"https:\/\/livonia.finance\/?page_id=6188"},"modified":"2023-12-16T22:08:36","modified_gmt":"2023-12-16T20:08:36","slug":"descprition-of-risks","status":"publish","type":"page","link":"https:\/\/livonia.finance\/es\/descripcion-de-riesgos\/","title":{"rendered":"Descripci?n de riesgos"},"content":{"rendered":"<p><\/p>\n\n\n\n<p><\/p>\n\n\n\n<p><strong>Riesgos asociados con la inversi\u00f3n en la plataforma Livonia<\/strong><\/p>\n\n\n\n<p>Invertir en proyectos de crowdfunding a trav\u00e9s de Livonia tiene una serie de riesgos inherentes asociados que deber\u00edan ser considerados cuidadosamente.\nAunque Livonia adopta medidas para mitigar estos riesgos, los inversores deben entender que existe potencial de p\u00e9rdidas financieras.\nA pesar de los esfuerzos por reducir riesgos, la posibilidad de perder el capital invertido sigue estando presente.\nEstos son los riesgos clave asociados con la inversi\u00f3n en la platforma Livonia:<\/p>\n\n\n\n<p><strong>1. Riesgo de cumplimiento de las obligaciones<\/strong><\/p>\n\n\n\n<p>Livonia persigue evaluar la fiabilidad y credibilidad de los propietarios de los proyectos y los individuos que proporcionan las medidas de seguridad.\nSin embargo, Livonia no puede garantizar que los propietarios de los proyectos siempre ejecutar\u00e1n las transacciones correctamente y a tiempo.\nLos propietarios de los proyectos es posible que no puedan cumplir parcial o totalmente sus obligaciones con los inversores resultando en p\u00e9rdidas financieras.<\/p>\n\n\n\n<p><strong>2. Riesgos relacionados con las medidas de seguridad:<\/strong><\/p>\n\n\n\n<p>A pesar que las inversiones en Livonia est\u00e1n aseguradas con medidas como hipotecas sobre la propiedad, maquinaria pesada, terrenos etc. pueden producirse situaciones en las cuales las medidas de seguridad no sean suficientes para cubrir las obligaciones del propietario del proyecto.\nCambios econ\u00f3micos, acciones del propietario del proyecto, condiciones de mercado y liquidez todas ellas pueden impactar en la adecuaci\u00f3n de la medida de seguridad.<\/p>\n\n\n\n<p><strong>3. Riesgos de recuperaci\u00f3n:<\/strong><\/p>\n\n\n\n<p>En casos en los que el propietario del proyecto entre en situaci\u00f3n de morosidad, Livonia puede iniciar la recuperaci\u00f3n forzosa de la deuda basada en las medidas de seguridad proporcionadas.<\/p>\n\n\n\n<p><strong>4. Advertencias y recomendaciones:<\/strong><\/p>\n\n\n\n<p><strong>Antes de invertir en Livonia considera los siguientes pasos:<\/strong>:<\/p>\n\n\n\n<p>Eval\u00faa tu experiencia y conocimiento inversor.<\/p>\n\n\n\n<p>Entiende los riesgos asociados.<\/p>\n\n\n\n<p>Eval\u00faa tu situaci\u00f3n financiera y potencial impacto de las p\u00e9rdidas.<\/p>\n\n\n\n<p>Busca consejo de los especialistas en caso necesario.<\/p>\n\n\n\n<p>Consulta expertos aceca de las implicaciones fiscales relevantes.<\/p>\n\n\n\n<p><strong>Puntos adicionales a considerar:<\/strong><\/p>\n\n\n\n<p>Las descripciones de los proyectos, estimaciones y proyecciones de ingresos en la plataforma Livonia son indicativas y est\u00e1n sujetas a cambio basado en las circunstancias de mercado.<\/p>\n\n\n\n<p>Cada transacci\u00f3n de crowdfunding implica riesgos \u00fanicos; los inversores deben evaluar no solo riesgos generales sino tambi\u00e9n circunstancias espec\u00edficas que puedan afectar a cada transacci\u00f3n.<\/p>\n\n\n\n<p>Los datos de rendimiento pasados de la plataforma Livonia no son un predictor fiable de los futuros rendimientos de las inversiones.<\/p>\n\n\n\n<p>Los inversores deben evaluar cuidadosamente los riesgos y ejercer cautela cuando inviertan en la platforma Livonia.\n\nHaz decisiones fundamentadas basadas en tus circunstancias financieras y tu tolerancia al riesgo.<\/p>","protected":false},"excerpt":{"rendered":"<p>Riesgos asociados a la inversi\u00f3n en la plataforma Livonia Invertir en proyectos de crowdfunding a trav\u00e9s de la plataforma Livonia conlleva riesgos inherentes que deben considerarse cuidadosamente. Aunque Livonia toma medidas para mitigar estos riesgos, los inversores deben comprender que existe la posibilidad de sufrir p\u00e9rdidas financieras. A pesar de los esfuerzos por reducir los riesgos, sigue existiendo la posibilidad de perder las cantidades invertidas y los beneficios obtenidos. He aqu\u00ed los principales...<\/p>","protected":false},"author":236581218,"featured_media":0,"parent":0,"menu_order":0,"comment_status":"closed","ping_status":"closed","template":"","meta":{"_acf_changed":false,"_starter_page_template":"blank","_wpcom_template_layout_category":["about"],"footnotes":""},"class_list":["post-6188","page","type-page","status-publish","hentry"],"acf":[],"yoast_head":"<!-- This site is optimized with the Yoast SEO plugin v27.4 - https:\/\/yoast.com\/product\/yoast-seo-wordpress\/ -->\n<title>Descprition of risks - LIVONIA Finance - P2B investments<\/title>\n<meta name=\"robots\" content=\"index, follow, max-snippet:-1, max-image-preview:large, max-video-preview:-1\" \/>\n<link rel=\"canonical\" href=\"https:\/\/livonia.finance\/es\/descripcion-de-riesgos\/\" \/>\n<meta property=\"og:locale\" content=\"es_ES\" \/>\n<meta property=\"og:type\" content=\"article\" \/>\n<meta property=\"og:title\" content=\"Descprition of risks - LIVONIA Finance - P2B investments\" \/>\n<meta property=\"og:description\" content=\"Risks Associated with Investment in Livonia Platform Investing in crowdfunding projects through the Livonia platform carries inherent risks that should be carefully considered. While Livonia takes measures to mitigate these risks, investors need to understand that the potential for financial loss exists. Despite efforts to reduce risks, the possibility of losing invested amounts and returns remains. Here are the key...\" \/>\n<meta property=\"og:url\" content=\"https:\/\/livonia.finance\/es\/descripcion-de-riesgos\/\" \/>\n<meta property=\"og:site_name\" content=\"LIVONIA Finance - P2B investments\" \/>\n<meta property=\"article:publisher\" content=\"https:\/\/www.facebook.com\/profile.php?id=100095344260318\" \/>\n<meta property=\"article:modified_time\" content=\"2023-12-16T20:08:36+00:00\" \/>\n<meta name=\"twitter:card\" content=\"summary_large_image\" \/>\n<meta name=\"twitter:label1\" content=\"Tiempo de lectura\" \/>\n\t<meta name=\"twitter:data1\" content=\"2 minutos\" \/>\n<script type=\"application\/ld+json\" class=\"yoast-schema-graph\">{\"@context\":\"https:\\\/\\\/schema.org\",\"@graph\":[{\"@type\":\"WebPage\",\"@id\":\"https:\\\/\\\/livonia.finance\\\/descprition-of-risks\\\/\",\"url\":\"https:\\\/\\\/livonia.finance\\\/descprition-of-risks\\\/\",\"name\":\"Descprition of risks - LIVONIA Finance - P2B investments\",\"isPartOf\":{\"@id\":\"https:\\\/\\\/livonia.finance\\\/#website\"},\"datePublished\":\"2023-08-10T12:37:16+00:00\",\"dateModified\":\"2023-12-16T20:08:36+00:00\",\"breadcrumb\":{\"@id\":\"https:\\\/\\\/livonia.finance\\\/descprition-of-risks\\\/#breadcrumb\"},\"inLanguage\":\"es\",\"potentialAction\":[{\"@type\":\"ReadAction\",\"target\":[\"https:\\\/\\\/livonia.finance\\\/descprition-of-risks\\\/\"]}]},{\"@type\":\"BreadcrumbList\",\"@id\":\"https:\\\/\\\/livonia.finance\\\/descprition-of-risks\\\/#breadcrumb\",\"itemListElement\":[{\"@type\":\"ListItem\",\"position\":1,\"name\":\"Home\",\"item\":\"https:\\\/\\\/livonia.finance\\\/\"},{\"@type\":\"ListItem\",\"position\":2,\"name\":\"Descprition of risks\"}]},{\"@type\":\"WebSite\",\"@id\":\"https:\\\/\\\/livonia.finance\\\/#website\",\"url\":\"https:\\\/\\\/livonia.finance\\\/\",\"name\":\"LIVONIA Finance - P2B investments\",\"description\":\"P2B lending investments\",\"publisher\":{\"@id\":\"https:\\\/\\\/livonia.finance\\\/#organization\"},\"potentialAction\":[{\"@type\":\"SearchAction\",\"target\":{\"@type\":\"EntryPoint\",\"urlTemplate\":\"https:\\\/\\\/livonia.finance\\\/?s={search_term_string}\"},\"query-input\":{\"@type\":\"PropertyValueSpecification\",\"valueRequired\":true,\"valueName\":\"search_term_string\"}}],\"inLanguage\":\"es\"},{\"@type\":\"Organization\",\"@id\":\"https:\\\/\\\/livonia.finance\\\/#organization\",\"name\":\"LIVONIA Finance - P2B investments\",\"url\":\"https:\\\/\\\/livonia.finance\\\/\",\"logo\":{\"@type\":\"ImageObject\",\"inLanguage\":\"es\",\"@id\":\"https:\\\/\\\/livonia.finance\\\/#\\\/schema\\\/logo\\\/image\\\/\",\"url\":\"https:\\\/\\\/livonia.finance\\\/wp-content\\\/uploads\\\/2023\\\/07\\\/image-1.jpeg\",\"contentUrl\":\"https:\\\/\\\/livonia.finance\\\/wp-content\\\/uploads\\\/2023\\\/07\\\/image-1.jpeg\",\"width\":512,\"height\":512,\"caption\":\"LIVONIA Finance - P2B investments\"},\"image\":{\"@id\":\"https:\\\/\\\/livonia.finance\\\/#\\\/schema\\\/logo\\\/image\\\/\"},\"sameAs\":[\"https:\\\/\\\/www.facebook.com\\\/profile.php?id=100095344260318\"]}]}<\/script>\n<!-- \/ Yoast SEO plugin. -->","yoast_head_json":{"title":"Descripci\u00f3n de riesgos - LIVONIA Finance - Inversiones P2B","robots":{"index":"index","follow":"follow","max-snippet":"max-snippet:-1","max-image-preview":"max-image-preview:large","max-video-preview":"max-video-preview:-1"},"canonical":"https:\/\/livonia.finance\/es\/descripcion-de-riesgos\/","og_locale":"es_ES","og_type":"article","og_title":"Descprition of risks - LIVONIA Finance - P2B investments","og_description":"Risks Associated with Investment in Livonia Platform Investing in crowdfunding projects through the Livonia platform carries inherent risks that should be carefully considered. While Livonia takes measures to mitigate these risks, investors need to understand that the potential for financial loss exists. Despite efforts to reduce risks, the possibility of losing invested amounts and returns remains. Here are the key...","og_url":"https:\/\/livonia.finance\/es\/descripcion-de-riesgos\/","og_site_name":"LIVONIA Finance - P2B investments","article_publisher":"https:\/\/www.facebook.com\/profile.php?id=100095344260318","article_modified_time":"2023-12-16T20:08:36+00:00","twitter_card":"summary_large_image","twitter_misc":{"Tiempo de lectura":"2 minutos"},"schema":{"@context":"https:\/\/schema.org","@graph":[{"@type":"WebPage","@id":"https:\/\/livonia.finance\/descprition-of-risks\/","url":"https:\/\/livonia.finance\/descprition-of-risks\/","name":"Descripci\u00f3n de riesgos - LIVONIA Finance - Inversiones P2B","isPartOf":{"@id":"https:\/\/livonia.finance\/#website"},"datePublished":"2023-08-10T12:37:16+00:00","dateModified":"2023-12-16T20:08:36+00:00","breadcrumb":{"@id":"https:\/\/livonia.finance\/descprition-of-risks\/#breadcrumb"},"inLanguage":"es","potentialAction":[{"@type":"ReadAction","target":["https:\/\/livonia.finance\/descprition-of-risks\/"]}]},{"@type":"BreadcrumbList","@id":"https:\/\/livonia.finance\/descprition-of-risks\/#breadcrumb","itemListElement":[{"@type":"ListItem","position":1,"name":"Home","item":"https:\/\/livonia.finance\/"},{"@type":"ListItem","position":2,"name":"Descprition of risks"}]},{"@type":"WebSite","@id":"https:\/\/livonia.finance\/#website","url":"https:\/\/livonia.finance\/","name":"LIVONIA Finance - Inversiones P2B","description":"Inversiones en pr\u00e9stamos P2B","publisher":{"@id":"https:\/\/livonia.finance\/#organization"},"potentialAction":[{"@type":"SearchAction","target":{"@type":"EntryPoint","urlTemplate":"https:\/\/livonia.finance\/?s={search_term_string}"},"query-input":{"@type":"PropertyValueSpecification","valueRequired":true,"valueName":"search_term_string"}}],"inLanguage":"es"},{"@type":"Organization","@id":"https:\/\/livonia.finance\/#organization","name":"LIVONIA Finance - Inversiones P2B","url":"https:\/\/livonia.finance\/","logo":{"@type":"ImageObject","inLanguage":"es","@id":"https:\/\/livonia.finance\/#\/schema\/logo\/image\/","url":"https:\/\/livonia.finance\/wp-content\/uploads\/2023\/07\/image-1.jpeg","contentUrl":"https:\/\/livonia.finance\/wp-content\/uploads\/2023\/07\/image-1.jpeg","width":512,"height":512,"caption":"LIVONIA Finance - P2B investments"},"image":{"@id":"https:\/\/livonia.finance\/#\/schema\/logo\/image\/"},"sameAs":["https:\/\/www.facebook.com\/profile.php?id=100095344260318"]}]}},"_links":{"self":[{"href":"https:\/\/livonia.finance\/es\/wp-json\/wp\/v2\/pages\/6188","targetHints":{"allow":["GET"]}}],"collection":[{"href":"https:\/\/livonia.finance\/es\/wp-json\/wp\/v2\/pages"}],"about":[{"href":"https:\/\/livonia.finance\/es\/wp-json\/wp\/v2\/types\/page"}],"author":[{"embeddable":true,"href":"https:\/\/livonia.finance\/es\/wp-json\/wp\/v2\/users\/236581218"}],"replies":[{"embeddable":true,"href":"https:\/\/livonia.finance\/es\/wp-json\/wp\/v2\/comments?post=6188"}],"version-history":[{"count":3,"href":"https:\/\/livonia.finance\/es\/wp-json\/wp\/v2\/pages\/6188\/revisions"}],"predecessor-version":[{"id":13232,"href":"https:\/\/livonia.finance\/es\/wp-json\/wp\/v2\/pages\/6188\/revisions\/13232"}],"wp:attachment":[{"href":"https:\/\/livonia.finance\/es\/wp-json\/wp\/v2\/media?parent=6188"}],"curies":[{"name":"wp","href":"https:\/\/api.w.org\/{rel}","templated":true}]}}