{"id":6185,"date":"2023-08-10T15:32:42","date_gmt":"2023-08-10T12:32:42","guid":{"rendered":"https:\/\/livonia.finance\/?page_id=6185"},"modified":"2025-05-31T10:42:06","modified_gmt":"2025-05-31T07:42:06","slug":"referral-programm","status":"publish","type":"page","link":"https:\/\/livonia.finance\/es\/programa-de-referencia\/","title":{"rendered":"Programa de referidos"},"content":{"rendered":"<div data-elementor-type=\"wp-page\" data-elementor-id=\"6185\" class=\"elementor elementor-6185\" data-elementor-post-type=\"page\">\n\t\t\t\t<div class=\"elementor-element elementor-element-1e133047 e-flex e-con-boxed e-con e-parent\" data-id=\"1e133047\" data-element_type=\"container\" data-e-type=\"container\">\n\t\t\t\t\t<div class=\"e-con-inner\">\n\t\t\t\t<div class=\"elementor-element elementor-element-7eee76df elementor-widget elementor-widget-text-editor\" data-id=\"7eee76df\" data-element_type=\"widget\" data-e-type=\"widget\" data-widget_type=\"text-editor.default\">\n\t\t\t\t<div class=\"elementor-widget-container\">\n\t\t\t\t\t\t\t\t\t<p><\/p>\n<p><\/p>\n<p><\/p>\n<p><strong>T\u00e9rminos y condiciones del programa de referidos de la plataforma Livonia<\/strong><\/p>\n<p><\/p>\n<p><\/p>\n<p><strong>En vigor: 1. Enero de 2024 - 31 de diciembre de 2025<\/strong><\/p>\n<p><\/p>\n<p><\/p>\n<p>Gracias por participar en el programa de referidos de la plataforma Livonia.<\/p>\n<p><\/p>\n<p><\/p>\n<p><strong>Duraci\u00f3n del programa:<\/strong><\/p>\n<p><\/p>\n<p><\/p>\n<p>El Programa de Referencia de Livonia es v\u00e1lido desde el 1 de enero de 2024 hasta el 31 de diciembre de 2025.<\/p>\n<p><\/p>\n<p><\/p>\n<p><strong>Elegibilidad de la participaci\u00f3n<\/strong><\/p>\n<p><\/p>\n<p><\/p>\n<p>Cualquier inversor verificado en la plataforma Livonia (denominado \"usuario\") puede participar en el programa de referidos en el intervalo temporal especificado.\nPara participar, el usuario debe generar un c\u00f3digo promocional \u00fanico desde su cuenta de Livonia.<\/p>\n<p><\/p>\n<p><\/p>\n<p><strong>Recompensa de referido:<\/strong><\/p>\n<p><\/p>\n<p><\/p>\n<p>Tanto el usuario como la persona referida se llevar\u00e1n una recompensa de 20 euros si la parte referida invierte al menos 300 euros en los primeros 60 d\u00edas desde su registro en Livonia.\n\nLa recompensa se pagar\u00e1 en EUR en un solo pago el d\u00eda siguiente del cumplimiento de todas las condiciones indicadas en estos T\u00e9rminos.<\/p>\n<p><\/p>\n<p><\/p>\n<p><strong>Impuestos en los bonus:<\/strong><\/p>\n<p><\/p>\n<p><\/p>\n<p>Solo se aplican y se deducen impuestos de los bonus a los inversores residentes en Letonia.\n\nLos no-residentes en Letonia son responsables de pagar sus impuestos de los bonus de acuerdo con las leyes de sus respectivos pa\u00edses.<\/p>\n<p><\/p>\n<p><\/p>\n<p><strong>Referidos ilimitados:<\/strong><\/p>\n<p><\/p>\n<p><\/p>\n<p>Los usuarios pueden referir una cantidad ilimitada de referidos, y recibir\u00e1n su recompensa por cada referido que cumpla las condiciones indicadas en este documento.<\/p>\n<p><\/p>\n<p><\/p>\n<p><strong>Uso del c\u00f3digo promocional:<\/strong><\/p>\n<p><\/p>\n<p><\/p>\n<p>Los usuarios pueden usar su c\u00f3digo promocional solo de acuerdo con los t\u00e9rminos y condiciones del programa de referidos.\nEl uso del c\u00f3digo promocional de formas que puedan ser consideradas practicas comerciales dudosas, como promociones de pago o uso con personas aleatorias est\u00e1 prohibido.\nCada c\u00f3digo promocional generado por Livonia es \u00fanico para cada usuario y no puede ser modificado.<\/p>\n<p><\/p>\n<p><\/p>\n<p><strong>Elegibilidad de las partes referidas:<\/strong><\/p>\n<p><\/p>\n<p><\/p>\n<p>Todas las partes referidas deben ser nuevos inversores verificados en Livonia y no deben tener ninguna cuenta pre-existente en la plataforma.\nLos usuarios tienen prohibido referirse a ellos mismos o crear cuentas con el prop\u00f3sito principal de coleccionar recompensas de referidos.\nLos usuarios que incumplan estos t\u00e9rminos ser\u00e1n descalificados del programa de referidos y no recibir\u00e1n su recompensa.<\/p>\n<p><\/p>\n<p><\/p>\n<p><strong>Notificaci\u00f3n de incumplimiento:<\/strong><\/p>\n<p><\/p>\n<p><\/p>\n<p>Si Livonia identifica el incumpliento de los t\u00e9rminos y condiciones del programa y notifica esto a un usuario, el usuario debe cesar autom\u00e1ticamente su participaci\u00f3n en el programa.<\/p>\n<p><\/p>\n<p><\/p>\n<p><strong>Leyes aplicables:<\/strong><\/p>\n<p><\/p>\n<p><\/p>\n<p>Las relaciones legales que surjan del Programa de Referencia se regir\u00e1n por los T\u00e9rminos y Condiciones publicados en Livonia en el momento en que la parte referida env\u00ede la Solicitud de Registro con el C\u00f3digo de Promoci\u00f3n en el campo \"ID de Comerciante\".<\/p>\n<p><\/p>\n<p><\/p>\n<p><strong>Cambios en los t\u00e9rminos:<\/strong><\/p>\n<p><\/p>\n<p><\/p>\n<p>Livonia se reserva el derecho a modificar unilateralmente o finalizar el programa de referidos sin notificar individualemente a cada usuario o parte referida.<\/p>\n<p><\/p>\n<p><\/p>\n<p>Actualizado el: 1 de enero de 2025<\/p>\n<p><\/p>\t\t\t\t\t\t\t\t<\/div>\n\t\t\t\t<\/div>\n\t\t\t\t\t<\/div>\n\t\t\t\t<\/div>\n\t\t\t\t<\/div>","protected":false},"excerpt":{"rendered":"<p>Livonia platform Friend Referral Program Terms and Conditions Effective: 1. January, 2024 \u2013 December 31, 2025 Thank you for participating in the Livonia platform Friend Referral Program. Please read these Terms and Conditions carefully before referring friends to ensure a clear understanding of the program guidelines. Program Duration: The Livonia Referral Program is valid from January 1, 2024, to December&#8230;<\/p>","protected":false},"author":236581218,"featured_media":0,"parent":0,"menu_order":0,"comment_status":"closed","ping_status":"closed","template":"","meta":{"_acf_changed":false,"_starter_page_template":"blank","_wpcom_template_layout_category":["about"],"footnotes":""},"class_list":["post-6185","page","type-page","status-publish","hentry"],"acf":[],"yoast_head":"<!-- This site is optimized with the Yoast SEO plugin v27.4 - https:\/\/yoast.com\/product\/yoast-seo-wordpress\/ -->\n<title>Referral programm - LIVONIA Finance - P2B investments<\/title>\n<meta name=\"robots\" content=\"index, follow, max-snippet:-1, max-image-preview:large, max-video-preview:-1\" \/>\n<link rel=\"canonical\" href=\"https:\/\/livonia.finance\/es\/programa-de-referencia\/\" \/>\n<meta property=\"og:locale\" content=\"es_ES\" \/>\n<meta property=\"og:type\" content=\"article\" \/>\n<meta property=\"og:title\" content=\"Referral programm - LIVONIA Finance - P2B investments\" \/>\n<meta property=\"og:description\" content=\"Livonia platform Friend Referral Program Terms and Conditions Effective: 1. January, 2024 \u2013 December 31, 2025 Thank you for participating in the Livonia platform Friend Referral Program. Please read these Terms and Conditions carefully before referring friends to ensure a clear understanding of the program guidelines. Program Duration: The Livonia Referral Program is valid from January 1, 2024, to December...\" \/>\n<meta property=\"og:url\" content=\"https:\/\/livonia.finance\/es\/programa-de-referencia\/\" \/>\n<meta property=\"og:site_name\" content=\"LIVONIA Finance - P2B investments\" \/>\n<meta property=\"article:publisher\" content=\"https:\/\/www.facebook.com\/profile.php?id=100095344260318\" \/>\n<meta property=\"article:modified_time\" content=\"2025-05-31T07:42:06+00:00\" \/>\n<meta name=\"twitter:card\" content=\"summary_large_image\" \/>\n<meta name=\"twitter:label1\" content=\"Tiempo de lectura\" \/>\n\t<meta name=\"twitter:data1\" content=\"2 minutos\" \/>\n<script type=\"application\/ld+json\" class=\"yoast-schema-graph\">{\"@context\":\"https:\\\/\\\/schema.org\",\"@graph\":[{\"@type\":\"WebPage\",\"@id\":\"https:\\\/\\\/livonia.finance\\\/referral-programm\\\/\",\"url\":\"https:\\\/\\\/livonia.finance\\\/referral-programm\\\/\",\"name\":\"Referral programm - LIVONIA Finance - P2B investments\",\"isPartOf\":{\"@id\":\"https:\\\/\\\/livonia.finance\\\/#website\"},\"datePublished\":\"2023-08-10T12:32:42+00:00\",\"dateModified\":\"2025-05-31T07:42:06+00:00\",\"breadcrumb\":{\"@id\":\"https:\\\/\\\/livonia.finance\\\/referral-programm\\\/#breadcrumb\"},\"inLanguage\":\"es\",\"potentialAction\":[{\"@type\":\"ReadAction\",\"target\":[\"https:\\\/\\\/livonia.finance\\\/referral-programm\\\/\"]}]},{\"@type\":\"BreadcrumbList\",\"@id\":\"https:\\\/\\\/livonia.finance\\\/referral-programm\\\/#breadcrumb\",\"itemListElement\":[{\"@type\":\"ListItem\",\"position\":1,\"name\":\"Home\",\"item\":\"https:\\\/\\\/livonia.finance\\\/\"},{\"@type\":\"ListItem\",\"position\":2,\"name\":\"Referral programm\"}]},{\"@type\":\"WebSite\",\"@id\":\"https:\\\/\\\/livonia.finance\\\/#website\",\"url\":\"https:\\\/\\\/livonia.finance\\\/\",\"name\":\"LIVONIA Finance - P2B investments\",\"description\":\"P2B lending investments\",\"publisher\":{\"@id\":\"https:\\\/\\\/livonia.finance\\\/#organization\"},\"potentialAction\":[{\"@type\":\"SearchAction\",\"target\":{\"@type\":\"EntryPoint\",\"urlTemplate\":\"https:\\\/\\\/livonia.finance\\\/?s={search_term_string}\"},\"query-input\":{\"@type\":\"PropertyValueSpecification\",\"valueRequired\":true,\"valueName\":\"search_term_string\"}}],\"inLanguage\":\"es\"},{\"@type\":\"Organization\",\"@id\":\"https:\\\/\\\/livonia.finance\\\/#organization\",\"name\":\"LIVONIA Finance - P2B investments\",\"url\":\"https:\\\/\\\/livonia.finance\\\/\",\"logo\":{\"@type\":\"ImageObject\",\"inLanguage\":\"es\",\"@id\":\"https:\\\/\\\/livonia.finance\\\/#\\\/schema\\\/logo\\\/image\\\/\",\"url\":\"https:\\\/\\\/livonia.finance\\\/wp-content\\\/uploads\\\/2023\\\/07\\\/image-1.jpeg\",\"contentUrl\":\"https:\\\/\\\/livonia.finance\\\/wp-content\\\/uploads\\\/2023\\\/07\\\/image-1.jpeg\",\"width\":512,\"height\":512,\"caption\":\"LIVONIA Finance - P2B investments\"},\"image\":{\"@id\":\"https:\\\/\\\/livonia.finance\\\/#\\\/schema\\\/logo\\\/image\\\/\"},\"sameAs\":[\"https:\\\/\\\/www.facebook.com\\\/profile.php?id=100095344260318\"]}]}<\/script>\n<!-- \/ Yoast SEO plugin. -->","yoast_head_json":{"title":"Programa de referencia - LIVONIA Finance - Inversiones P2B","robots":{"index":"index","follow":"follow","max-snippet":"max-snippet:-1","max-image-preview":"max-image-preview:large","max-video-preview":"max-video-preview:-1"},"canonical":"https:\/\/livonia.finance\/es\/programa-de-referencia\/","og_locale":"es_ES","og_type":"article","og_title":"Referral programm - LIVONIA Finance - P2B investments","og_description":"Livonia platform Friend Referral Program Terms and Conditions Effective: 1. January, 2024 \u2013 December 31, 2025 Thank you for participating in the Livonia platform Friend Referral Program. Please read these Terms and Conditions carefully before referring friends to ensure a clear understanding of the program guidelines. Program Duration: The Livonia Referral Program is valid from January 1, 2024, to December...","og_url":"https:\/\/livonia.finance\/es\/programa-de-referencia\/","og_site_name":"LIVONIA Finance - P2B investments","article_publisher":"https:\/\/www.facebook.com\/profile.php?id=100095344260318","article_modified_time":"2025-05-31T07:42:06+00:00","twitter_card":"summary_large_image","twitter_misc":{"Tiempo de lectura":"2 minutos"},"schema":{"@context":"https:\/\/schema.org","@graph":[{"@type":"WebPage","@id":"https:\/\/livonia.finance\/referral-programm\/","url":"https:\/\/livonia.finance\/referral-programm\/","name":"Programa de referencia - LIVONIA Finance - Inversiones P2B","isPartOf":{"@id":"https:\/\/livonia.finance\/#website"},"datePublished":"2023-08-10T12:32:42+00:00","dateModified":"2025-05-31T07:42:06+00:00","breadcrumb":{"@id":"https:\/\/livonia.finance\/referral-programm\/#breadcrumb"},"inLanguage":"es","potentialAction":[{"@type":"ReadAction","target":["https:\/\/livonia.finance\/referral-programm\/"]}]},{"@type":"BreadcrumbList","@id":"https:\/\/livonia.finance\/referral-programm\/#breadcrumb","itemListElement":[{"@type":"ListItem","position":1,"name":"Home","item":"https:\/\/livonia.finance\/"},{"@type":"ListItem","position":2,"name":"Referral programm"}]},{"@type":"WebSite","@id":"https:\/\/livonia.finance\/#website","url":"https:\/\/livonia.finance\/","name":"LIVONIA Finance - Inversiones P2B","description":"Inversiones en pr\u00e9stamos P2B","publisher":{"@id":"https:\/\/livonia.finance\/#organization"},"potentialAction":[{"@type":"SearchAction","target":{"@type":"EntryPoint","urlTemplate":"https:\/\/livonia.finance\/?s={search_term_string}"},"query-input":{"@type":"PropertyValueSpecification","valueRequired":true,"valueName":"search_term_string"}}],"inLanguage":"es"},{"@type":"Organization","@id":"https:\/\/livonia.finance\/#organization","name":"LIVONIA Finance - Inversiones P2B","url":"https:\/\/livonia.finance\/","logo":{"@type":"ImageObject","inLanguage":"es","@id":"https:\/\/livonia.finance\/#\/schema\/logo\/image\/","url":"https:\/\/livonia.finance\/wp-content\/uploads\/2023\/07\/image-1.jpeg","contentUrl":"https:\/\/livonia.finance\/wp-content\/uploads\/2023\/07\/image-1.jpeg","width":512,"height":512,"caption":"LIVONIA Finance - P2B investments"},"image":{"@id":"https:\/\/livonia.finance\/#\/schema\/logo\/image\/"},"sameAs":["https:\/\/www.facebook.com\/profile.php?id=100095344260318"]}]}},"_links":{"self":[{"href":"https:\/\/livonia.finance\/es\/wp-json\/wp\/v2\/pages\/6185","targetHints":{"allow":["GET"]}}],"collection":[{"href":"https:\/\/livonia.finance\/es\/wp-json\/wp\/v2\/pages"}],"about":[{"href":"https:\/\/livonia.finance\/es\/wp-json\/wp\/v2\/types\/page"}],"author":[{"embeddable":true,"href":"https:\/\/livonia.finance\/es\/wp-json\/wp\/v2\/users\/236581218"}],"replies":[{"embeddable":true,"href":"https:\/\/livonia.finance\/es\/wp-json\/wp\/v2\/comments?post=6185"}],"version-history":[{"count":23,"href":"https:\/\/livonia.finance\/es\/wp-json\/wp\/v2\/pages\/6185\/revisions"}],"predecessor-version":[{"id":14219,"href":"https:\/\/livonia.finance\/es\/wp-json\/wp\/v2\/pages\/6185\/revisions\/14219"}],"wp:attachment":[{"href":"https:\/\/livonia.finance\/es\/wp-json\/wp\/v2\/media?parent=6185"}],"curies":[{"name":"wp","href":"https:\/\/api.w.org\/{rel}","templated":true}]}}