{"id":6175,"date":"2023-08-10T14:47:09","date_gmt":"2023-08-10T11:47:09","guid":{"rendered":"https:\/\/livonia.finance\/?page_id=6175"},"modified":"2024-01-16T15:00:01","modified_gmt":"2024-01-16T13:00:01","slug":"cookies-policy","status":"publish","type":"page","link":"https:\/\/livonia.finance\/es\/politica-de-cookies\/","title":{"rendered":"Pol?tica de cookies"},"content":{"rendered":"<p><\/p>\n\n\n\n<p><\/p>\n\n\n\n<p><strong>Pol\u00edtica de cookies de la plataforma Livonia.<\/strong><br>Nuestro sitio web (https:\/\/www.livonia.finance) utiliza cookies y tecnolog\u00edas de seguimiento similares para mejorar su experiencia de navegaci\u00f3n y ofrecerle servicios personalizados. Esta Pol\u00edtica de Cookies explica c\u00f3mo utilizamos las cookies y por qu\u00e9, garantizando la transparencia en la forma en que recopilamos y utilizamos los datos a trav\u00e9s de estas tecnolog\u00edas.<\/p>\n\n\n\n<p><strong>\u00bfQu\u00e9 es la pol\u00edtica de cookies?<\/strong><br>La pol\u00c3tica de cookies explica c\u00c3\u00b3mo un sitio web o servicio en l\u00c3nea utiliza las cookies y otras tecnolog\u00c3as de seguimiento similares. Una pol\u00c3tica de cookies, tambi\u00c3\u00a9n conocida como pol\u00c3tica de cookies, es un documento o declaraci\u00c3\u00b3n que forma parte esencial de la pol\u00c3tica de privacidad de un sitio web y que proporciona transparencia a los usuarios sobre los datos recopilados y almacenados a trav\u00c3\u00a9s de las cookies y sobre c\u00c3\u00b3mo se utilizan dichos datos.<\/p>\n\n\n\n<p>Las cookies son peque\u00c3\u00b1os archivos de texto que se almacenan en el dispositivo del usuario cuando visita un sitio web. Estos archivos contienen datos que permiten al sitio web recordar cierta informaci\u00c3\u00b3n sobre el usuario, como sus preferencias, credenciales de acceso y comportamiento de navegaci\u00c3\u00b3n. Las cookies pueden ser de origen (instaladas por el dominio del sitio web que est\u00c3\u00a1 visitando) o de terceros (instaladas por un dominio distinto del que est\u00c3\u00a1 visitando).<\/p>\n\n\n\n<p>El prop\u00f3sito de una pol\u00edtica de cookies es informar a los usuarios sobre sus derechos de privacidad, proporcionarles la informaci\u00f3n necesaria para tomar decisiones informadas sobre el uso de cookies y garantizar el cumplimiento de las leyes y reglamentos de privacidad pertinentes, como el Reglamento General de Protecci\u00f3n de Datos (RGPD) de la Uni\u00f3n Europea. Al ser transparentes sobre el uso de cookies y obtener el consentimiento del usuario cuando sea necesario, los sitios web pueden generar confianza con sus usuarios y demostrar su compromiso con el respeto a la privacidad del usuario.<\/p>\n\n\n\n<p><strong>Uso de cookies<\/strong><\/p>\n\n\n\n<p>Recordar las preferencias del usuario: Las cookies permiten a los sitios web recordar las preferencias y configuraciones del usuario, como las preferencias de idioma, las preferencias de dise\u00c3\u00b1o y las personalizaciones. De este modo, los usuarios no tienen que reconfigurar sus ajustes cada vez que visitan el sitio.<\/p>\n\n\n\n<p>Autenticaci\u00f3n y seguridad: Las cookies se utilizan a menudo para gestionar las sesiones de inicio de sesi\u00f3n de los usuarios. Ayudan a los sitios web a reconocer a los usuarios que han iniciado sesi\u00f3n, lo que permite una navegaci\u00f3n fluida sin necesidad de que los usuarios tengan que volver a introducir sus credenciales repetidamente. Las cookies tambi\u00c3\u00a9n contribuyen a las medidas de seguridad al garantizar que el acceso de los usuarios a contenidos o funciones espec\u00c3ficos est\u00c3\u00a1 autorizado.<\/p>\n\n\n\n<p>Personalizaci\u00c3\u00b3n: Las cookies permiten ofrecer contenidos personalizados, como recomendaciones a medida basadas en el historial de navegaci\u00c3\u00b3n o los intereses del usuario. Esta personalizaci\u00c3\u00b3n mejora la experiencia del usuario y mantiene su inter\u00c3\u00a9s por el sitio web.<\/p>\n\n\n\n<p>An\u00e1lisis y rendimiento: Las cookies se utilizan para recopilar datos sobre el uso del sitio web, como el n\u00famero de visitantes, las p\u00e1ginas visitadas y la duraci\u00f3n de las visitas. Esta informaci\u00f3n es crucial para que los propietarios y administradores de sitios web analicen el rendimiento del sitio y tomen decisiones basadas en datos para mejorarlo.<\/p>\n\n\n\n<p>Publicidad y marketing: Las cookies se utilizan para la publicidad dirigida, mostrando anuncios que son m\u00e1s relevantes para los usuarios en funci\u00f3n de sus intereses y comportamiento en l\u00ednea. Los anunciantes utilizan cookies para rastrear a los usuarios en diferentes sitios web y ofrecer anuncios personalizados.<\/p>\n\n\n\n<p>Comercio electr\u00f3nico: Las cookies se utilizan com\u00fanmente en plataformas de comercio electr\u00f3nico para rastrear el contenido del carrito de compras, recordar las preferencias del usuario en la selecci\u00f3n de productos y proporcionar un proceso de pago sin problemas.<\/p>\n\n\n\n<p>Seguimiento y medici\u00c3\u00b3n de conversiones: Las cookies desempe\u00c3\u00b1an un papel importante en el seguimiento de la eficacia de las campa\u00c3\u00b1as de marketing online y en la medici\u00c3\u00b3n de las conversiones. Esto ayuda a los profesionales del marketing a comprender qu\u00c3\u00a9 campa\u00c3\u00b1as o canales consiguen una mayor participaci\u00c3\u00b3n de los usuarios y m\u00c3\u00a1s conversiones.<\/p>\n\n\n\n<p>Integraci\u00f3n en redes sociales: Los plugins de redes sociales de los sitios web suelen utilizar cookies para habilitar funciones de interacci\u00f3n y uso compartido en redes sociales, lo que permite a los usuarios compartir contenidos con sus cuentas de redes sociales sin problemas.<\/p>\n\n\n\n<p>Es importante tener en cuenta que, aunque las cookies ofrecen varias ventajas tanto a los propietarios de los sitios web como a los usuarios, tambi\u00c3\u00a9n hay consideraciones relativas a la privacidad. A algunos usuarios puede preocuparles la privacidad de los datos y la posibilidad de que se rastreen sus actividades en l\u00c3nea. Para responder a estas preocupaciones, los sitios web suelen incluir una pol\u00c3tica de cookies que explica c\u00c3\u00b3mo se utilizan y obtienen el consentimiento del usuario cuando as\u00c3 lo exige la normativa sobre privacidad. Este proceso de transparencia y b\u00fasqueda del consentimiento pretende dar a los usuarios el control sobre sus datos y garantizar un equilibrio entre las experiencias personalizadas y la privacidad del usuario.<\/p>\n\n\n\n<p>Actualizado el 21.07.2023<br>Plataforma de Livonia<\/p>","protected":false},"excerpt":{"rendered":"<p>Pol\u00edtica de cookies de la plataforma Livonia.Nuestro sitio web (https:\/\/www.livonia.finance) utiliza cookies y tecnolog\u00edas de seguimiento similares para mejorar su experiencia de navegaci\u00f3n y ofrecerle servicios personalizados. Esta pol\u00c3tica de cookies explica c\u00c3\u00b3mo utilizamos las cookies y por qu\u00c3\u00a9, garantizando la transparencia en la forma en que recopilamos y utilizamos los datos a trav\u00c3\u00a9s de estas tecnolog\u00c3as. \u00c2\u00bfQu\u00c3\u00a9 son las cookies y la pol\u00c3tica de cookies?La pol\u00c3tica de cookies explica c\u00c3\u00b3mo un sitio web o servicio en l\u00c3nea utiliza las cookies\u00e2\u00a6<\/p>","protected":false},"author":236581218,"featured_media":0,"parent":0,"menu_order":0,"comment_status":"closed","ping_status":"closed","template":"","meta":{"_acf_changed":false,"_starter_page_template":"blank","_wpcom_template_layout_category":["about"],"footnotes":""},"class_list":["post-6175","page","type-page","status-publish","hentry"],"acf":[],"yoast_head":"<!-- This site is optimized with the Yoast SEO plugin v27.4 - https:\/\/yoast.com\/product\/yoast-seo-wordpress\/ -->\n<title>Cookies policy - LIVONIA Finance - P2B investments<\/title>\n<meta name=\"robots\" content=\"index, follow, max-snippet:-1, max-image-preview:large, max-video-preview:-1\" \/>\n<link rel=\"canonical\" href=\"https:\/\/livonia.finance\/es\/politica-de-cookies\/\" \/>\n<meta property=\"og:locale\" content=\"es_ES\" \/>\n<meta property=\"og:type\" content=\"article\" \/>\n<meta property=\"og:title\" content=\"Cookies policy - LIVONIA Finance - P2B investments\" \/>\n<meta property=\"og:description\" content=\"\" \/>\n<meta property=\"og:url\" content=\"https:\/\/livonia.finance\/es\/politica-de-cookies\/\" \/>\n<meta property=\"og:site_name\" content=\"LIVONIA Finance - P2B investments\" \/>\n<meta property=\"article:publisher\" content=\"https:\/\/www.facebook.com\/profile.php?id=100095344260318\" \/>\n<meta property=\"article:modified_time\" content=\"2024-01-16T13:00:01+00:00\" \/>\n<meta name=\"twitter:card\" content=\"summary_large_image\" \/>\n<meta name=\"twitter:label1\" content=\"Tiempo de lectura\" \/>\n\t<meta name=\"twitter:data1\" content=\"3 minutos\" \/>\n<script type=\"application\/ld+json\" class=\"yoast-schema-graph\">{\"@context\":\"https:\\\/\\\/schema.org\",\"@graph\":[{\"@type\":\"WebPage\",\"@id\":\"https:\\\/\\\/livonia.finance\\\/cookies-policy\\\/\",\"url\":\"https:\\\/\\\/livonia.finance\\\/cookies-policy\\\/\",\"name\":\"Cookies policy - LIVONIA Finance - P2B investments\",\"isPartOf\":{\"@id\":\"https:\\\/\\\/livonia.finance\\\/#website\"},\"datePublished\":\"2023-08-10T11:47:09+00:00\",\"dateModified\":\"2024-01-16T13:00:01+00:00\",\"breadcrumb\":{\"@id\":\"https:\\\/\\\/livonia.finance\\\/cookies-policy\\\/#breadcrumb\"},\"inLanguage\":\"es\",\"potentialAction\":[{\"@type\":\"ReadAction\",\"target\":[\"https:\\\/\\\/livonia.finance\\\/cookies-policy\\\/\"]}]},{\"@type\":\"BreadcrumbList\",\"@id\":\"https:\\\/\\\/livonia.finance\\\/cookies-policy\\\/#breadcrumb\",\"itemListElement\":[{\"@type\":\"ListItem\",\"position\":1,\"name\":\"Home\",\"item\":\"https:\\\/\\\/livonia.finance\\\/\"},{\"@type\":\"ListItem\",\"position\":2,\"name\":\"Cookies policy\"}]},{\"@type\":\"WebSite\",\"@id\":\"https:\\\/\\\/livonia.finance\\\/#website\",\"url\":\"https:\\\/\\\/livonia.finance\\\/\",\"name\":\"LIVONIA Finance - P2B investments\",\"description\":\"P2B lending investments\",\"publisher\":{\"@id\":\"https:\\\/\\\/livonia.finance\\\/#organization\"},\"potentialAction\":[{\"@type\":\"SearchAction\",\"target\":{\"@type\":\"EntryPoint\",\"urlTemplate\":\"https:\\\/\\\/livonia.finance\\\/?s={search_term_string}\"},\"query-input\":{\"@type\":\"PropertyValueSpecification\",\"valueRequired\":true,\"valueName\":\"search_term_string\"}}],\"inLanguage\":\"es\"},{\"@type\":\"Organization\",\"@id\":\"https:\\\/\\\/livonia.finance\\\/#organization\",\"name\":\"LIVONIA Finance - P2B investments\",\"url\":\"https:\\\/\\\/livonia.finance\\\/\",\"logo\":{\"@type\":\"ImageObject\",\"inLanguage\":\"es\",\"@id\":\"https:\\\/\\\/livonia.finance\\\/#\\\/schema\\\/logo\\\/image\\\/\",\"url\":\"https:\\\/\\\/livonia.finance\\\/wp-content\\\/uploads\\\/2023\\\/07\\\/image-1.jpeg\",\"contentUrl\":\"https:\\\/\\\/livonia.finance\\\/wp-content\\\/uploads\\\/2023\\\/07\\\/image-1.jpeg\",\"width\":512,\"height\":512,\"caption\":\"LIVONIA Finance - P2B investments\"},\"image\":{\"@id\":\"https:\\\/\\\/livonia.finance\\\/#\\\/schema\\\/logo\\\/image\\\/\"},\"sameAs\":[\"https:\\\/\\\/www.facebook.com\\\/profile.php?id=100095344260318\"]}]}<\/script>\n<!-- \/ Yoast SEO plugin. -->","yoast_head_json":{"title":"Pol\u00edtica de cookies - LIVONIA Finance - Inversiones P2B","robots":{"index":"index","follow":"follow","max-snippet":"max-snippet:-1","max-image-preview":"max-image-preview:large","max-video-preview":"max-video-preview:-1"},"canonical":"https:\/\/livonia.finance\/es\/politica-de-cookies\/","og_locale":"es_ES","og_type":"article","og_title":"Cookies policy - LIVONIA Finance - P2B investments","og_description":"Cookies policy of Livonia platform.Our website (https:\/\/www.livonia.finance) uses cookies and similar tracking technologies to enhance your browsing experience and provide personalized services. This Cookies Policy explains how we use cookies and why, ensuring transparency in how we collect and utilize data through these technologies. What is the cookies and cookies policy?Cookie policy?explains how a website or online service uses cookies...","og_url":"https:\/\/livonia.finance\/es\/politica-de-cookies\/","og_site_name":"LIVONIA Finance - P2B investments","article_publisher":"https:\/\/www.facebook.com\/profile.php?id=100095344260318","article_modified_time":"2024-01-16T13:00:01+00:00","twitter_card":"summary_large_image","twitter_misc":{"Tiempo de lectura":"3 minutos"},"schema":{"@context":"https:\/\/schema.org","@graph":[{"@type":"WebPage","@id":"https:\/\/livonia.finance\/cookies-policy\/","url":"https:\/\/livonia.finance\/cookies-policy\/","name":"Pol\u00edtica de cookies - LIVONIA Finance - Inversiones P2B","isPartOf":{"@id":"https:\/\/livonia.finance\/#website"},"datePublished":"2023-08-10T11:47:09+00:00","dateModified":"2024-01-16T13:00:01+00:00","breadcrumb":{"@id":"https:\/\/livonia.finance\/cookies-policy\/#breadcrumb"},"inLanguage":"es","potentialAction":[{"@type":"ReadAction","target":["https:\/\/livonia.finance\/cookies-policy\/"]}]},{"@type":"BreadcrumbList","@id":"https:\/\/livonia.finance\/cookies-policy\/#breadcrumb","itemListElement":[{"@type":"ListItem","position":1,"name":"Home","item":"https:\/\/livonia.finance\/"},{"@type":"ListItem","position":2,"name":"Cookies policy"}]},{"@type":"WebSite","@id":"https:\/\/livonia.finance\/#website","url":"https:\/\/livonia.finance\/","name":"LIVONIA Finance - Inversiones P2B","description":"Inversiones en pr\u00e9stamos P2B","publisher":{"@id":"https:\/\/livonia.finance\/#organization"},"potentialAction":[{"@type":"SearchAction","target":{"@type":"EntryPoint","urlTemplate":"https:\/\/livonia.finance\/?s={search_term_string}"},"query-input":{"@type":"PropertyValueSpecification","valueRequired":true,"valueName":"search_term_string"}}],"inLanguage":"es"},{"@type":"Organization","@id":"https:\/\/livonia.finance\/#organization","name":"LIVONIA Finance - Inversiones P2B","url":"https:\/\/livonia.finance\/","logo":{"@type":"ImageObject","inLanguage":"es","@id":"https:\/\/livonia.finance\/#\/schema\/logo\/image\/","url":"https:\/\/livonia.finance\/wp-content\/uploads\/2023\/07\/image-1.jpeg","contentUrl":"https:\/\/livonia.finance\/wp-content\/uploads\/2023\/07\/image-1.jpeg","width":512,"height":512,"caption":"LIVONIA Finance - P2B investments"},"image":{"@id":"https:\/\/livonia.finance\/#\/schema\/logo\/image\/"},"sameAs":["https:\/\/www.facebook.com\/profile.php?id=100095344260318"]}]}},"_links":{"self":[{"href":"https:\/\/livonia.finance\/es\/wp-json\/wp\/v2\/pages\/6175","targetHints":{"allow":["GET"]}}],"collection":[{"href":"https:\/\/livonia.finance\/es\/wp-json\/wp\/v2\/pages"}],"about":[{"href":"https:\/\/livonia.finance\/es\/wp-json\/wp\/v2\/types\/page"}],"author":[{"embeddable":true,"href":"https:\/\/livonia.finance\/es\/wp-json\/wp\/v2\/users\/236581218"}],"replies":[{"embeddable":true,"href":"https:\/\/livonia.finance\/es\/wp-json\/wp\/v2\/comments?post=6175"}],"version-history":[{"count":3,"href":"https:\/\/livonia.finance\/es\/wp-json\/wp\/v2\/pages\/6175\/revisions"}],"predecessor-version":[{"id":13664,"href":"https:\/\/livonia.finance\/es\/wp-json\/wp\/v2\/pages\/6175\/revisions\/13664"}],"wp:attachment":[{"href":"https:\/\/livonia.finance\/es\/wp-json\/wp\/v2\/media?parent=6175"}],"curies":[{"name":"wp","href":"https:\/\/api.w.org\/{rel}","templated":true}]}}