{"id":357,"date":"2017-07-12T06:40:08","date_gmt":"2017-07-12T06:40:08","guid":{"rendered":"http:\/\/demo.zozothemes.com\/gosolar\/?page_id=357"},"modified":"2024-10-09T11:47:47","modified_gmt":"2024-10-09T08:47:47","slug":"faq","status":"publish","type":"page","link":"https:\/\/livonia.finance\/es\/faq\/","title":{"rendered":"Preguntas frecuentes"},"content":{"rendered":"<section class=\"wpb-content-wrapper\">\t\t<div data-elementor-type=\"wp-page\" data-elementor-id=\"357\" class=\"elementor elementor-357\" data-elementor-post-type=\"page\">\n\t\t\t\t<div class=\"elementor-element elementor-element-31c09208 e-flex e-con-boxed e-con e-parent\" data-id=\"31c09208\" data-element_type=\"container\" data-e-type=\"container\">\n\t\t\t\t\t<div class=\"e-con-inner\">\n\t\t\t\t<div class=\"elementor-element elementor-element-55847d8a elementor-widget elementor-widget-text-editor\" data-id=\"55847d8a\" data-element_type=\"widget\" data-e-type=\"widget\" data-widget_type=\"text-editor.default\">\n\t\t\t\t<div class=\"elementor-widget-container\">\n\t\t\t\t\t\t\t\t\t<section class=\"vc_row wpb_row vc_row-fluid vc_custom_1498627936379 vc-zozo-section typo-default\"><div class=\"zozo-vc-main-row-inner vc-normal-section\"><div class=\"container\"><div class=\"row\"><div class=\"section-spacing-1024 wpb_column vc_main_column vc_column_container vc_col-sm-12 vc_col-lg-6 vc_col-md-12 typo-default\"><div class=\"vc_column-inner\"><div class=\"wpb_wrapper\"><div  class=\"vc_toggle vc_toggle_square vc_toggle_color_default vc_toggle_color_inverted vc_toggle_size_md\"><div class=\"vc_toggle_title\"><h4>\u00bfQu\u00e9 es Livonia?<\/h4><i class=\"vc_toggle_icon\"><\/i><\/div><div class=\"vc_toggle_content\"><p>Livonia es una plataforma de crowdfunding P2B donde los inversores pueden invertir en diferentes pr\u00e9stamos empresariales y proyectos inmobiliarios respaldados por hipotecas de primer rango, terrenos, maquinaria pesada u otros activos o propiedades\nTodos los pr\u00e9stamos en Livonia est\u00e1n asegurados con colateral.<\/p>\n<\/div><\/div><div  class=\"vc_toggle vc_toggle_square vc_toggle_color_default vc_toggle_color_inverted vc_toggle_size_md\"><div class=\"vc_toggle_title\"><h4>\u00bfEst\u00e1 Livonia regulada en Letonia?<\/h4><i class=\"vc_toggle_icon\"><\/i><\/div><div class=\"vc_toggle_content\"><p>La plataforma Livonia no tiene que estar regulada porque la plataforma Livonia es una unidad estructural registrada en el IRS de Letonia (Servicio de Impuestos Internos) y es la misma entidad legal que el originador de pr\u00e9stamos LA LETTLAND, c\u00f3digo de registro 40203459329. La plataforma Livonia hace todo lo relacionado con los requisitos KYC y AML.<\/p>\n<\/div><\/div><div  class=\"vc_toggle vc_toggle_square vc_toggle_color_default vc_toggle_color_inverted vc_toggle_size_md\"><div class=\"vc_toggle_title\"><h4>\u00bfC\u00f3mo selecciona Livonia los Originadores que participan en las inversiones?<\/h4><i class=\"vc_toggle_icon\"><\/i><\/div><div class=\"vc_toggle_content\"><p>En la plataforma Livonia solo operan 2-3 Originadores parte todos del Grupo Zs Kazeri,<\/p>\n<\/div><\/div><div  class=\"vc_toggle vc_toggle_square vc_toggle_color_default vc_toggle_color_inverted vc_toggle_size_md\"><div class=\"vc_toggle_title\"><h4>\u00bfQu\u00e9 tipo de programa de bonificaci\u00f3n hay en Livonia?<\/h4><i class=\"vc_toggle_icon\"><\/i><\/div><div class=\"vc_toggle_content\"><p>Puedes obtener hasta 1.2% de recompensa dependiendo de la cantidad de tus inversiones y no olvides invitar a un amigo y ambos obtendr\u00e9is una bonificaci\u00f3n de 20? cada uno despu\u00e9s de invertir al menos 300 euros m\u00e1s de 60 d\u00edas cada uno. Puedes referir a un amigo tantas veces como quieras y conseguir bonus.<\/p>\n<p>Y la segunda oferta para los nuevos inversores tenemos una membres\u00eda de plata, bronce y oro. Membres\u00eda de bronce obtendr\u00e1 bonificaci\u00f3n de inter\u00e9s adicional 0.4% de sus inversiones m\u00e1s despu\u00e9s de invertir 90 d\u00edas si su cartera de inversiones ser\u00e1 m\u00e1s de 5k, membres\u00eda de plata le ofrecer\u00e1 bonificaci\u00f3n de ?0.8 % m\u00e1s de sus inversiones, si la cartera de inversiones ser\u00e1 m\u00e1s de 10k despu\u00e9s de 90 d\u00edas, y la membres\u00eda de oro le dar\u00e1 1.2% m\u00e1s de sus inversiones si su cartera de inversiones ser\u00e1 m\u00e1s de 20k. La membres\u00eda platino le dar\u00e1 0.3% m\u00e1s de inter\u00e9s lo que en conjunto hace 1.5 % todas las membres\u00edas juntas contadas si el inversor ha invertido al menos 40k euros.<\/p>\n<p>La tercera oferta es que si el nuevo inversor se registra por primera vez en la plataforma, el\/ella autom\u00e1ticamente obtiene un 0,5% m\u00e1s de inter\u00e9s para todas sus inversiones los 90 primeros d\u00edas.<\/p>\n<\/div><\/div><div  class=\"vc_toggle vc_toggle_square vc_toggle_color_default vc_toggle_color_inverted vc_toggle_size_md\"><div class=\"vc_toggle_title\"><h4>\u00bfC\u00f3mo de r\u00e1pido se acreditan los dep\u00f3sitos en mi cuenta de Livonia?<\/h4><i class=\"vc_toggle_icon\"><\/i><\/div><div class=\"vc_toggle_content\"><p>Por favor ten en cuenta que los fondos pueden tardar hasta 2 d\u00edas laborables en llegar a tu cuenta de Livonia.<\/p>\n<p>Si no puede ver el ingreso en su cuenta en un plazo de 2 d\u00edas laborables, p\u00f3ngase en contacto con nuestro servicio de atenci\u00f3n al cliente con una copia de una transferencia bancaria.<\/p>\n<p>Nuestro email es <a href=\"mailto:info@livonia.finance\">info@livonia.finance<\/a><\/p>\n<\/div><\/div><div  class=\"vc_toggle vc_toggle_square vc_toggle_color_default vc_toggle_color_inverted vc_toggle_size_md\"><div class=\"vc_toggle_title\"><h4>\u00bfQu\u00e9 divisas aceptamos en la cuenta de Livonia?<\/h4><i class=\"vc_toggle_icon\"><\/i><\/div><div class=\"vc_toggle_content\"><p>Aceptamos euros y d\u00f3lares americanos.\nLos fondos pueden ser tranferidos mediante transferencia bancaria manual o \"Stripe\".<\/p>\n<\/div><\/div><div  class=\"vc_toggle vc_toggle_square vc_toggle_color_default vc_toggle_color_inverted vc_toggle_size_md\"><div class=\"vc_toggle_title\"><h4>\u00bfPuede un inversor a\u00f1adir una cuenta bancaria diferente en Livonia?<\/h4><i class=\"vc_toggle_icon\"><\/i><\/div><div class=\"vc_toggle_content\"><p>S\u00ed, puedes a\u00f1adir una cuenta bancaria diferente, solo necesitas realizar un pago de al menos 0,01 euros a Livonia desde la misma para a\u00f1adirla.<\/p>\n<\/div><\/div><div  class=\"vc_toggle vc_toggle_square vc_toggle_color_default vc_toggle_color_inverted vc_toggle_size_md\"><div class=\"vc_toggle_title\"><h4>\u00bfHay alg\u00fan tipo de comisi\u00f3n por depositar dinero en Livonia?<\/h4><i class=\"vc_toggle_icon\"><\/i><\/div><div class=\"vc_toggle_content\"><p>No, no hay ning\u00fan tipo de comisi\u00f3n por dep\u00f3sito.\nY las retiradas son tambi\u00e9n gratuitas.<\/p>\n<\/div><\/div><div  class=\"vc_toggle vc_toggle_square vc_toggle_color_default vc_toggle_color_inverted vc_toggle_size_md\"><div class=\"vc_toggle_title\"><h4>\u00bfHay alg\u00fan l\u00edmite para las retiradas?<\/h4><i class=\"vc_toggle_icon\"><\/i><\/div><div class=\"vc_toggle_content\"><p>El l\u00edmite m\u00e1ximo por retirada en Livonia es de 15.000 euros (si necesitas transferir una cantidad mayor, puedes realizar m\u00faltiples transacciones).<\/p>\n<\/div><\/div><\/div><\/div><\/div><\/div><\/div><\/div><\/section>\t\r\n\r\n\r\n\t<section class=\"vc_row wpb_row vc_row-fluid vc_custom_1498627936379 vc-zozo-section typo-default\"><div class=\"zozo-vc-main-row-inner vc-normal-section\"><div class=\"container\"><div class=\"row\"><div class=\"section-spacing-1024 wpb_column vc_main_column vc_column_container vc_col-sm-12 vc_col-lg-6 vc_col-md-12 typo-default\"><div class=\"vc_column-inner\"><div class=\"wpb_wrapper\"><div  class=\"vc_toggle vc_toggle_square vc_toggle_color_default vc_toggle_color_inverted vc_toggle_size_md\"><div class=\"vc_toggle_title\"><h4>\u00bfEst\u00e1n todos los pr\u00e9stamos en Livonia respaldados por colateral o hipotecas?<\/h4><i class=\"vc_toggle_icon\"><\/i><\/div><div class=\"vc_toggle_content\"><p>S\u00ed, todos los pr\u00e9stamos en Livonia est\u00e1n asegurados por hipoteca de primer rango o un colateral diferente como maquinaria pesada, terrenos, etc.<\/p>\n<\/div><\/div><div  class=\"vc_toggle vc_toggle_square vc_toggle_color_default vc_toggle_color_inverted vc_toggle_size_md\"><div class=\"vc_toggle_title\"><h4>\u00bfC\u00f3mo de r\u00e1pido recibir\u00e9 mi retirada?<\/h4><i class=\"vc_toggle_icon\"><\/i><\/div><div class=\"vc_toggle_content\"><p>Las retiradas solo tardan un m\u00e1ximo de 2 d\u00edas laborables, dependiendo tambi\u00e9n del proveedor de servicios bancarios.<\/p>\n<\/div><\/div><div  class=\"vc_toggle vc_toggle_square vc_toggle_color_default vc_toggle_color_inverted vc_toggle_size_md\"><div class=\"vc_toggle_title\"><h4>\u00bfQu\u00e9 documentos pueden usarse para la verificaci\u00f3n personal?<\/h4><i class=\"vc_toggle_icon\"><\/i><\/div><div class=\"vc_toggle_content\"><p>Los \u00fanicos documentos aceptados para la verificaci\u00f3n son el pasaporte o el DNI.<\/p>\n<\/div><\/div><div  class=\"vc_toggle vc_toggle_square vc_toggle_color_default vc_toggle_color_inverted vc_toggle_size_md\"><div class=\"vc_toggle_title\"><h4>\u00bfC\u00f3mo puedo editar mis datos de contacto?<\/h4><i class=\"vc_toggle_icon\"><\/i><\/div><div class=\"vc_toggle_content\"><p>Solo puedes editar tu direcci\u00f3n en la pesta\u00f1a de configuraci\u00f3n, si alguno de los otros detalles de contacto ha cambiado, por favor env\u00eda una petici\u00f3n v\u00eda email.<\/p>\n<\/div><\/div><div  class=\"vc_toggle vc_toggle_square vc_toggle_color_default vc_toggle_color_inverted vc_toggle_size_md\"><div class=\"vc_toggle_title\"><h4>\u00bfQu\u00e9 es la garant\u00eda de recompra y c\u00f3mo afecta a los pr\u00e9stamos?<\/h4><i class=\"vc_toggle_icon\"><\/i><\/div><div class=\"vc_toggle_content\"><p>En Livonia algunos de los pr\u00e9stamos ser\u00e1 garant\u00eda de recompra, ... esto significa que si el pr\u00e9stamo se retrasa m\u00e1s de 60 d\u00edas, a continuaci\u00f3n, originador del pr\u00e9stamo se recompra su pr\u00e9stamo y pagar a los inversores su dinero principal de vuelta con los intereses devengados. Y otros pr\u00e9stamos lo que no ser\u00e1 una garant\u00eda de recompra se garantizar\u00e1 con hipoteca de primer rango de bienes ra\u00edces u otro tipo de propiedad.<\/p>\n<\/div><\/div><div  class=\"vc_toggle vc_toggle_square vc_toggle_color_default vc_toggle_color_inverted vc_toggle_size_md\"><div class=\"vc_toggle_title\"><h4>\u00bfCu\u00e1l es el m\u00ednimo de inversi\u00f3n y otros m\u00ednimos en Livonia?<\/h4><i class=\"vc_toggle_icon\"><\/i><\/div><div class=\"vc_toggle_content\"><p>El importe m\u00ednimo por proyecto es de 50 euros, el importe m\u00ednimo de retirada es de 1 euro y el importe m\u00ednimo de dep\u00f3sito es de 1 c\u00e9ntimo de euro. Los inversores de Terra Livonia pueden invertir a partir de 10 euros.<\/p>\n<\/div><\/div><div  class=\"vc_toggle vc_toggle_square vc_toggle_color_default vc_toggle_color_inverted vc_toggle_size_md\"><div class=\"vc_toggle_title\"><h4>\u00bfQui\u00e9n puede invertir en la plataforma Livonia?<\/h4><i class=\"vc_toggle_icon\"><\/i><\/div><div class=\"vc_toggle_content\"><p>En la plataforma Livonia pueden invertir personas f\u00edsicas de al menos 18 a\u00f1os y empresas de la Uni\u00f3n Europea, Estados Unidos y Canad\u00e1 excepto pa\u00edses que est\u00e1n en la lista FATH AML de la Uni\u00f3n Europea.<\/p>\n<\/div><\/div><div  class=\"vc_toggle vc_toggle_square vc_toggle_color_default vc_toggle_color_inverted vc_toggle_size_md\"><div class=\"vc_toggle_title\"><h4>\u00bfTengo que pagar alguna comisi\u00f3n por dinero que tenga en la cuenta de Livonia sin invertir?<\/h4><i class=\"vc_toggle_icon\"><\/i><\/div><div class=\"vc_toggle_content\"><p>No, no tienes que pagar ninguna comisi\u00f3n por el dinero que tengas sin invertir.<\/p>\n<\/div><\/div><div  class=\"vc_toggle vc_toggle_square vc_toggle_color_default vc_toggle_color_inverted vc_toggle_size_md\"><div class=\"vc_toggle_title\"><h4>\u00bfTengo que pagar alg\u00fan tipo de impuesto por mis ingresos en Livonia?<\/h4><i class=\"vc_toggle_icon\"><\/i><\/div><div class=\"vc_toggle_content\"><p>No, nosotros no vamos a retener ning\u00fan impuesto de tus intereses, pero tendr\u00e1s que contactar con tus autoridades locales para ver c\u00f3mo tienes que tributar en tu pa\u00eds por estos ingresos.<\/p>\n<\/div><\/div><div  class=\"vc_toggle vc_toggle_square vc_toggle_color_default vc_toggle_color_inverted vc_toggle_size_md\"><div class=\"vc_toggle_title\"><h4>\u00bfCu\u00e1nto puedo ganar de mis inversiones en Livonia?<\/h4><i class=\"vc_toggle_icon\"><\/i><\/div><div class=\"vc_toggle_content\"><p>Puedes ganar entre un 8% y un 16% de inter\u00e9s anual con tus inversiones<\/p>\n<\/div><\/div><div  class=\"vc_toggle vc_toggle_square vc_toggle_color_default vc_toggle_color_inverted vc_toggle_size_md\"><div class=\"vc_toggle_title\"><h4>\u00bfEs posible que pierda todo el dinero que tengo invertido?<\/h4><i class=\"vc_toggle_icon\"><\/i><\/div><div class=\"vc_toggle_content\"><p>El riesgo es siempre una parte inherente de cualquier forma de inversi\u00f3n, y aunque reconocemos que ninguna inversi\u00f3n est\u00e1 completamente libre de riesgo,? ?en la plataforma Livonia nos esforzamos por mitigar los riesgos asegurando todos los proyectos y Terra Livonia? a favor de los inversores mediante garant\u00edas? y la empresa est\u00e1 produciendo muchos productos tangibles lo que est\u00e1 vendiendo en Europa y no est\u00e1 involucrada en operaciones especulativas.<\/p>\n<\/div><\/div><div  class=\"vc_toggle vc_toggle_square vc_toggle_color_default vc_toggle_color_inverted vc_toggle_size_md\"><div class=\"vc_toggle_title\"><h4>\u00bfCu\u00e1ndo comenzar\u00e1n los inversores a recibir los pagos de intereses de sus inversiones?<\/h4><i class=\"vc_toggle_icon\"><\/i><\/div><div class=\"vc_toggle_content\"><p>Terra Livonia paga sus intereses a diario, desde el primer d\u00eda.<\/p>\n<p>Del resto de proyectos los inversores recibir\u00e1n sus intereses de forma mensual contando desde el mismo d\u00eda que un inversor invirti\u00f3 en un proyecto espec\u00edfico. Somos la primera empresa que comienza a remunerar incluso antes de la fecha de cierre del proyecto puesto que la plataforma y el originador es la misma entidad legal.<\/p>\n<\/div><\/div><div  class=\"vc_toggle vc_toggle_square vc_toggle_color_default vc_toggle_color_inverted vc_toggle_size_md\"><div class=\"vc_toggle_title\"><h4>\u00bfPor qu\u00e9 esta plataforma se llama Livonia?<\/h4><i class=\"vc_toggle_icon\"><\/i><\/div><div class=\"vc_toggle_content\"><p>Livonia es una plataforma establecida en Letonia que realiza sus actividades de negocio entre Letonia y Estonia.\n\"Livonia\" es un t\u00e9rmino que se empleaba para denominar a las tierras de Letonia Y Estonia en la antig\u00fcedad, cuando el Imperio romano con la supervisi\u00f3n de los alemanes tomaron el control de estos 2 estados b\u00e1lticos y les pusieron este nombre.\nComo Letonia y Estonia son tradicionalmente la cuna de las plataformas de crowdfunding modernas, quer\u00edamos rendir tributo a esta uni\u00f3n econ\u00f3mica de estas dos naciones despu\u00e9s de todo este tiempo.<\/p>\n<\/div><\/div><div  class=\"vc_toggle vc_toggle_square vc_toggle_color_default vc_toggle_color_inverted vc_toggle_size_md\"><div class=\"vc_toggle_title\"><h4>\u00bfQu\u00e9 ocurre si un proyecto no recauda fondos suficientes?<\/h4><i class=\"vc_toggle_icon\"><\/i><\/div><div class=\"vc_toggle_content\"><p>El proyecto puede continuar si al menos ha recibido un 40% de la cantidad objetivo y el prestatario acepta el pr\u00e9stamo bajo estas condiciones.\nSin embargo, si el prestatario no acepta recibir esta cantidad de pr\u00e9stamo mermada, el dinero ser\u00e1 devuelto a los inversores.<\/p>\n<p>En esencia, el proyecto necesita alcanzar un determinado m\u00ednimo de financiaci\u00f3n y tambi\u00e9n se requiere el consentimiento del prestatario para la modificaci\u00f3n del acuerdo de pr\u00e9stamo.\nSi esto no ocurre, los fondos recolectados se devolver\u00e1n a los inversores.<\/p>\n<p>\u00a1Preg\u00fantanos si necesitas cualquier aclaraci\u00f3n adicional!<\/p>\n<\/div><\/div><div  class=\"vc_toggle vc_toggle_square vc_toggle_color_default vc_toggle_color_inverted vc_toggle_size_md\"><div class=\"vc_toggle_title\"><h4>\u00bfCu\u00e1ndo podr\u00e9 retirar mi dinero?<\/h4><i class=\"vc_toggle_icon\"><\/i><\/div><div class=\"vc_toggle_content\"><p>Despu\u00e9s de que tu inversi\u00f3n vuelva a tu cuenta, tendr\u00e1s la opci\u00f3n de retirar tu dinero.<\/p>\n<p>Si no est\u00e1 dispuesto a esperar a que el prestatario cumpla el plan de amortizaci\u00f3n, existe otra opci\u00f3n<\/p>\n<\/div><\/div><\/div><\/div><\/div><\/div><\/div><\/div><\/section>\t\r\n\r\n\r\n\t<section class=\"vc_row wpb_row vc_row-fluid additional-call-to-action vc_custom_1497510752108 vc-zozo-section typo-light bg-style bg-normal\"><div class=\"zozo-vc-main-row-inner vc-normal-section\"><div class=\"container\"><div class=\"row\"><div class=\"wpb_column vc_main_column vc_column_container vc_col-sm-12 typo-default\"><div class=\"vc_column-inner\"><div class=\"wpb_wrapper\"><\/div><\/div><\/div><\/div><\/div><\/div><\/section>\t\t\t\t\t\t\t\t<\/div>\n\t\t\t\t<\/div>\n\t\t\t\t\t<\/div>\n\t\t\t\t<\/div>\n\t\t\t\t<\/div>\n\t\t<\/section>","protected":false},"excerpt":{"rendered":"\u00bfQu\u00e9 es la plataforma Livonia? \u00bfQu\u00e9 es la plataforma Livonia? Livonia es una plataforma de crowdfunding P2B establecida en Letonia, donde los inversores pueden invertir en diferentes proyectos empresariales e inmobiliarios respaldados por hipotecas de primer rango sobre terrenos o inmuebles, maquinaria pesada u otros bienes muebles. Todos los pr\u00e9stamos en la plataforma Livonia est\u00e1n garantizados por una garant\u00eda. En Livonia...","protected":false},"author":236581218,"featured_media":0,"parent":0,"menu_order":0,"comment_status":"closed","ping_status":"closed","template":"","meta":{"_acf_changed":false,"_starter_page_template":"","_wpcom_template_layout_category":[],"footnotes":""},"class_list":["post-357","page","type-page","status-publish","hentry"],"acf":[],"yoast_head":"<!-- This site is optimized with the Yoast SEO plugin v27.4 - https:\/\/yoast.com\/product\/yoast-seo-wordpress\/ -->\n<title>FAQ - LIVONIA Finance - P2B investments<\/title>\n<meta name=\"robots\" content=\"index, follow, max-snippet:-1, max-image-preview:large, max-video-preview:-1\" \/>\n<link rel=\"canonical\" href=\"https:\/\/livonia.finance\/es\/faq\/\" \/>\n<meta property=\"og:locale\" content=\"es_ES\" \/>\n<meta property=\"og:type\" content=\"article\" \/>\n<meta property=\"og:title\" content=\"FAQ - LIVONIA Finance - P2B investments\" \/>\n<meta property=\"og:url\" content=\"https:\/\/livonia.finance\/es\/faq\/\" \/>\n<meta property=\"og:site_name\" content=\"LIVONIA Finance - P2B investments\" \/>\n<meta property=\"article:publisher\" content=\"https:\/\/www.facebook.com\/profile.php?id=100095344260318\" \/>\n<meta property=\"article:modified_time\" content=\"2024-10-09T08:47:47+00:00\" \/>\n<meta name=\"twitter:card\" content=\"summary_large_image\" \/>\n<meta name=\"twitter:label1\" content=\"Tiempo de lectura\" \/>\n\t<meta name=\"twitter:data1\" content=\"6 minutos\" \/>\n<script type=\"application\/ld+json\" class=\"yoast-schema-graph\">{\"@context\":\"https:\\\/\\\/schema.org\",\"@graph\":[{\"@type\":\"WebPage\",\"@id\":\"https:\\\/\\\/livonia.finance\\\/faq\\\/\",\"url\":\"https:\\\/\\\/livonia.finance\\\/faq\\\/\",\"name\":\"FAQ - LIVONIA Finance - P2B investments\",\"isPartOf\":{\"@id\":\"https:\\\/\\\/livonia.finance\\\/#website\"},\"datePublished\":\"2017-07-12T06:40:08+00:00\",\"dateModified\":\"2024-10-09T08:47:47+00:00\",\"breadcrumb\":{\"@id\":\"https:\\\/\\\/livonia.finance\\\/faq\\\/#breadcrumb\"},\"inLanguage\":\"es\",\"potentialAction\":[{\"@type\":\"ReadAction\",\"target\":[\"https:\\\/\\\/livonia.finance\\\/faq\\\/\"]}]},{\"@type\":\"BreadcrumbList\",\"@id\":\"https:\\\/\\\/livonia.finance\\\/faq\\\/#breadcrumb\",\"itemListElement\":[{\"@type\":\"ListItem\",\"position\":1,\"name\":\"Home\",\"item\":\"https:\\\/\\\/livonia.finance\\\/\"},{\"@type\":\"ListItem\",\"position\":2,\"name\":\"FAQ\"}]},{\"@type\":\"WebSite\",\"@id\":\"https:\\\/\\\/livonia.finance\\\/#website\",\"url\":\"https:\\\/\\\/livonia.finance\\\/\",\"name\":\"LIVONIA Finance - P2B investments\",\"description\":\"P2B lending investments\",\"publisher\":{\"@id\":\"https:\\\/\\\/livonia.finance\\\/#organization\"},\"potentialAction\":[{\"@type\":\"SearchAction\",\"target\":{\"@type\":\"EntryPoint\",\"urlTemplate\":\"https:\\\/\\\/livonia.finance\\\/?s={search_term_string}\"},\"query-input\":{\"@type\":\"PropertyValueSpecification\",\"valueRequired\":true,\"valueName\":\"search_term_string\"}}],\"inLanguage\":\"es\"},{\"@type\":\"Organization\",\"@id\":\"https:\\\/\\\/livonia.finance\\\/#organization\",\"name\":\"LIVONIA Finance - P2B investments\",\"url\":\"https:\\\/\\\/livonia.finance\\\/\",\"logo\":{\"@type\":\"ImageObject\",\"inLanguage\":\"es\",\"@id\":\"https:\\\/\\\/livonia.finance\\\/#\\\/schema\\\/logo\\\/image\\\/\",\"url\":\"https:\\\/\\\/livonia.finance\\\/wp-content\\\/uploads\\\/2023\\\/07\\\/image-1.jpeg\",\"contentUrl\":\"https:\\\/\\\/livonia.finance\\\/wp-content\\\/uploads\\\/2023\\\/07\\\/image-1.jpeg\",\"width\":512,\"height\":512,\"caption\":\"LIVONIA Finance - P2B investments\"},\"image\":{\"@id\":\"https:\\\/\\\/livonia.finance\\\/#\\\/schema\\\/logo\\\/image\\\/\"},\"sameAs\":[\"https:\\\/\\\/www.facebook.com\\\/profile.php?id=100095344260318\"]}]}<\/script>\n<!-- \/ Yoast SEO plugin. -->","yoast_head_json":{"title":"FAQ - LIVONIA Finance - Inversiones P2B","robots":{"index":"index","follow":"follow","max-snippet":"max-snippet:-1","max-image-preview":"max-image-preview:large","max-video-preview":"max-video-preview:-1"},"canonical":"https:\/\/livonia.finance\/es\/faq\/","og_locale":"es_ES","og_type":"article","og_title":"FAQ - LIVONIA Finance - P2B investments","og_url":"https:\/\/livonia.finance\/es\/faq\/","og_site_name":"LIVONIA Finance - P2B investments","article_publisher":"https:\/\/www.facebook.com\/profile.php?id=100095344260318","article_modified_time":"2024-10-09T08:47:47+00:00","twitter_card":"summary_large_image","twitter_misc":{"Tiempo de lectura":"6 minutos"},"schema":{"@context":"https:\/\/schema.org","@graph":[{"@type":"WebPage","@id":"https:\/\/livonia.finance\/faq\/","url":"https:\/\/livonia.finance\/faq\/","name":"FAQ - LIVONIA Finance - Inversiones P2B","isPartOf":{"@id":"https:\/\/livonia.finance\/#website"},"datePublished":"2017-07-12T06:40:08+00:00","dateModified":"2024-10-09T08:47:47+00:00","breadcrumb":{"@id":"https:\/\/livonia.finance\/faq\/#breadcrumb"},"inLanguage":"es","potentialAction":[{"@type":"ReadAction","target":["https:\/\/livonia.finance\/faq\/"]}]},{"@type":"BreadcrumbList","@id":"https:\/\/livonia.finance\/faq\/#breadcrumb","itemListElement":[{"@type":"ListItem","position":1,"name":"Home","item":"https:\/\/livonia.finance\/"},{"@type":"ListItem","position":2,"name":"FAQ"}]},{"@type":"WebSite","@id":"https:\/\/livonia.finance\/#website","url":"https:\/\/livonia.finance\/","name":"LIVONIA Finance - Inversiones P2B","description":"Inversiones en pr\u00e9stamos P2B","publisher":{"@id":"https:\/\/livonia.finance\/#organization"},"potentialAction":[{"@type":"SearchAction","target":{"@type":"EntryPoint","urlTemplate":"https:\/\/livonia.finance\/?s={search_term_string}"},"query-input":{"@type":"PropertyValueSpecification","valueRequired":true,"valueName":"search_term_string"}}],"inLanguage":"es"},{"@type":"Organization","@id":"https:\/\/livonia.finance\/#organization","name":"LIVONIA Finance - Inversiones P2B","url":"https:\/\/livonia.finance\/","logo":{"@type":"ImageObject","inLanguage":"es","@id":"https:\/\/livonia.finance\/#\/schema\/logo\/image\/","url":"https:\/\/livonia.finance\/wp-content\/uploads\/2023\/07\/image-1.jpeg","contentUrl":"https:\/\/livonia.finance\/wp-content\/uploads\/2023\/07\/image-1.jpeg","width":512,"height":512,"caption":"LIVONIA Finance - P2B investments"},"image":{"@id":"https:\/\/livonia.finance\/#\/schema\/logo\/image\/"},"sameAs":["https:\/\/www.facebook.com\/profile.php?id=100095344260318"]}]}},"_links":{"self":[{"href":"https:\/\/livonia.finance\/es\/wp-json\/wp\/v2\/pages\/357","targetHints":{"allow":["GET"]}}],"collection":[{"href":"https:\/\/livonia.finance\/es\/wp-json\/wp\/v2\/pages"}],"about":[{"href":"https:\/\/livonia.finance\/es\/wp-json\/wp\/v2\/types\/page"}],"author":[{"embeddable":true,"href":"https:\/\/livonia.finance\/es\/wp-json\/wp\/v2\/users\/236581218"}],"replies":[{"embeddable":true,"href":"https:\/\/livonia.finance\/es\/wp-json\/wp\/v2\/comments?post=357"}],"version-history":[{"count":63,"href":"https:\/\/livonia.finance\/es\/wp-json\/wp\/v2\/pages\/357\/revisions"}],"predecessor-version":[{"id":14081,"href":"https:\/\/livonia.finance\/es\/wp-json\/wp\/v2\/pages\/357\/revisions\/14081"}],"wp:attachment":[{"href":"https:\/\/livonia.finance\/es\/wp-json\/wp\/v2\/media?parent=357"}],"curies":[{"name":"wp","href":"https:\/\/api.w.org\/{rel}","templated":true}]}}