{"id":12996,"date":"2023-12-14T03:38:27","date_gmt":"2023-12-14T01:38:27","guid":{"rendered":"https:\/\/livonia.finance\/?page_id=12996"},"modified":"2024-10-09T14:52:14","modified_gmt":"2024-10-09T11:52:14","slug":"early-exit-option","status":"publish","type":"page","link":"https:\/\/livonia.finance\/es\/opcion-de-salida-anticipada\/","title":{"rendered":"Opci?n de salida anticipada"},"content":{"rendered":"<div data-elementor-type=\"wp-page\" data-elementor-id=\"12996\" class=\"elementor elementor-12996\" data-elementor-post-type=\"page\">\n\t\t\t\t<div class=\"elementor-element elementor-element-36e4785 e-grid e-con-boxed e-con e-parent\" data-id=\"36e4785\" data-element_type=\"container\" data-e-type=\"container\" data-settings=\"{&quot;background_background&quot;:&quot;classic&quot;}\">\n\t\t\t\t\t<div class=\"e-con-inner\">\n\t\t<div class=\"elementor-element elementor-element-f853bf0 e-flex e-con-boxed e-con e-child\" data-id=\"f853bf0\" data-element_type=\"container\" data-e-type=\"container\">\n\t\t\t\t\t<div class=\"e-con-inner\">\n\t\t\t\t<div class=\"elementor-element elementor-element-eee0f00 elementor-widget elementor-widget-heading\" data-id=\"eee0f00\" data-element_type=\"widget\" data-e-type=\"widget\" data-widget_type=\"heading.default\">\n\t\t\t\t<div class=\"elementor-widget-container\">\n\t\t\t\t\t<h2 class=\"elementor-heading-title elementor-size-default\">Opci\u00f3n de salida anticipada<\/h2>\t\t\t\t<\/div>\n\t\t\t\t<\/div>\n\t\t\t\t<div class=\"elementor-element elementor-element-89ac0d3 elementor-widget elementor-widget-text-editor\" data-id=\"89ac0d3\" data-element_type=\"widget\" data-e-type=\"widget\" data-widget_type=\"text-editor.default\">\n\t\t\t\t<div class=\"elementor-widget-container\">\n\t\t\t\t\t\t\t\t\t<p>El Programa de Salida Instant\u00e1nea est\u00e1 hecho para que los inversores aumenten la seguridad en la plataforma Livonia. Este programa permite a los inversores vender sus reclamaciones de nuevo a la plataforma. Ofrece una ventaja que muchas otras plataformas no tienen. <br>La plataforma Livonia puede tener esta ventaja porque la plataforma y la empresa comercial son la misma entidad, por eso no hay preocupaciones sobre la liquidez de la plataforma y otras cosas importantes.<\/p>\n<p>El programa de opci\u00f3n de salida anticipada ayuda a nuestros inversores en 2 d\u00edas a liquidar su cartera, equilibrar sus ingresos previstos o simplemente retirar efectivo en caso de emergencia, lo que permite a los inversores vender sus cr\u00e9ditos contra pr\u00e9stamos con s\u00f3lo un descuento de 10% sobre el importe del principal pendiente. Ahora los inversores pueden vender su cartera de proyectos antes de la fecha de vencimiento.<\/p>\t\t\t\t\t\t\t\t<\/div>\n\t\t\t\t<\/div>\n\t\t\t\t\t<\/div>\n\t\t\t\t<\/div>\n\t\t<div class=\"elementor-element elementor-element-5a01e17 e-flex e-con-boxed e-con e-child\" data-id=\"5a01e17\" data-element_type=\"container\" data-e-type=\"container\">\n\t\t\t\t\t<div class=\"e-con-inner\">\n\t\t\t\t<div class=\"elementor-element elementor-element-3caad01 elementor-widget elementor-widget-image\" data-id=\"3caad01\" data-element_type=\"widget\" data-e-type=\"widget\" data-widget_type=\"image.default\">\n\t\t\t\t<div class=\"elementor-widget-container\">\n\t\t\t\t\t\t\t\t\t\t\t\t\t\t\t<img fetchpriority=\"high\" decoding=\"async\" width=\"502\" height=\"548\" src=\"https:\/\/livonia.finance\/wp-content\/uploads\/2023\/12\/early_export_visualisation.png\" class=\"attachment-large size-large wp-image-12962\" alt=\"\" srcset=\"https:\/\/livonia.finance\/wp-content\/uploads\/2023\/12\/early_export_visualisation.png 502w, https:\/\/livonia.finance\/wp-content\/uploads\/2023\/12\/early_export_visualisation-275x300.png 275w, https:\/\/livonia.finance\/wp-content\/uploads\/2023\/12\/early_export_visualisation-11x12.png 11w\" sizes=\"(max-width: 502px) 100vw, 502px\" \/>\t\t\t\t\t\t\t\t\t\t\t\t\t\t\t<\/div>\n\t\t\t\t<\/div>\n\t\t\t\t\t<\/div>\n\t\t\t\t<\/div>\n\t\t\t\t\t<\/div>\n\t\t\t\t<\/div>\n\t\t<div class=\"elementor-element elementor-element-061aa99 e-flex e-con-boxed e-con e-parent\" data-id=\"061aa99\" data-element_type=\"container\" data-e-type=\"container\" data-settings=\"{&quot;background_background&quot;:&quot;classic&quot;}\">\n\t\t\t\t\t<div class=\"e-con-inner\">\n\t\t<div class=\"elementor-element elementor-element-e9861ce e-grid e-con-boxed e-con e-child\" data-id=\"e9861ce\" data-element_type=\"container\" data-e-type=\"container\">\n\t\t\t\t\t<div class=\"e-con-inner\">\n\t\t<div class=\"elementor-element elementor-element-c843736 e-flex e-con-boxed e-con e-child\" data-id=\"c843736\" data-element_type=\"container\" data-e-type=\"container\">\n\t\t\t\t\t<div class=\"e-con-inner\">\n\t\t\t\t<div class=\"elementor-element elementor-element-b6d31d8 elementor-widget elementor-widget-text-editor\" data-id=\"b6d31d8\" data-element_type=\"widget\" data-e-type=\"widget\" data-widget_type=\"text-editor.default\">\n\t\t\t\t<div class=\"elementor-widget-container\">\n\t\t\t\t\t\t\t\t\t<p><span style=\"white-space-collapse: preserve;\">10%<\/span><\/p>\t\t\t\t\t\t\t\t<\/div>\n\t\t\t\t<\/div>\n\t\t\t\t<div class=\"elementor-element elementor-element-9666762 elementor-widget elementor-widget-text-editor\" data-id=\"9666762\" data-element_type=\"widget\" data-e-type=\"widget\" data-widget_type=\"text-editor.default\">\n\t\t\t\t<div class=\"elementor-widget-container\">\n\t\t\t\t\t\t\t\t\t<p>Tasa<\/p>\t\t\t\t\t\t\t\t<\/div>\n\t\t\t\t<\/div>\n\t\t\t\t\t<\/div>\n\t\t\t\t<\/div>\n\t\t<div class=\"elementor-element elementor-element-6caf774 e-flex e-con-boxed e-con e-child\" data-id=\"6caf774\" data-element_type=\"container\" data-e-type=\"container\">\n\t\t\t\t\t<div class=\"e-con-inner\">\n\t\t\t\t<div class=\"elementor-element elementor-element-13c59e7 elementor-widget elementor-widget-text-editor\" data-id=\"13c59e7\" data-element_type=\"widget\" data-e-type=\"widget\" data-widget_type=\"text-editor.default\">\n\t\t\t\t<div class=\"elementor-widget-container\">\n\t\t\t\t\t\t\t\t\t2 d\u00edas\t\t\t\t\t\t\t\t<\/div>\n\t\t\t\t<\/div>\n\t\t\t\t<div class=\"elementor-element elementor-element-96fac5d elementor-widget elementor-widget-text-editor\" data-id=\"96fac5d\" data-element_type=\"widget\" data-e-type=\"widget\" data-widget_type=\"text-editor.default\">\n\t\t\t\t<div class=\"elementor-widget-container\">\n\t\t\t\t\t\t\t\t\t<p><span style=\"white-space-collapse: preserve;\">Rendimiento<\/span><\/p>\t\t\t\t\t\t\t\t<\/div>\n\t\t\t\t<\/div>\n\t\t\t\t\t<\/div>\n\t\t\t\t<\/div>\n\t\t<div class=\"elementor-element elementor-element-8aa0bf8 e-flex e-con-boxed e-con e-child\" data-id=\"8aa0bf8\" data-element_type=\"container\" data-e-type=\"container\">\n\t\t\t\t\t<div class=\"e-con-inner\">\n\t\t\t\t<div class=\"elementor-element elementor-element-e99af6c elementor-view-default elementor-widget elementor-widget-icon\" data-id=\"e99af6c\" data-element_type=\"widget\" data-e-type=\"widget\" data-widget_type=\"icon.default\">\n\t\t\t\t<div class=\"elementor-widget-container\">\n\t\t\t\t\t\t\t<div class=\"elementor-icon-wrapper\">\n\t\t\t<div class=\"elementor-icon\">\n\t\t\t<svg xmlns=\"http:\/\/www.w3.org\/2000\/svg\" width=\"51\" height=\"51\" viewbox=\"0 0 51 51\" fill=\"none\"><g clip-path=\"url(#clip0_243_1280)\"><path d=\"M25.5 0C16.1652 4.21888 10.175 6.19969 0 7.28571C0 16.1185 0.599933 22.4673 2.879 28.2902C4.74254 33.0384 7.50315 37.3825 11.0105 41.0869C16.657 47.0817 22.8692 50.2396 25.5 51C28.1308 50.2396 34.343 47.0817 39.9895 41.0869C43.4969 37.3825 46.2575 33.0384 48.121 28.2902C50.4001 22.4673 51 16.1185 51 7.28571C40.825 6.19969 34.8348 4.21888 25.5 0ZM43.8816 26.6304C42.2287 30.8356 39.7823 34.6834 36.6745 37.9643C32.3304 42.5759 27.8508 45.1156 25.5 46.1459V4.98616C29.9113 6.92143 33.3242 8.20781 36.6483 9.18569C39.8426 10.1203 43.0984 10.825 46.3929 11.294C46.1971 18.1494 45.4412 22.6426 43.8816 26.6304Z\" fill=\"#1E73BE\"><\/path><\/g><defs><clippath id=\"clip0_243_1280\"><rect width=\"51\" height=\"51\" fill=\"white\"><\/rect><\/clippath><\/defs><\/svg>\t\t\t<\/div>\n\t\t<\/div>\n\t\t\t\t\t\t<\/div>\n\t\t\t\t<\/div>\n\t\t\t\t<div class=\"elementor-element elementor-element-3126d6a elementor-widget elementor-widget-text-editor\" data-id=\"3126d6a\" data-element_type=\"widget\" data-e-type=\"widget\" data-widget_type=\"text-editor.default\">\n\t\t\t\t<div class=\"elementor-widget-container\">\n\t\t\t\t\t\t\t\t\t<p><span style=\"white-space-collapse: preserve;\">Dispositivo de seguridad<\/span><\/p>\t\t\t\t\t\t\t\t<\/div>\n\t\t\t\t<\/div>\n\t\t\t\t\t<\/div>\n\t\t\t\t<\/div>\n\t\t\t\t\t<\/div>\n\t\t\t\t<\/div>\n\t\t\t\t\t<\/div>\n\t\t\t\t<\/div>\n\t\t<div class=\"elementor-element elementor-element-8244474 e-flex e-con-boxed e-con e-parent\" data-id=\"8244474\" data-element_type=\"container\" data-e-type=\"container\">\n\t\t\t\t\t<div class=\"e-con-inner\">\n\t\t\t\t<div class=\"elementor-element elementor-element-36e581e elementor-widget elementor-widget-text-editor\" data-id=\"36e581e\" data-element_type=\"widget\" data-e-type=\"widget\" data-widget_type=\"text-editor.default\">\n\t\t\t\t<div class=\"elementor-widget-container\">\n\t\t\t\t\t\t\t\t\t<p>Si como inversor desea liquidar una posici\u00f3n en algunos o todos los proyectos, p\u00f3ngase en contacto con Livonia<br \/>servicio de asistencia de la plataforma en el correo electr\u00f3nico <a href=\"mailto:info@livonia.finance\">info@livonia.finance<\/a><\/p>\t\t\t\t\t\t\t\t<\/div>\n\t\t\t\t<\/div>\n\t\t\t\t\t<\/div>\n\t\t\t\t<\/div>\n\t\t\t\t<\/div>","protected":false},"excerpt":{"rendered":"<p>Opci&oacute;n de salida anticipada El programa de salida anticipada est&aacute; pensado para que los inversores aumenten la seguridad en la plataforma Livonia. Este programa permite a los inversores vender sus cr&eacute;ditos a la plataforma. Ofrece una ventaja que muchas otras plataformas no tienen. &lt;br&gt;Livonia platform can have this advantage because the platform and the business company are the same entity, that&rsquo;s why there&hellip;<\/p>","protected":false},"author":236581238,"featured_media":0,"parent":0,"menu_order":0,"comment_status":"closed","ping_status":"closed","template":"elementor_header_footer","meta":{"_acf_changed":false,"_starter_page_template":"","_wpcom_template_layout_category":[],"footnotes":""},"class_list":["post-12996","page","type-page","status-publish","hentry"],"acf":[],"yoast_head":"<!-- This site is optimized with the Yoast SEO plugin v27.4 - https:\/\/yoast.com\/product\/yoast-seo-wordpress\/ -->\n<title>Early exit option - LIVONIA Finance - P2B investments<\/title>\n<meta name=\"description\" content=\"The Instant Exit Program is made for investors to increase safety in Livonia platform. This programm allows investors to sell their claims back to platform. It offers the advantage that many other platforms doesn&#039;t have\" \/>\n<meta name=\"robots\" content=\"index, follow, max-snippet:-1, max-image-preview:large, max-video-preview:-1\" \/>\n<link rel=\"canonical\" href=\"https:\/\/livonia.finance\/es\/opcion-de-salida-anticipada\/\" \/>\n<meta property=\"og:locale\" content=\"es_ES\" \/>\n<meta property=\"og:type\" content=\"article\" \/>\n<meta property=\"og:title\" content=\"Early exit option - LIVONIA Finance - P2B investments\" \/>\n<meta property=\"og:description\" content=\"The Instant Exit Program is made for investors to increase safety in Livonia platform. This programm allows investors to sell their claims back to platform. It offers the advantage that many other platforms doesn&#039;t have\" \/>\n<meta property=\"og:url\" content=\"https:\/\/livonia.finance\/es\/opcion-de-salida-anticipada\/\" \/>\n<meta property=\"og:site_name\" content=\"LIVONIA Finance - P2B investments\" \/>\n<meta property=\"article:publisher\" content=\"https:\/\/www.facebook.com\/profile.php?id=100095344260318\" \/>\n<meta property=\"article:modified_time\" content=\"2024-10-09T11:52:14+00:00\" \/>\n<meta property=\"og:image\" content=\"https:\/\/livonia.finance\/wp-content\/uploads\/2023\/12\/early_export_visualisation.png\" \/>\n<meta name=\"twitter:card\" content=\"summary_large_image\" \/>\n<meta name=\"twitter:label1\" content=\"Tiempo de lectura\" \/>\n\t<meta name=\"twitter:data1\" content=\"1 minuto\" \/>\n<script type=\"application\/ld+json\" class=\"yoast-schema-graph\">{\"@context\":\"https:\\\/\\\/schema.org\",\"@graph\":[{\"@type\":\"WebPage\",\"@id\":\"https:\\\/\\\/livonia.finance\\\/early-exit-option\\\/\",\"url\":\"https:\\\/\\\/livonia.finance\\\/early-exit-option\\\/\",\"name\":\"Early exit option - LIVONIA Finance - P2B investments\",\"isPartOf\":{\"@id\":\"https:\\\/\\\/livonia.finance\\\/#website\"},\"primaryImageOfPage\":{\"@id\":\"https:\\\/\\\/livonia.finance\\\/early-exit-option\\\/#primaryimage\"},\"image\":{\"@id\":\"https:\\\/\\\/livonia.finance\\\/early-exit-option\\\/#primaryimage\"},\"thumbnailUrl\":\"https:\\\/\\\/livonia.finance\\\/wp-content\\\/uploads\\\/2023\\\/12\\\/early_export_visualisation.png\",\"datePublished\":\"2023-12-14T01:38:27+00:00\",\"dateModified\":\"2024-10-09T11:52:14+00:00\",\"description\":\"The Instant Exit Program is made for investors to increase safety in Livonia platform. This programm allows investors to sell their claims back to platform. It offers the advantage that many other platforms doesn't have\",\"breadcrumb\":{\"@id\":\"https:\\\/\\\/livonia.finance\\\/early-exit-option\\\/#breadcrumb\"},\"inLanguage\":\"es\",\"potentialAction\":[{\"@type\":\"ReadAction\",\"target\":[\"https:\\\/\\\/livonia.finance\\\/early-exit-option\\\/\"]}]},{\"@type\":\"ImageObject\",\"inLanguage\":\"es\",\"@id\":\"https:\\\/\\\/livonia.finance\\\/early-exit-option\\\/#primaryimage\",\"url\":\"https:\\\/\\\/livonia.finance\\\/wp-content\\\/uploads\\\/2023\\\/12\\\/early_export_visualisation.png\",\"contentUrl\":\"https:\\\/\\\/livonia.finance\\\/wp-content\\\/uploads\\\/2023\\\/12\\\/early_export_visualisation.png\"},{\"@type\":\"BreadcrumbList\",\"@id\":\"https:\\\/\\\/livonia.finance\\\/early-exit-option\\\/#breadcrumb\",\"itemListElement\":[{\"@type\":\"ListItem\",\"position\":1,\"name\":\"Home\",\"item\":\"https:\\\/\\\/livonia.finance\\\/\"},{\"@type\":\"ListItem\",\"position\":2,\"name\":\"Early exit option\"}]},{\"@type\":\"WebSite\",\"@id\":\"https:\\\/\\\/livonia.finance\\\/#website\",\"url\":\"https:\\\/\\\/livonia.finance\\\/\",\"name\":\"LIVONIA Finance - P2B investments\",\"description\":\"P2B lending investments\",\"publisher\":{\"@id\":\"https:\\\/\\\/livonia.finance\\\/#organization\"},\"potentialAction\":[{\"@type\":\"SearchAction\",\"target\":{\"@type\":\"EntryPoint\",\"urlTemplate\":\"https:\\\/\\\/livonia.finance\\\/?s={search_term_string}\"},\"query-input\":{\"@type\":\"PropertyValueSpecification\",\"valueRequired\":true,\"valueName\":\"search_term_string\"}}],\"inLanguage\":\"es\"},{\"@type\":\"Organization\",\"@id\":\"https:\\\/\\\/livonia.finance\\\/#organization\",\"name\":\"LIVONIA Finance - P2B investments\",\"url\":\"https:\\\/\\\/livonia.finance\\\/\",\"logo\":{\"@type\":\"ImageObject\",\"inLanguage\":\"es\",\"@id\":\"https:\\\/\\\/livonia.finance\\\/#\\\/schema\\\/logo\\\/image\\\/\",\"url\":\"https:\\\/\\\/livonia.finance\\\/wp-content\\\/uploads\\\/2023\\\/07\\\/image-1.jpeg\",\"contentUrl\":\"https:\\\/\\\/livonia.finance\\\/wp-content\\\/uploads\\\/2023\\\/07\\\/image-1.jpeg\",\"width\":512,\"height\":512,\"caption\":\"LIVONIA Finance - P2B investments\"},\"image\":{\"@id\":\"https:\\\/\\\/livonia.finance\\\/#\\\/schema\\\/logo\\\/image\\\/\"},\"sameAs\":[\"https:\\\/\\\/www.facebook.com\\\/profile.php?id=100095344260318\"]}]}<\/script>\n<!-- \/ Yoast SEO plugin. -->","yoast_head_json":{"title":"Opci\u00f3n de salida anticipada - LIVONIA Finance - Inversiones P2B","description":"El Programa de Salida Instant?nea est? hecho para que los inversores aumenten la seguridad en la plataforma Livonia. Este programa permite a los inversores vender sus reclamaciones a la plataforma. Ofrece la ventaja de que muchas otras plataformas no tienen","robots":{"index":"index","follow":"follow","max-snippet":"max-snippet:-1","max-image-preview":"max-image-preview:large","max-video-preview":"max-video-preview:-1"},"canonical":"https:\/\/livonia.finance\/es\/opcion-de-salida-anticipada\/","og_locale":"es_ES","og_type":"article","og_title":"Early exit option - LIVONIA Finance - P2B investments","og_description":"The Instant Exit Program is made for investors to increase safety in Livonia platform. This programm allows investors to sell their claims back to platform. It offers the advantage that many other platforms doesn't have","og_url":"https:\/\/livonia.finance\/es\/opcion-de-salida-anticipada\/","og_site_name":"LIVONIA Finance - P2B investments","article_publisher":"https:\/\/www.facebook.com\/profile.php?id=100095344260318","article_modified_time":"2024-10-09T11:52:14+00:00","og_image":[{"url":"https:\/\/livonia.finance\/wp-content\/uploads\/2023\/12\/early_export_visualisation.png","type":"","width":"","height":""}],"twitter_card":"summary_large_image","twitter_misc":{"Tiempo de lectura":"1 minuto"},"schema":{"@context":"https:\/\/schema.org","@graph":[{"@type":"WebPage","@id":"https:\/\/livonia.finance\/early-exit-option\/","url":"https:\/\/livonia.finance\/early-exit-option\/","name":"Opci\u00f3n de salida anticipada - LIVONIA Finance - Inversiones P2B","isPartOf":{"@id":"https:\/\/livonia.finance\/#website"},"primaryImageOfPage":{"@id":"https:\/\/livonia.finance\/early-exit-option\/#primaryimage"},"image":{"@id":"https:\/\/livonia.finance\/early-exit-option\/#primaryimage"},"thumbnailUrl":"https:\/\/livonia.finance\/wp-content\/uploads\/2023\/12\/early_export_visualisation.png","datePublished":"2023-12-14T01:38:27+00:00","dateModified":"2024-10-09T11:52:14+00:00","description":"El Programa de Salida Instant?nea est? hecho para que los inversores aumenten la seguridad en la plataforma Livonia. Este programa permite a los inversores vender sus reclamaciones a la plataforma. Ofrece la ventaja de que muchas otras plataformas no tienen","breadcrumb":{"@id":"https:\/\/livonia.finance\/early-exit-option\/#breadcrumb"},"inLanguage":"es","potentialAction":[{"@type":"ReadAction","target":["https:\/\/livonia.finance\/early-exit-option\/"]}]},{"@type":"ImageObject","inLanguage":"es","@id":"https:\/\/livonia.finance\/early-exit-option\/#primaryimage","url":"https:\/\/livonia.finance\/wp-content\/uploads\/2023\/12\/early_export_visualisation.png","contentUrl":"https:\/\/livonia.finance\/wp-content\/uploads\/2023\/12\/early_export_visualisation.png"},{"@type":"BreadcrumbList","@id":"https:\/\/livonia.finance\/early-exit-option\/#breadcrumb","itemListElement":[{"@type":"ListItem","position":1,"name":"Home","item":"https:\/\/livonia.finance\/"},{"@type":"ListItem","position":2,"name":"Early exit option"}]},{"@type":"WebSite","@id":"https:\/\/livonia.finance\/#website","url":"https:\/\/livonia.finance\/","name":"LIVONIA Finance - Inversiones P2B","description":"Inversiones en pr\u00e9stamos P2B","publisher":{"@id":"https:\/\/livonia.finance\/#organization"},"potentialAction":[{"@type":"SearchAction","target":{"@type":"EntryPoint","urlTemplate":"https:\/\/livonia.finance\/?s={search_term_string}"},"query-input":{"@type":"PropertyValueSpecification","valueRequired":true,"valueName":"search_term_string"}}],"inLanguage":"es"},{"@type":"Organization","@id":"https:\/\/livonia.finance\/#organization","name":"LIVONIA Finance - Inversiones P2B","url":"https:\/\/livonia.finance\/","logo":{"@type":"ImageObject","inLanguage":"es","@id":"https:\/\/livonia.finance\/#\/schema\/logo\/image\/","url":"https:\/\/livonia.finance\/wp-content\/uploads\/2023\/07\/image-1.jpeg","contentUrl":"https:\/\/livonia.finance\/wp-content\/uploads\/2023\/07\/image-1.jpeg","width":512,"height":512,"caption":"LIVONIA Finance - P2B investments"},"image":{"@id":"https:\/\/livonia.finance\/#\/schema\/logo\/image\/"},"sameAs":["https:\/\/www.facebook.com\/profile.php?id=100095344260318"]}]}},"_links":{"self":[{"href":"https:\/\/livonia.finance\/es\/wp-json\/wp\/v2\/pages\/12996","targetHints":{"allow":["GET"]}}],"collection":[{"href":"https:\/\/livonia.finance\/es\/wp-json\/wp\/v2\/pages"}],"about":[{"href":"https:\/\/livonia.finance\/es\/wp-json\/wp\/v2\/types\/page"}],"author":[{"embeddable":true,"href":"https:\/\/livonia.finance\/es\/wp-json\/wp\/v2\/users\/236581238"}],"replies":[{"embeddable":true,"href":"https:\/\/livonia.finance\/es\/wp-json\/wp\/v2\/comments?post=12996"}],"version-history":[{"count":26,"href":"https:\/\/livonia.finance\/es\/wp-json\/wp\/v2\/pages\/12996\/revisions"}],"predecessor-version":[{"id":14098,"href":"https:\/\/livonia.finance\/es\/wp-json\/wp\/v2\/pages\/12996\/revisions\/14098"}],"wp:attachment":[{"href":"https:\/\/livonia.finance\/es\/wp-json\/wp\/v2\/media?parent=12996"}],"curies":[{"name":"wp","href":"https:\/\/api.w.org\/{rel}","templated":true}]}}