{"id":6191,"date":"2023-08-10T15:41:05","date_gmt":"2023-08-10T12:41:05","guid":{"rendered":"https:\/\/livonia.finance\/?page_id=6191"},"modified":"2025-05-31T10:35:13","modified_gmt":"2025-05-31T07:35:13","slug":"loans-guarantees-and-collaterals","status":"publish","type":"page","link":"https:\/\/livonia.finance\/de\/kreditburgschaften-und-sicherheiten\/","title":{"rendered":"Kreditgarantien und Sicherheiten"},"content":{"rendered":"<div data-elementor-type=\"wp-page\" data-elementor-id=\"6191\" class=\"elementor elementor-6191\" data-elementor-post-type=\"page\">\n\t\t\t\t<div class=\"elementor-element elementor-element-b2560bc e-flex e-con-boxed e-con e-parent\" data-id=\"b2560bc\" data-element_type=\"container\" data-e-type=\"container\">\n\t\t\t\t\t<div class=\"e-con-inner\">\n\t\t\t\t<div class=\"elementor-element elementor-element-a7572a5 elementor-widget elementor-widget-text-editor\" data-id=\"a7572a5\" data-element_type=\"widget\" data-e-type=\"widget\" data-widget_type=\"text-editor.default\">\n\t\t\t\t<div class=\"elementor-widget-container\">\n\t\t\t\t\t\t\t\t\t<p><!-- \/wp:paragraph --><\/p>\n<p><!-- wp:paragraph --><\/p>\n<p><!-- \/wp:paragraph --><\/p>\n<p><!-- wp:paragraph --><\/p>\n<p><strong>Kreditgarantien und Sicherheiten auf der Livonia-Plattform<\/strong><\/p>\n<p><strong>Die Livonia-Plattform dient dazu, Gelder f\u00fcr das Unternehmen Veselavas pagasta zemnieka saimniec\u012bba \"Ka\u017e\u0113ri\" zu beschaffen, und die Plattform ist eine strukturelle Einheit, die bei der lettischen Steuerbeh\u00f6rde IRS (Internal Revenue Service) registriert ist, und Livonia ist ein Markenname f\u00fcr das Unternehmen Veselavas pagasta zemnieka saimniec\u012bba \"Ka\u017e\u0113ri\" Die Investoren in LIVONIA investieren direkt in das Forstunternehmen, ohne Zwischenh\u00e4ndler und versteckte Unternehmen.<\/strong><\/p>\n<p><!-- \/wp:paragraph --><\/p>\n<p><!-- wp:paragraph --><\/p>\n<p>Bei Livonia legen wir gro\u00dfen Wert auf die Sicherheit der Gelder unserer Anleger und bieten verschiedene Schutzma\u00dfnahmen f\u00fcr Ihre Investitionen. Im Folgenden finden Sie die wichtigsten Aspekte unserer Kreditgarantien, Sicherheiten und zus\u00e4tzlichen Schutzma\u00dfnahmen:<\/p>\n<p><!-- \/wp:paragraph --><\/p>\n<p><!-- wp:paragraph --><\/p>\n<p><strong>Sicherheiten:<\/strong><\/p>\n<p><!-- \/wp:paragraph --><\/p>\n<p><!-- wp:paragraph --><\/p>\n<p>Jeder auf Livonia gelistete Kredit ist durch eine Vielzahl von Ma\u00dfnahmen abgesichert. Diese Sicherheiten umfassen eine Reihe von Verm\u00f6genswerten, darunter Immobilien wie Grundst\u00fccke, Waldgrundst\u00fccke, Geb\u00e4ude, bewegliches Eigentum wie Holzvorr\u00e4te, Hackschnitzelvorr\u00e4te und andere.<\/p>\n<p><!-- \/wp:paragraph --><\/p>\n<p><!-- wp:paragraph --><\/p>\n<p>Dazu geh\u00f6ren wertvolle Verm\u00f6genswerte wie schwere Maschinen und komplexe Anlagen, die in Fabriken verwendet werden. Diese beweglichen Sicherheiten bieten eine zus\u00e4tzliche Sicherheitsebene, und bei einem Ausfall k\u00f6nnen diese verkauft werden, um die Anlegergelder zur\u00fcckzuerhalten.<\/p>\n<p><!-- \/wp:paragraph --><\/p>\n<p><!-- wp:paragraph --><\/p>\n<p><strong>M\u00f6glichkeit des vorzeitigen Ausstiegs:<\/strong><\/p>\n<p><!-- \/wp:paragraph --><\/p>\n<p><!-- wp:paragraph --><\/p>\n<p>Livonia bietet zwar nicht f\u00fcr jedes Darlehen die M\u00f6glichkeit eines vorzeitigen Ausstiegs aus dem Projekt, jedoch nur f\u00fcr 10 % des investierten Betrags.<\/p>\n<p><!-- \/wp:paragraph --><\/p>\n<p><!-- wp:paragraph --><\/p>\n<p>Falls Sie sich f\u00fcr einen Ausstieg aus Ihrer Investition entscheiden, m\u00fcssen Sie eine E-Mail an info@livonia.finance schreiben und um die M\u00f6glichkeit eines vorzeitigen Ausstiegs bitten.<\/p>\n<p><!-- \/wp:paragraph --><\/p>\n<p><!-- wp:paragraph --><\/p>\n<p><strong style=\"color: var( --e-global-color-text ); font-family: var( --e-global-typography-text-font-family ), Sans-serif; text-align: var(--text-align);\">Interner Sicherheitsdienst:<\/strong><span style=\"color: var( --e-global-color-text ); font-family: var( --e-global-typography-text-font-family ), Sans-serif; font-weight: var( --e-global-typography-text-font-weight ); text-align: var(--text-align);\"> Die Livonia-Plattform verf\u00fcgt \u00fcber eine eigene Sicherheitsebene, die zus\u00e4tzliche Sicherheit f\u00fcr Unternehmen und Investoren bietet. Es handelt sich um GPS-Module in jedem Firmenwagen und die Video\u00fcberwachung der Verm\u00f6genswerte des Unternehmens wie Holzvorr\u00e4te, Holzsp\u00e4ne und andere Dinge.<\/span><\/p>\n<p>\u00a0<\/p>\n<p><!-- \/wp:paragraph --><\/p>\n<p><!-- wp:paragraph --><\/p>\n<p>\u00a0<\/p>\n<p><!-- \/wp:paragraph --><\/p>\t\t\t\t\t\t\t\t<\/div>\n\t\t\t\t<\/div>\n\t\t\t\t\t<\/div>\n\t\t\t\t<\/div>\n\t\t\t\t<\/div>","protected":false},"excerpt":{"rendered":"<p>Loans Guarantees and Collaterals on Livonia Platform! Livonia platform is made to atract funds for company Veselavas pagasta zemnieka saimniec\u012bba &#8220;Ka\u017e\u0113ri&#8221; and platform is a structural unit registered in Latvia&#8217;s IRS- Internal revenue service and Livonia is a brand name for company Veselavas pagasta zemnieka saimniec\u012bba &#8220;Ka\u017e\u0113ri&#8221; \u00a0Investors in LIVONIA are investing straight to forestry company without any intermediary&#8217;s and&#8230;<\/p>","protected":false},"author":236581218,"featured_media":0,"parent":0,"menu_order":0,"comment_status":"closed","ping_status":"closed","template":"","meta":{"_acf_changed":false,"_starter_page_template":"blank","_wpcom_template_layout_category":["about"],"footnotes":""},"class_list":["post-6191","page","type-page","status-publish","hentry"],"acf":[],"yoast_head":"<!-- This site is optimized with the Yoast SEO plugin v27.4 - https:\/\/yoast.com\/product\/yoast-seo-wordpress\/ -->\n<title>Loans guarantees and collaterals - LIVONIA Finance - P2B investments<\/title>\n<meta name=\"robots\" content=\"index, follow, max-snippet:-1, max-image-preview:large, max-video-preview:-1\" \/>\n<link rel=\"canonical\" href=\"https:\/\/livonia.finance\/de\/kreditburgschaften-und-sicherheiten\/\" \/>\n<meta property=\"og:locale\" content=\"de_DE\" \/>\n<meta property=\"og:type\" content=\"article\" \/>\n<meta property=\"og:title\" content=\"Loans guarantees and collaterals - LIVONIA Finance - P2B investments\" \/>\n<meta property=\"og:description\" content=\"Loans Guarantees and Collaterals on Livonia Platform! Livonia platform is made to atract funds for company Veselavas pagasta zemnieka saimniec\u012bba &#8220;Ka\u017e\u0113ri&#8221; and platform is a structural unit registered in Latvia&#8217;s IRS- Internal revenue service and Livonia is a brand name for company Veselavas pagasta zemnieka saimniec\u012bba &#8220;Ka\u017e\u0113ri&#8221; \u00a0Investors in LIVONIA are investing straight to forestry company without any intermediary&#8217;s and...\" \/>\n<meta property=\"og:url\" content=\"https:\/\/livonia.finance\/de\/kreditburgschaften-und-sicherheiten\/\" \/>\n<meta property=\"og:site_name\" content=\"LIVONIA Finance - P2B investments\" \/>\n<meta property=\"article:publisher\" content=\"https:\/\/www.facebook.com\/profile.php?id=100095344260318\" \/>\n<meta property=\"article:modified_time\" content=\"2025-05-31T07:35:13+00:00\" \/>\n<meta name=\"twitter:card\" content=\"summary_large_image\" \/>\n<meta name=\"twitter:label1\" content=\"Gesch\u00e4tzte Lesezeit\" \/>\n\t<meta name=\"twitter:data1\" content=\"2\u00a0Minuten\" \/>\n<script type=\"application\/ld+json\" class=\"yoast-schema-graph\">{\"@context\":\"https:\\\/\\\/schema.org\",\"@graph\":[{\"@type\":\"WebPage\",\"@id\":\"https:\\\/\\\/livonia.finance\\\/loans-guarantees-and-collaterals\\\/\",\"url\":\"https:\\\/\\\/livonia.finance\\\/loans-guarantees-and-collaterals\\\/\",\"name\":\"Loans guarantees and collaterals - LIVONIA Finance - P2B investments\",\"isPartOf\":{\"@id\":\"https:\\\/\\\/livonia.finance\\\/#website\"},\"datePublished\":\"2023-08-10T12:41:05+00:00\",\"dateModified\":\"2025-05-31T07:35:13+00:00\",\"breadcrumb\":{\"@id\":\"https:\\\/\\\/livonia.finance\\\/loans-guarantees-and-collaterals\\\/#breadcrumb\"},\"inLanguage\":\"de\",\"potentialAction\":[{\"@type\":\"ReadAction\",\"target\":[\"https:\\\/\\\/livonia.finance\\\/loans-guarantees-and-collaterals\\\/\"]}]},{\"@type\":\"BreadcrumbList\",\"@id\":\"https:\\\/\\\/livonia.finance\\\/loans-guarantees-and-collaterals\\\/#breadcrumb\",\"itemListElement\":[{\"@type\":\"ListItem\",\"position\":1,\"name\":\"Home\",\"item\":\"https:\\\/\\\/livonia.finance\\\/\"},{\"@type\":\"ListItem\",\"position\":2,\"name\":\"Loans guarantees and collaterals\"}]},{\"@type\":\"WebSite\",\"@id\":\"https:\\\/\\\/livonia.finance\\\/#website\",\"url\":\"https:\\\/\\\/livonia.finance\\\/\",\"name\":\"LIVONIA Finance - P2B investments\",\"description\":\"P2B lending investments\",\"publisher\":{\"@id\":\"https:\\\/\\\/livonia.finance\\\/#organization\"},\"potentialAction\":[{\"@type\":\"SearchAction\",\"target\":{\"@type\":\"EntryPoint\",\"urlTemplate\":\"https:\\\/\\\/livonia.finance\\\/?s={search_term_string}\"},\"query-input\":{\"@type\":\"PropertyValueSpecification\",\"valueRequired\":true,\"valueName\":\"search_term_string\"}}],\"inLanguage\":\"de\"},{\"@type\":\"Organization\",\"@id\":\"https:\\\/\\\/livonia.finance\\\/#organization\",\"name\":\"LIVONIA Finance - P2B investments\",\"url\":\"https:\\\/\\\/livonia.finance\\\/\",\"logo\":{\"@type\":\"ImageObject\",\"inLanguage\":\"de\",\"@id\":\"https:\\\/\\\/livonia.finance\\\/#\\\/schema\\\/logo\\\/image\\\/\",\"url\":\"https:\\\/\\\/livonia.finance\\\/wp-content\\\/uploads\\\/2023\\\/07\\\/image-1.jpeg\",\"contentUrl\":\"https:\\\/\\\/livonia.finance\\\/wp-content\\\/uploads\\\/2023\\\/07\\\/image-1.jpeg\",\"width\":512,\"height\":512,\"caption\":\"LIVONIA Finance - P2B investments\"},\"image\":{\"@id\":\"https:\\\/\\\/livonia.finance\\\/#\\\/schema\\\/logo\\\/image\\\/\"},\"sameAs\":[\"https:\\\/\\\/www.facebook.com\\\/profile.php?id=100095344260318\"]}]}<\/script>\n<!-- \/ Yoast SEO plugin. -->","yoast_head_json":{"title":"Darlehensgarantien und -sicherheiten - LIVONIA Finance - P2B-Investitionen","robots":{"index":"index","follow":"follow","max-snippet":"max-snippet:-1","max-image-preview":"max-image-preview:large","max-video-preview":"max-video-preview:-1"},"canonical":"https:\/\/livonia.finance\/de\/kreditburgschaften-und-sicherheiten\/","og_locale":"de_DE","og_type":"article","og_title":"Loans guarantees and collaterals - LIVONIA Finance - P2B investments","og_description":"Loans Guarantees and Collaterals on Livonia Platform! Livonia platform is made to atract funds for company Veselavas pagasta zemnieka saimniec\u012bba &#8220;Ka\u017e\u0113ri&#8221; and platform is a structural unit registered in Latvia&#8217;s IRS- Internal revenue service and Livonia is a brand name for company Veselavas pagasta zemnieka saimniec\u012bba &#8220;Ka\u017e\u0113ri&#8221; \u00a0Investors in LIVONIA are investing straight to forestry company without any intermediary&#8217;s and...","og_url":"https:\/\/livonia.finance\/de\/kreditburgschaften-und-sicherheiten\/","og_site_name":"LIVONIA Finance - P2B investments","article_publisher":"https:\/\/www.facebook.com\/profile.php?id=100095344260318","article_modified_time":"2025-05-31T07:35:13+00:00","twitter_card":"summary_large_image","twitter_misc":{"Gesch\u00e4tzte Lesezeit":"2\u00a0Minuten"},"schema":{"@context":"https:\/\/schema.org","@graph":[{"@type":"WebPage","@id":"https:\/\/livonia.finance\/loans-guarantees-and-collaterals\/","url":"https:\/\/livonia.finance\/loans-guarantees-and-collaterals\/","name":"Darlehensgarantien und -sicherheiten - LIVONIA Finance - P2B-Investitionen","isPartOf":{"@id":"https:\/\/livonia.finance\/#website"},"datePublished":"2023-08-10T12:41:05+00:00","dateModified":"2025-05-31T07:35:13+00:00","breadcrumb":{"@id":"https:\/\/livonia.finance\/loans-guarantees-and-collaterals\/#breadcrumb"},"inLanguage":"de","potentialAction":[{"@type":"ReadAction","target":["https:\/\/livonia.finance\/loans-guarantees-and-collaterals\/"]}]},{"@type":"BreadcrumbList","@id":"https:\/\/livonia.finance\/loans-guarantees-and-collaterals\/#breadcrumb","itemListElement":[{"@type":"ListItem","position":1,"name":"Home","item":"https:\/\/livonia.finance\/"},{"@type":"ListItem","position":2,"name":"Loans guarantees and collaterals"}]},{"@type":"WebSite","@id":"https:\/\/livonia.finance\/#website","url":"https:\/\/livonia.finance\/","name":"LIVONIA Finance - P2B-Anlagen","description":"Investitionen in P2B-Kredite","publisher":{"@id":"https:\/\/livonia.finance\/#organization"},"potentialAction":[{"@type":"SearchAction","target":{"@type":"EntryPoint","urlTemplate":"https:\/\/livonia.finance\/?s={search_term_string}"},"query-input":{"@type":"PropertyValueSpecification","valueRequired":true,"valueName":"search_term_string"}}],"inLanguage":"de"},{"@type":"Organization","@id":"https:\/\/livonia.finance\/#organization","name":"LIVONIA Finance - P2B-Anlagen","url":"https:\/\/livonia.finance\/","logo":{"@type":"ImageObject","inLanguage":"de","@id":"https:\/\/livonia.finance\/#\/schema\/logo\/image\/","url":"https:\/\/livonia.finance\/wp-content\/uploads\/2023\/07\/image-1.jpeg","contentUrl":"https:\/\/livonia.finance\/wp-content\/uploads\/2023\/07\/image-1.jpeg","width":512,"height":512,"caption":"LIVONIA Finance - P2B investments"},"image":{"@id":"https:\/\/livonia.finance\/#\/schema\/logo\/image\/"},"sameAs":["https:\/\/www.facebook.com\/profile.php?id=100095344260318"]}]}},"_links":{"self":[{"href":"https:\/\/livonia.finance\/de\/wp-json\/wp\/v2\/pages\/6191","targetHints":{"allow":["GET"]}}],"collection":[{"href":"https:\/\/livonia.finance\/de\/wp-json\/wp\/v2\/pages"}],"about":[{"href":"https:\/\/livonia.finance\/de\/wp-json\/wp\/v2\/types\/page"}],"author":[{"embeddable":true,"href":"https:\/\/livonia.finance\/de\/wp-json\/wp\/v2\/users\/236581218"}],"replies":[{"embeddable":true,"href":"https:\/\/livonia.finance\/de\/wp-json\/wp\/v2\/comments?post=6191"}],"version-history":[{"count":23,"href":"https:\/\/livonia.finance\/de\/wp-json\/wp\/v2\/pages\/6191\/revisions"}],"predecessor-version":[{"id":14204,"href":"https:\/\/livonia.finance\/de\/wp-json\/wp\/v2\/pages\/6191\/revisions\/14204"}],"wp:attachment":[{"href":"https:\/\/livonia.finance\/de\/wp-json\/wp\/v2\/media?parent=6191"}],"curies":[{"name":"wp","href":"https:\/\/api.w.org\/{rel}","templated":true}]}}