{"id":6188,"date":"2023-08-10T15:37:16","date_gmt":"2023-08-10T12:37:16","guid":{"rendered":"https:\/\/livonia.finance\/?page_id=6188"},"modified":"2023-12-16T22:08:36","modified_gmt":"2023-12-16T20:08:36","slug":"descprition-of-risks","status":"publish","type":"page","link":"https:\/\/livonia.finance\/de\/beschreibung-der-risiken\/","title":{"rendered":"Risikobeschreibung"},"content":{"rendered":"<p><\/p>\n\n\n\n<p><\/p>\n\n\n\n<p><strong>Risiken im Zusammenhang mit der Investition in die Livonia-Plattform<\/strong><\/p>\n\n\n\n<p>Die Investition in Crowdfunding-Projekte \u00fcber die Livonia-Plattform birgt inh\u00e4rente Risiken, die sorgf\u00e4ltig abgewogen werden sollten. Obwohl Livonia Ma\u00dfnahmen ergreift, um diese Risiken zu mindern, m\u00fcssen sich die Anleger dar\u00fcber im Klaren sein, dass das Potenzial f\u00fcr finanzielle Verluste besteht. Trotz der Bem\u00fchungen, die Risiken zu verringern, besteht die M\u00f6glichkeit, investierte Betr\u00e4ge und Ertr\u00e4ge zu verlieren. Hier sind die wichtigsten Risiken, die mit Investitionen auf der Livonia-Plattform verbunden sind:<\/p>\n\n\n\n<p><strong>1. Risiko der Verpflichtungserf\u00fcllung:<\/strong><\/p>\n\n\n\n<p>Livonia ist bestrebt, die Zuverl\u00e4ssigkeit und Kreditw\u00fcrdigkeit von Projektinhabern und Personen, die Sicherheitsma\u00dfnahmen ergreifen, zu bewerten. Livonia kann jedoch nicht garantieren, dass die Projekteigent\u00fcmer Crowdfunding-Transaktionen immer korrekt und p\u00fcnktlich durchf\u00fchren werden. Es kann sein, dass die Projekteigent\u00fcmer ihren Verpflichtungen gegen\u00fcber den Anlegern nicht oder nur teilweise nachkommen, was zu finanziellen Verlusten f\u00fchren kann.<\/p>\n\n\n\n<p><strong>2. Risiken im Zusammenhang mit Sicherheitsma\u00dfnahmen:<\/strong><\/p>\n\n\n\n<p>W\u00e4hrend Investitionen in Livonia-Projekte durch Sicherheitsma\u00dfnahmen wie Hypotheken, schwere Maschinen und bewegliches Eigentum gesichert sind, kann es F\u00e4lle geben, in denen der Wert der Sicherheitsma\u00dfnahmen nicht ausreicht, um die Verpflichtungen des Projekteigent\u00fcmers zu decken. Wirtschaftliche Ver\u00e4nderungen, Ma\u00dfnahmen des Projekteigent\u00fcmers, Marktbedingungen und Liquidit\u00e4t k\u00f6nnen sich auf die Angemessenheit der Sicherheitsma\u00dfnahme auswirken.<\/p>\n\n\n\n<p><strong>3. Risiken bei der Wiederherstellung:<\/strong><\/p>\n\n\n\n<p>Im Falle eines Zahlungsausfalls des Projekteigent\u00fcmers kann Livonia auf der Grundlage der gestellten Sicherheiten die Zwangseintreibung einleiten. Wenn die finanzielle Situation des Projekteigent\u00fcmers jedoch schlecht ist, kann die Beitreibung l\u00e4nger dauern und der beigetriebene Betrag deckt m\u00f6glicherweise nicht alle Schulden gegen\u00fcber den Investoren ab.<\/p>\n\n\n\n<p><strong>4. warnhinweise und empfehlungen:<\/strong><\/p>\n\n\n\n<p><strong>Bevor Sie auf der Livonia-Plattform investieren, sollten Sie die folgenden Schritte beachten<\/strong>:<\/p>\n\n\n\n<p>Beurteilen Sie Ihre Erfahrung und Ihr Wissen \u00fcber Investitionen.<\/p>\n\n\n\n<p>Verstehen Sie die damit verbundenen Risiken.<\/p>\n\n\n\n<p>Beurteilen Sie Ihre finanzielle Situation und die m\u00f6glichen Auswirkungen von Verlusten.<\/p>\n\n\n\n<p>Lassen Sie sich bei Bedarf von Fachleuten beraten.<\/p>\n\n\n\n<p>Lassen Sie sich von Experten \u00fcber die steuerlichen Auswirkungen beraten.<\/p>\n\n\n\n<p><strong>Weitere Punkte sind zu beachten:<\/strong><\/p>\n\n\n\n<p>Projektbeschreibungen, Sch\u00e4tzungen und Einkommensprognosen auf der Plattform von Livonia sind indikativ und k\u00f6nnen sich je nach Marktbedingungen \u00e4ndern.<\/p>\n\n\n\n<p>Jede Crowdfunding-Transaktion birgt einzigartige Risiken; die Anleger m\u00fcssen nicht nur die allgemeinen Risiken, sondern auch die spezifischen Umst\u00e4nde jeder Transaktion bewerten.<\/p>\n\n\n\n<p>Vergangene Performance-Daten auf der Plattform von Livonia sind kein verl\u00e4sslicher Indikator f\u00fcr zuk\u00fcnftige Anlageertr\u00e4ge. Verlassen Sie sich nicht auf vergangene Ergebnisse als Garantie f\u00fcr zuk\u00fcnftige Ergebnisse.<\/p>\n\n\n\n<p>Anleger sollten die Risiken sorgf\u00e4ltig abw\u00e4gen und Vorsicht walten lassen, wenn sie auf der Livonia-Plattform investieren. Treffen Sie gut informierte Entscheidungen auf der Grundlage Ihrer finanziellen Verh\u00e4ltnisse und Ihrer Risikotoleranz.<\/p>","protected":false},"excerpt":{"rendered":"<p>Risiken im Zusammenhang mit Investitionen auf der Livonia-Plattform Investitionen in Crowdfunding-Projekte \u00fcber die Livonia-Plattform sind mit Risiken verbunden, die sorgf\u00e4ltig abgewogen werden sollten. Obwohl Livonia Ma\u00dfnahmen ergreift, um diese Risiken zu mindern, m\u00fcssen sich die Anleger dar\u00fcber im Klaren sein, dass das Potenzial f\u00fcr finanzielle Verluste besteht. Trotz der Bem\u00fchungen, die Risiken zu verringern, besteht die M\u00f6glichkeit, investierte Betr\u00e4ge und Ertr\u00e4ge zu verlieren. Hier sind die wichtigsten...<\/p>","protected":false},"author":236581218,"featured_media":0,"parent":0,"menu_order":0,"comment_status":"closed","ping_status":"closed","template":"","meta":{"_acf_changed":false,"_starter_page_template":"blank","_wpcom_template_layout_category":["about"],"footnotes":""},"class_list":["post-6188","page","type-page","status-publish","hentry"],"acf":[],"yoast_head":"<!-- This site is optimized with the Yoast SEO plugin v27.4 - https:\/\/yoast.com\/product\/yoast-seo-wordpress\/ -->\n<title>Descprition of risks - LIVONIA Finance - P2B investments<\/title>\n<meta name=\"robots\" content=\"index, follow, max-snippet:-1, max-image-preview:large, max-video-preview:-1\" \/>\n<link rel=\"canonical\" href=\"https:\/\/livonia.finance\/de\/beschreibung-der-risiken\/\" \/>\n<meta property=\"og:locale\" content=\"de_DE\" \/>\n<meta property=\"og:type\" content=\"article\" \/>\n<meta property=\"og:title\" content=\"Descprition of risks - LIVONIA Finance - P2B investments\" \/>\n<meta property=\"og:description\" content=\"Risks Associated with Investment in Livonia Platform Investing in crowdfunding projects through the Livonia platform carries inherent risks that should be carefully considered. While Livonia takes measures to mitigate these risks, investors need to understand that the potential for financial loss exists. Despite efforts to reduce risks, the possibility of losing invested amounts and returns remains. Here are the key...\" \/>\n<meta property=\"og:url\" content=\"https:\/\/livonia.finance\/de\/beschreibung-der-risiken\/\" \/>\n<meta property=\"og:site_name\" content=\"LIVONIA Finance - P2B investments\" \/>\n<meta property=\"article:publisher\" content=\"https:\/\/www.facebook.com\/profile.php?id=100095344260318\" \/>\n<meta property=\"article:modified_time\" content=\"2023-12-16T20:08:36+00:00\" \/>\n<meta name=\"twitter:card\" content=\"summary_large_image\" \/>\n<meta name=\"twitter:label1\" content=\"Gesch\u00e4tzte Lesezeit\" \/>\n\t<meta name=\"twitter:data1\" content=\"2\u00a0Minuten\" \/>\n<script type=\"application\/ld+json\" class=\"yoast-schema-graph\">{\"@context\":\"https:\\\/\\\/schema.org\",\"@graph\":[{\"@type\":\"WebPage\",\"@id\":\"https:\\\/\\\/livonia.finance\\\/descprition-of-risks\\\/\",\"url\":\"https:\\\/\\\/livonia.finance\\\/descprition-of-risks\\\/\",\"name\":\"Descprition of risks - LIVONIA Finance - P2B investments\",\"isPartOf\":{\"@id\":\"https:\\\/\\\/livonia.finance\\\/#website\"},\"datePublished\":\"2023-08-10T12:37:16+00:00\",\"dateModified\":\"2023-12-16T20:08:36+00:00\",\"breadcrumb\":{\"@id\":\"https:\\\/\\\/livonia.finance\\\/descprition-of-risks\\\/#breadcrumb\"},\"inLanguage\":\"de\",\"potentialAction\":[{\"@type\":\"ReadAction\",\"target\":[\"https:\\\/\\\/livonia.finance\\\/descprition-of-risks\\\/\"]}]},{\"@type\":\"BreadcrumbList\",\"@id\":\"https:\\\/\\\/livonia.finance\\\/descprition-of-risks\\\/#breadcrumb\",\"itemListElement\":[{\"@type\":\"ListItem\",\"position\":1,\"name\":\"Home\",\"item\":\"https:\\\/\\\/livonia.finance\\\/\"},{\"@type\":\"ListItem\",\"position\":2,\"name\":\"Descprition of risks\"}]},{\"@type\":\"WebSite\",\"@id\":\"https:\\\/\\\/livonia.finance\\\/#website\",\"url\":\"https:\\\/\\\/livonia.finance\\\/\",\"name\":\"LIVONIA Finance - P2B investments\",\"description\":\"P2B lending investments\",\"publisher\":{\"@id\":\"https:\\\/\\\/livonia.finance\\\/#organization\"},\"potentialAction\":[{\"@type\":\"SearchAction\",\"target\":{\"@type\":\"EntryPoint\",\"urlTemplate\":\"https:\\\/\\\/livonia.finance\\\/?s={search_term_string}\"},\"query-input\":{\"@type\":\"PropertyValueSpecification\",\"valueRequired\":true,\"valueName\":\"search_term_string\"}}],\"inLanguage\":\"de\"},{\"@type\":\"Organization\",\"@id\":\"https:\\\/\\\/livonia.finance\\\/#organization\",\"name\":\"LIVONIA Finance - P2B investments\",\"url\":\"https:\\\/\\\/livonia.finance\\\/\",\"logo\":{\"@type\":\"ImageObject\",\"inLanguage\":\"de\",\"@id\":\"https:\\\/\\\/livonia.finance\\\/#\\\/schema\\\/logo\\\/image\\\/\",\"url\":\"https:\\\/\\\/livonia.finance\\\/wp-content\\\/uploads\\\/2023\\\/07\\\/image-1.jpeg\",\"contentUrl\":\"https:\\\/\\\/livonia.finance\\\/wp-content\\\/uploads\\\/2023\\\/07\\\/image-1.jpeg\",\"width\":512,\"height\":512,\"caption\":\"LIVONIA Finance - P2B investments\"},\"image\":{\"@id\":\"https:\\\/\\\/livonia.finance\\\/#\\\/schema\\\/logo\\\/image\\\/\"},\"sameAs\":[\"https:\\\/\\\/www.facebook.com\\\/profile.php?id=100095344260318\"]}]}<\/script>\n<!-- \/ Yoast SEO plugin. -->","yoast_head_json":{"title":"Beschreibung der Risiken - LIVONIA Finance - P2B-Anlagen","robots":{"index":"index","follow":"follow","max-snippet":"max-snippet:-1","max-image-preview":"max-image-preview:large","max-video-preview":"max-video-preview:-1"},"canonical":"https:\/\/livonia.finance\/de\/beschreibung-der-risiken\/","og_locale":"de_DE","og_type":"article","og_title":"Descprition of risks - LIVONIA Finance - P2B investments","og_description":"Risks Associated with Investment in Livonia Platform Investing in crowdfunding projects through the Livonia platform carries inherent risks that should be carefully considered. While Livonia takes measures to mitigate these risks, investors need to understand that the potential for financial loss exists. Despite efforts to reduce risks, the possibility of losing invested amounts and returns remains. Here are the key...","og_url":"https:\/\/livonia.finance\/de\/beschreibung-der-risiken\/","og_site_name":"LIVONIA Finance - P2B investments","article_publisher":"https:\/\/www.facebook.com\/profile.php?id=100095344260318","article_modified_time":"2023-12-16T20:08:36+00:00","twitter_card":"summary_large_image","twitter_misc":{"Gesch\u00e4tzte Lesezeit":"2\u00a0Minuten"},"schema":{"@context":"https:\/\/schema.org","@graph":[{"@type":"WebPage","@id":"https:\/\/livonia.finance\/descprition-of-risks\/","url":"https:\/\/livonia.finance\/descprition-of-risks\/","name":"Beschreibung der Risiken - LIVONIA Finance - P2B-Anlagen","isPartOf":{"@id":"https:\/\/livonia.finance\/#website"},"datePublished":"2023-08-10T12:37:16+00:00","dateModified":"2023-12-16T20:08:36+00:00","breadcrumb":{"@id":"https:\/\/livonia.finance\/descprition-of-risks\/#breadcrumb"},"inLanguage":"de","potentialAction":[{"@type":"ReadAction","target":["https:\/\/livonia.finance\/descprition-of-risks\/"]}]},{"@type":"BreadcrumbList","@id":"https:\/\/livonia.finance\/descprition-of-risks\/#breadcrumb","itemListElement":[{"@type":"ListItem","position":1,"name":"Home","item":"https:\/\/livonia.finance\/"},{"@type":"ListItem","position":2,"name":"Descprition of risks"}]},{"@type":"WebSite","@id":"https:\/\/livonia.finance\/#website","url":"https:\/\/livonia.finance\/","name":"LIVONIA Finance - P2B-Anlagen","description":"Investitionen in P2B-Kredite","publisher":{"@id":"https:\/\/livonia.finance\/#organization"},"potentialAction":[{"@type":"SearchAction","target":{"@type":"EntryPoint","urlTemplate":"https:\/\/livonia.finance\/?s={search_term_string}"},"query-input":{"@type":"PropertyValueSpecification","valueRequired":true,"valueName":"search_term_string"}}],"inLanguage":"de"},{"@type":"Organization","@id":"https:\/\/livonia.finance\/#organization","name":"LIVONIA Finance - P2B-Anlagen","url":"https:\/\/livonia.finance\/","logo":{"@type":"ImageObject","inLanguage":"de","@id":"https:\/\/livonia.finance\/#\/schema\/logo\/image\/","url":"https:\/\/livonia.finance\/wp-content\/uploads\/2023\/07\/image-1.jpeg","contentUrl":"https:\/\/livonia.finance\/wp-content\/uploads\/2023\/07\/image-1.jpeg","width":512,"height":512,"caption":"LIVONIA Finance - P2B investments"},"image":{"@id":"https:\/\/livonia.finance\/#\/schema\/logo\/image\/"},"sameAs":["https:\/\/www.facebook.com\/profile.php?id=100095344260318"]}]}},"_links":{"self":[{"href":"https:\/\/livonia.finance\/de\/wp-json\/wp\/v2\/pages\/6188","targetHints":{"allow":["GET"]}}],"collection":[{"href":"https:\/\/livonia.finance\/de\/wp-json\/wp\/v2\/pages"}],"about":[{"href":"https:\/\/livonia.finance\/de\/wp-json\/wp\/v2\/types\/page"}],"author":[{"embeddable":true,"href":"https:\/\/livonia.finance\/de\/wp-json\/wp\/v2\/users\/236581218"}],"replies":[{"embeddable":true,"href":"https:\/\/livonia.finance\/de\/wp-json\/wp\/v2\/comments?post=6188"}],"version-history":[{"count":3,"href":"https:\/\/livonia.finance\/de\/wp-json\/wp\/v2\/pages\/6188\/revisions"}],"predecessor-version":[{"id":13232,"href":"https:\/\/livonia.finance\/de\/wp-json\/wp\/v2\/pages\/6188\/revisions\/13232"}],"wp:attachment":[{"href":"https:\/\/livonia.finance\/de\/wp-json\/wp\/v2\/media?parent=6188"}],"curies":[{"name":"wp","href":"https:\/\/api.w.org\/{rel}","templated":true}]}}