{"id":6142,"date":"2023-08-10T13:52:56","date_gmt":"2023-08-10T10:52:56","guid":{"rendered":"https:\/\/livonia.finance\/?page_id=6142"},"modified":"2025-05-31T10:54:31","modified_gmt":"2025-05-31T07:54:31","slug":"privacy-policy","status":"publish","type":"page","link":"https:\/\/livonia.finance\/de\/datenschutzbestimmungen\/","title":{"rendered":"Datenschutzbestimmungen"},"content":{"rendered":"<div data-elementor-type=\"wp-page\" data-elementor-id=\"6142\" class=\"elementor elementor-6142\" data-elementor-post-type=\"page\">\n\t\t\t\t<div class=\"elementor-element elementor-element-3fe7c7b6 e-flex e-con-boxed e-con e-parent\" data-id=\"3fe7c7b6\" data-element_type=\"container\" data-e-type=\"container\">\n\t\t\t\t\t<div class=\"e-con-inner\">\n\t\t\t\t<div class=\"elementor-element elementor-element-2ce37440 elementor-widget elementor-widget-text-editor\" data-id=\"2ce37440\" data-element_type=\"widget\" data-e-type=\"widget\" data-widget_type=\"text-editor.default\">\n\t\t\t\t<div class=\"elementor-widget-container\">\n\t\t\t\t\t\t\t\t\t\n<p><strong>Datenschutzrichtlinie von Veselavas pagasta zemnieka saimniec\u012bba \"Ka\u017e\u0113ri\"<\/strong><br \/>Reg. Nr. 49501000919<br \/>Lettland, Lacplesa 61 Stra\u00dfe<br \/>+37124846824<br \/>info@livonia.finance<br \/>Zuletzt aktualisiert am 30.05.2025<\/p>\n\n<p><strong>Einf\u00fchrung<\/strong><br \/>Willkommen auf unserer Plattform, der Livonia-Plattform (https:\/\/www.livonia.finance). Dieses Dokument beschreibt unsere Datenschutzrichtlinien und erkl\u00e4rt, wie wir Ihre Daten sammeln, verwenden und weitergeben. Als Crowdfunding-Dienstleister verpflichten wir uns, Ihre Privatsph\u00e4re zu sch\u00fctzen und die Einhaltung der Grunds\u00e4tze des Datenschutzes und der einschl\u00e4gigen Bestimmungen des europ\u00e4ischen Gesetzes zur Verarbeitung personenbezogener Daten zu gew\u00e4hrleisten. Diese Datenschutzrichtlinie gilt f\u00fcr alle Informationen, die wir \u00fcber unsere Websites, APIs und Schaltfl\u00e4chen erhalten. Bitte nehmen Sie sich die Zeit, diese Richtlinie zu lesen und zu verstehen, um fundierte Entscheidungen \u00fcber die Nutzung unserer Dienste zu treffen.<br \/><strong>Durch die Nutzung dieser Website ? www.livonia.finance, erkl\u00e4ren Sie sich mit dieser Datenschutzrichtlinie einverstanden!<\/strong><\/p>\n\n<p><strong>Arten von gesammelten Informationen:<\/strong><br \/>Wir sammeln auf der Plattform Livonia:<br \/>Pers\u00f6nliche Identifikationsdaten (Vorname, Nachname, pers\u00f6nliche<br \/>Kodex, pers\u00f6nliches Image, Staatsb\u00fcrgerschaft usw.);<br \/>Kontaktinformationen (Wohnanschrift, E-Mail-Adresse,<br \/>Telefonnummer, usw.);<br \/>Daten, die der Kunde (sein Vertreter) verwendet, um sich in das Kundenkonto auf der Website des Unternehmens einzuloggen (Benutzer-ID des Kunden, Passwort usw.);<br \/>Finanzdaten (finanzielle Verpflichtungen, pers\u00f6nliche Kreditw\u00fcrdigkeit, Einkommen, Angaben zu Immobilien, Darlehen, Informationen \u00fcber die auf der Plattform des Unternehmens abgeschlossenen Gesch\u00e4fte, deren Umfang usw.);<br \/>Angaben zu den Kenntnissen und Erfahrungen des Kunden (Anlegers) auf dem Gebiet der Investitionen;<br \/>Daten \u00fcber die Beziehungen der betroffenen Person zu juristischen Personen (Position in der vertretenen Gesellschaft, Daten \u00fcber die Beteiligung einer Person an der Kontrolle von juristischen Personen usw.);<\/p>\n\n<p><strong>Methoden der Informationssammlung:<\/strong><br \/>Wir sammeln personenbezogene Daten in verschiedenen F\u00e4llen, unter anderem:<br \/>Registrierung: Wenn sich ein neuer Nutzer auf unserer Plattform anmeldet, erfassen wir w\u00e4hrend des Anmeldevorgangs Informationen.<br \/>Erstellung von Konten: Personenbezogene Daten werden erhoben, wenn Nutzer ihre Konten auf der Plattform erstellen und verwalten.<br \/>Cookies: Unsere Website verwendet Cookies, um Informationen \u00fcber Benutzerinteraktionen und -pr\u00e4ferenzen zu sammeln.<br \/>Zahlungen und Abhebungen: Informationen werden gesammelt, wenn Nutzer Zahlungen oder Abhebungen auf unserer Plattform vornehmen.<br \/>Interaktion mit dem Kundendienst: Wenn Benutzer mit unserem Kundendienst in Verbindung treten, k\u00f6nnen pers\u00f6nliche Daten gesammelt werden, um bei Anfragen zu helfen.<br \/>Seien Sie versichert, dass wir diese Informationen mit Sorgfalt und unter Einhaltung der Datenschutzbestimmungen behandeln. Bitte lesen Sie weiter, um zu verstehen, wie wir Ihre gesammelten Daten verwenden und sch\u00fctzen.<\/p>\n\n<p><strong>Zweck der Datenerhebung:<\/strong><br \/>Wir sammeln personenbezogene Daten f\u00fcr verschiedene Zwecke, unter anderem:<br \/>Benutzer-Registrierung: Zur Erstellung und Verwaltung von Benutzerkonten auf unserer Plattform.<br \/>Kontoverwaltung: Pflege genauer und aktueller Benutzerprofile.<br \/>Transaktionsverarbeitung: Zur Erleichterung von Zahlungen, Abhebungen und anderen finanziellen Transaktionen.<br \/>Personalisierung: Um die Erfahrungen und Vorlieben der Nutzer auf der Grundlage der gesammelten Daten anzupassen.<br \/>Analytik: Um Nutzungsmuster der Website zu analysieren, Benutzerinteraktionen zu verfolgen und unsere Dienste zu verbessern.<br \/>Kundenbetreuung: Beantwortung von Benutzeranfragen, Behebung von Problemen und Bereitstellung von Hilfe.<br \/>Kommunikation: Um relevante Aktualisierungen, Benachrichtigungen und Marketingmitteilungen zu versenden.<br \/>Einhaltung von Rechtsvorschriften: Einhaltung rechtlicher Verpflichtungen und regulatorischer Anforderungen.<\/p>\n\n<p><strong>Rechtsgrundlage f\u00fcr die Datenverarbeitung:<\/strong><br \/>Einverst\u00e4ndnis: Wenn Sie Ihre ausdr\u00fcckliche Zustimmung zu bestimmten Verarbeitungen geben, z. B. zum Erhalt von Marketingmitteilungen.<br \/>Vertragliche Notwendigkeit: Die Datenverarbeitung ist erforderlich, um Ihren Vertrag mit uns zu erf\u00fcllen, wie z. B. die Abwicklung von Zahlungen und die Erbringung von Dienstleistungen gem\u00e4\u00df unseren Allgemeinen Gesch\u00e4ftsbedingungen.<br \/>Gesetzliche Verpflichtungen: Die Verarbeitung ist erforderlich, um die uns auferlegten gesetzlichen Verpflichtungen zu erf\u00fcllen, wie z. B. die Vorschriften zur Finanzberichterstattung und zur Bek\u00e4mpfung der Geldw\u00e4scherei.<br \/>Berechtigte Interessen: Wir k\u00f6nnen Daten auf der Grundlage unserer berechtigten Interessen verarbeiten, sofern diese nicht Ihre Datenschutzrechte \u00fcberwiegen. Dazu geh\u00f6ren die Verbesserung unserer Dienste, die Verbesserung der Nutzererfahrung und die Gew\u00e4hrleistung der Sicherheit unserer Plattform.<\/p>\n\n<p><strong>Gemeinsame Nutzung durch Dritte:<\/strong><br \/>Unter bestimmten Umst\u00e4nden k\u00f6nnen wir Ihre pers\u00f6nlichen Daten an Dritte weitergeben:<br \/>Dienstanbieter: Wir k\u00f6nnen vertrauensw\u00fcrdige Dienstleister beauftragen, uns bei der Erbringung verschiedener Dienstleistungen zu unterst\u00fctzen, z. B. bei der Zahlungsabwicklung, dem Kundensupport und der Datenanalyse. Diese Dienstleister sind an vertragliche Vereinbarungen gebunden, um den Schutz und die Vertraulichkeit Ihrer Daten zu gew\u00e4hrleisten.<br \/>Gesetzliche Anforderungen: Wir k\u00f6nnen Informationen weitergeben, wenn dies gesetzlich vorgeschrieben ist, oder wenn es sich um rechtliche Verfahren oder beh\u00f6rdliche Anfragen handelt, wie z. B. die Beantwortung von Vorladungen oder Gerichtsbeschl\u00fcssen.<br \/>Unternehmens\u00fcbertragungen: Im Falle einer Fusion, einer \u00dcbernahme oder eines Verkaufs von Verm\u00f6genswerten k\u00f6nnen Ihre personenbezogenen Daten an das \u00fcbernehmende Unternehmen \u00fcbertragen werden.<br \/>Einverst\u00e4ndnis: Wir k\u00f6nnen Ihre Daten an Dritte weitergeben, wenn Sie Ihre ausdr\u00fcckliche Zustimmung f\u00fcr bestimmte Zwecke erteilen, z. B. f\u00fcr die Teilnahme an Werbekampagnen oder Dienstleistungen Dritter.<br \/>Analytik und Marketing: Wir k\u00f6nnen zusammengefasste und anonymisierte Daten an dritte Analyse- und Marketingpartner weitergeben, um unsere Dienste zu verbessern und ma\u00dfgeschneiderte Empfehlungen zu geben.<br \/>Einhaltung und Sicherheit: Wir k\u00f6nnen Informationen weitergeben, um die Sicherheit unserer Nutzer zu sch\u00fctzen, Betrug zu verhindern und unsere Bedingungen und Richtlinien durchzusetzen.<\/p>\n\n<p><strong>Datensicherheit:<\/strong><br \/>Wir nehmen die Datensicherheit ernst und ergreifen geeignete Ma\u00dfnahmen, um Ihre pers\u00f6nlichen Daten vor unbefugtem Zugriff, Verlust oder Missbrauch zu sch\u00fctzen. Unsere Sicherheitspraktiken umfassen:<br \/>Verschl\u00fcsselung: Wir verwenden Verschl\u00fcsselungsprotokolle, um Ihre Daten w\u00e4hrend der \u00dcbertragung und Speicherung zu sch\u00fctzen. Dies hilft, unbefugten Zugriff auf Ihre Informationen zu verhindern.<br \/>Zugangskontrolle: Der Zugriff auf Ihre personenbezogenen Daten ist auf autorisiertes Personal beschr\u00e4nkt, das sie f\u00fcr bestimmte Zwecke ben\u00f6tigt. Wir setzen rollenbasierte Zugriffskontrollen ein, um den Datenzugriff zu begrenzen.<br \/>Regelm\u00e4\u00dfige \u00dcberwachung: Wir \u00fcberwachen unsere Systeme kontinuierlich auf potenzielle Sicherheitsbedrohungen und Schwachstellen. Alle entdeckten Probleme werden umgehend behoben, um die Integrit\u00e4t Ihrer Daten zu gew\u00e4hrleisten.<br \/>Sichere Zahlungsabwicklung: Wenn Sie Zahlungen auf unserer Plattform vornehmen, verwenden wir sichere Zahlungsgateways, um Ihre Finanzdaten zu sch\u00fctzen und sichere Transaktionen zu gew\u00e4hrleisten.<br \/>Aufbewahrung von Daten: Wir bewahren Ihre personenbezogenen Daten nur so lange auf, wie es f\u00fcr die Erf\u00fcllung der Zwecke, f\u00fcr die sie erhoben wurden, erforderlich ist oder wie es das Gesetz vorschreibt.<br \/>Verantwortung der Benutzer: Obwohl wir Ma\u00dfnahmen zum Schutz Ihrer Daten ergreifen, m\u00fcssen Sie Ihre Anmeldedaten sch\u00fctzen und die Weitergabe sensibler Informationen vermeiden.<br \/>Trotz unserer Bem\u00fchungen kann keine Online-Plattform vollst\u00e4ndige Sicherheit garantieren. Wenn Sie eine unbefugte Aktivit\u00e4t vermuten oder Bedenken hinsichtlich der Datensicherheit haben, wenden Sie sich bitte umgehend an unseren Kundendienst.<br \/>Alle unsere Mitarbeiter und die Mitarbeiter unserer Gruppe haben Vertraulichkeitsklauseln in ihren Vertr\u00e4gen.<\/p>\n\n<p><strong>Aufbewahrung von Daten:<\/strong><br \/>Wir werden Ihre personenbezogenen Daten so lange aufbewahren, wie es f\u00fcr die Erf\u00fcllung der in dieser Datenschutzerkl\u00e4rung genannten Zwecke erforderlich ist, es sei denn, wir sind gesetzlich verpflichtet oder berechtigt, diese Daten l\u00e4nger aufzubewahren.<br \/>Wir werden Ihre pers\u00f6nlichen Daten so lange aufbewahren, wie Sie Kunde einer Livonia-Plattform sind.<br \/>Nach Beendigung Ihrer Beziehung zu Livonia k\u00f6nnen wir Ihre Daten bis zu 10 Jahre lang aufbewahren, wenn dies f\u00fcr die Beantwortung von Anfragen oder Beschwerden, f\u00fcr die F\u00fchrung von Aufzeichnungen gem\u00e4\u00df den f\u00fcr uns geltenden Regeln und Vorschriften und f\u00fcr die Einhaltung anderer Gesetze erforderlich ist, einschlie\u00dflich des von unseren Steuerbeh\u00f6rden geforderten Zeitraums.<\/p>\n\n<p><strong>Benutzerrechte:<\/strong><br \/>Wenn Sie mit unseren Datenschutzrichtlinien nicht zufrieden sind oder wenn Sie Beschwerden oder Fragen zur Verwendung Ihrer pers\u00f6nlichen Daten haben, wenden Sie sich bitte per E-Mail an info@livonia.finance<br \/>Sollten Sie mit der Art und Weise, wie wir Ihre personenbezogenen Daten verarbeiten, in irgendeiner Weise unzufrieden sein, haben Sie das Recht, sich an die Datenschutzaufsichtsbeh\u00f6rde der Republik Lettland zu wenden.<br \/>Die Nutzer der Plattform haben das Recht, ihre Daten einzusehen und, wenn sie dies w\u00fcnschen, ihr Livonia-Plattform-Konto zu l\u00f6schen. Wenn ein Nutzer sein Konto auf der Livonia-Plattform l\u00f6schen m\u00f6chte, muss er sich an unseren Kundenservice wenden: info@livonia.finance<\/p>\n\n<p><strong>Cookies und Tracking-Technologien:<\/strong><br \/>Wir verwenden Cookies, weitere Informationen finden Sie in unserer Cookie-Richtlinie.<\/p>\n\n<p><strong>\u00c4nderungen an der Datenschutzrichtlinie:<\/strong><br \/>Wir werden keine Informationen in den Datenschutzrichtlinien ohne Ihr Wissen \u00e4ndern. Wenn die Datenschutzbestimmungen ge\u00e4ndert werden, erhalten alle Nutzer vorher eine Benachrichtigung per E-Mail.<\/p>\n\t\t\t\t\t\t\t\t<\/div>\n\t\t\t\t<\/div>\n\t\t\t\t\t<\/div>\n\t\t\t\t<\/div>\n\t\t\t\t<\/div>","protected":false},"excerpt":{"rendered":"<p>Privacy Policy of Veselavas pagasta zemnieka saimniec\u012bba &#8220;Ka\u017e\u0113ri&#8221;Reg. Nr. 49501000919Latvia, Lacplesa 61 street+37124846824info@livonia.financeLast updated 30.05.2025 IntroductionWelcome to our platform, Livonia platform (https:\/\/www.livonia.finance). This document outlines our Privacy Policy, explaining how we collect, use, and share your information. As a Crowdfunding service provider, we are committed to protecting your privacy and ensuring compliance with the principles of data protection and relevant&#8230;<\/p>","protected":false},"author":236581218,"featured_media":0,"parent":0,"menu_order":0,"comment_status":"closed","ping_status":"closed","template":"","meta":{"_acf_changed":false,"_starter_page_template":"","_wpcom_template_layout_category":[],"footnotes":""},"class_list":["post-6142","page","type-page","status-publish","hentry"],"acf":[],"yoast_head":"<!-- This site is optimized with the Yoast SEO plugin v27.4 - https:\/\/yoast.com\/product\/yoast-seo-wordpress\/ -->\n<title>Privacy Policy - LIVONIA Finance - P2B investments<\/title>\n<meta name=\"robots\" content=\"index, follow, max-snippet:-1, max-image-preview:large, max-video-preview:-1\" \/>\n<link rel=\"canonical\" href=\"https:\/\/livonia.finance\/de\/datenschutzbestimmungen\/\" \/>\n<meta property=\"og:locale\" content=\"de_DE\" \/>\n<meta property=\"og:type\" content=\"article\" \/>\n<meta property=\"og:title\" content=\"Privacy Policy - LIVONIA Finance - P2B investments\" \/>\n<meta property=\"og:description\" content=\"Privacy Policy of Veselavas pagasta zemnieka saimniec\u012bba &#8220;Ka\u017e\u0113ri&#8221;Reg. Nr. 49501000919Latvia, Lacplesa 61 street+37124846824info@livonia.financeLast updated 30.05.2025 IntroductionWelcome to our platform, Livonia platform (https:\/\/www.livonia.finance). This document outlines our Privacy Policy, explaining how we collect, use, and share your information. As a Crowdfunding service provider, we are committed to protecting your privacy and ensuring compliance with the principles of data protection and relevant...\" \/>\n<meta property=\"og:url\" content=\"https:\/\/livonia.finance\/de\/datenschutzbestimmungen\/\" \/>\n<meta property=\"og:site_name\" content=\"LIVONIA Finance - P2B investments\" \/>\n<meta property=\"article:publisher\" content=\"https:\/\/www.facebook.com\/profile.php?id=100095344260318\" \/>\n<meta property=\"article:modified_time\" content=\"2025-05-31T07:54:31+00:00\" \/>\n<meta name=\"twitter:card\" content=\"summary_large_image\" \/>\n<meta name=\"twitter:label1\" content=\"Gesch\u00e4tzte Lesezeit\" \/>\n\t<meta name=\"twitter:data1\" content=\"6\u00a0Minuten\" \/>\n<script type=\"application\/ld+json\" class=\"yoast-schema-graph\">{\"@context\":\"https:\\\/\\\/schema.org\",\"@graph\":[{\"@type\":\"WebPage\",\"@id\":\"https:\\\/\\\/livonia.finance\\\/privacy-policy\\\/\",\"url\":\"https:\\\/\\\/livonia.finance\\\/privacy-policy\\\/\",\"name\":\"Privacy Policy - LIVONIA Finance - P2B investments\",\"isPartOf\":{\"@id\":\"https:\\\/\\\/livonia.finance\\\/#website\"},\"datePublished\":\"2023-08-10T10:52:56+00:00\",\"dateModified\":\"2025-05-31T07:54:31+00:00\",\"breadcrumb\":{\"@id\":\"https:\\\/\\\/livonia.finance\\\/privacy-policy\\\/#breadcrumb\"},\"inLanguage\":\"de\",\"potentialAction\":[{\"@type\":\"ReadAction\",\"target\":[\"https:\\\/\\\/livonia.finance\\\/privacy-policy\\\/\"]}]},{\"@type\":\"BreadcrumbList\",\"@id\":\"https:\\\/\\\/livonia.finance\\\/privacy-policy\\\/#breadcrumb\",\"itemListElement\":[{\"@type\":\"ListItem\",\"position\":1,\"name\":\"Home\",\"item\":\"https:\\\/\\\/livonia.finance\\\/\"},{\"@type\":\"ListItem\",\"position\":2,\"name\":\"Privacy Policy\"}]},{\"@type\":\"WebSite\",\"@id\":\"https:\\\/\\\/livonia.finance\\\/#website\",\"url\":\"https:\\\/\\\/livonia.finance\\\/\",\"name\":\"LIVONIA Finance - P2B investments\",\"description\":\"P2B lending investments\",\"publisher\":{\"@id\":\"https:\\\/\\\/livonia.finance\\\/#organization\"},\"potentialAction\":[{\"@type\":\"SearchAction\",\"target\":{\"@type\":\"EntryPoint\",\"urlTemplate\":\"https:\\\/\\\/livonia.finance\\\/?s={search_term_string}\"},\"query-input\":{\"@type\":\"PropertyValueSpecification\",\"valueRequired\":true,\"valueName\":\"search_term_string\"}}],\"inLanguage\":\"de\"},{\"@type\":\"Organization\",\"@id\":\"https:\\\/\\\/livonia.finance\\\/#organization\",\"name\":\"LIVONIA Finance - P2B investments\",\"url\":\"https:\\\/\\\/livonia.finance\\\/\",\"logo\":{\"@type\":\"ImageObject\",\"inLanguage\":\"de\",\"@id\":\"https:\\\/\\\/livonia.finance\\\/#\\\/schema\\\/logo\\\/image\\\/\",\"url\":\"https:\\\/\\\/livonia.finance\\\/wp-content\\\/uploads\\\/2023\\\/07\\\/image-1.jpeg\",\"contentUrl\":\"https:\\\/\\\/livonia.finance\\\/wp-content\\\/uploads\\\/2023\\\/07\\\/image-1.jpeg\",\"width\":512,\"height\":512,\"caption\":\"LIVONIA Finance - P2B investments\"},\"image\":{\"@id\":\"https:\\\/\\\/livonia.finance\\\/#\\\/schema\\\/logo\\\/image\\\/\"},\"sameAs\":[\"https:\\\/\\\/www.facebook.com\\\/profile.php?id=100095344260318\"]}]}<\/script>\n<!-- \/ Yoast SEO plugin. -->","yoast_head_json":{"title":"Datenschutzerkl\u00e4rung - LIVONIA Finance - P2B-Anlagen","robots":{"index":"index","follow":"follow","max-snippet":"max-snippet:-1","max-image-preview":"max-image-preview:large","max-video-preview":"max-video-preview:-1"},"canonical":"https:\/\/livonia.finance\/de\/datenschutzbestimmungen\/","og_locale":"de_DE","og_type":"article","og_title":"Privacy Policy - LIVONIA Finance - P2B investments","og_description":"Privacy Policy of Veselavas pagasta zemnieka saimniec\u012bba &#8220;Ka\u017e\u0113ri&#8221;Reg. Nr. 49501000919Latvia, Lacplesa 61 street+37124846824info@livonia.financeLast updated 30.05.2025 IntroductionWelcome to our platform, Livonia platform (https:\/\/www.livonia.finance). This document outlines our Privacy Policy, explaining how we collect, use, and share your information. As a Crowdfunding service provider, we are committed to protecting your privacy and ensuring compliance with the principles of data protection and relevant...","og_url":"https:\/\/livonia.finance\/de\/datenschutzbestimmungen\/","og_site_name":"LIVONIA Finance - P2B investments","article_publisher":"https:\/\/www.facebook.com\/profile.php?id=100095344260318","article_modified_time":"2025-05-31T07:54:31+00:00","twitter_card":"summary_large_image","twitter_misc":{"Gesch\u00e4tzte Lesezeit":"6\u00a0Minuten"},"schema":{"@context":"https:\/\/schema.org","@graph":[{"@type":"WebPage","@id":"https:\/\/livonia.finance\/privacy-policy\/","url":"https:\/\/livonia.finance\/privacy-policy\/","name":"Datenschutzerkl\u00e4rung - LIVONIA Finance - P2B-Anlagen","isPartOf":{"@id":"https:\/\/livonia.finance\/#website"},"datePublished":"2023-08-10T10:52:56+00:00","dateModified":"2025-05-31T07:54:31+00:00","breadcrumb":{"@id":"https:\/\/livonia.finance\/privacy-policy\/#breadcrumb"},"inLanguage":"de","potentialAction":[{"@type":"ReadAction","target":["https:\/\/livonia.finance\/privacy-policy\/"]}]},{"@type":"BreadcrumbList","@id":"https:\/\/livonia.finance\/privacy-policy\/#breadcrumb","itemListElement":[{"@type":"ListItem","position":1,"name":"Home","item":"https:\/\/livonia.finance\/"},{"@type":"ListItem","position":2,"name":"Privacy Policy"}]},{"@type":"WebSite","@id":"https:\/\/livonia.finance\/#website","url":"https:\/\/livonia.finance\/","name":"LIVONIA Finance - P2B-Anlagen","description":"Investitionen in P2B-Kredite","publisher":{"@id":"https:\/\/livonia.finance\/#organization"},"potentialAction":[{"@type":"SearchAction","target":{"@type":"EntryPoint","urlTemplate":"https:\/\/livonia.finance\/?s={search_term_string}"},"query-input":{"@type":"PropertyValueSpecification","valueRequired":true,"valueName":"search_term_string"}}],"inLanguage":"de"},{"@type":"Organization","@id":"https:\/\/livonia.finance\/#organization","name":"LIVONIA Finance - P2B-Anlagen","url":"https:\/\/livonia.finance\/","logo":{"@type":"ImageObject","inLanguage":"de","@id":"https:\/\/livonia.finance\/#\/schema\/logo\/image\/","url":"https:\/\/livonia.finance\/wp-content\/uploads\/2023\/07\/image-1.jpeg","contentUrl":"https:\/\/livonia.finance\/wp-content\/uploads\/2023\/07\/image-1.jpeg","width":512,"height":512,"caption":"LIVONIA Finance - P2B investments"},"image":{"@id":"https:\/\/livonia.finance\/#\/schema\/logo\/image\/"},"sameAs":["https:\/\/www.facebook.com\/profile.php?id=100095344260318"]}]}},"_links":{"self":[{"href":"https:\/\/livonia.finance\/de\/wp-json\/wp\/v2\/pages\/6142","targetHints":{"allow":["GET"]}}],"collection":[{"href":"https:\/\/livonia.finance\/de\/wp-json\/wp\/v2\/pages"}],"about":[{"href":"https:\/\/livonia.finance\/de\/wp-json\/wp\/v2\/types\/page"}],"author":[{"embeddable":true,"href":"https:\/\/livonia.finance\/de\/wp-json\/wp\/v2\/users\/236581218"}],"replies":[{"embeddable":true,"href":"https:\/\/livonia.finance\/de\/wp-json\/wp\/v2\/comments?post=6142"}],"version-history":[{"count":20,"href":"https:\/\/livonia.finance\/de\/wp-json\/wp\/v2\/pages\/6142\/revisions"}],"predecessor-version":[{"id":14231,"href":"https:\/\/livonia.finance\/de\/wp-json\/wp\/v2\/pages\/6142\/revisions\/14231"}],"wp:attachment":[{"href":"https:\/\/livonia.finance\/de\/wp-json\/wp\/v2\/media?parent=6142"}],"curies":[{"name":"wp","href":"https:\/\/api.w.org\/{rel}","templated":true}]}}