{"id":357,"date":"2017-07-12T06:40:08","date_gmt":"2017-07-12T06:40:08","guid":{"rendered":"http:\/\/demo.zozothemes.com\/gosolar\/?page_id=357"},"modified":"2024-10-09T11:47:47","modified_gmt":"2024-10-09T08:47:47","slug":"faq","status":"publish","type":"page","link":"https:\/\/livonia.finance\/de\/faq\/","title":{"rendered":"H?ufige Fragen"},"content":{"rendered":"<section class=\"wpb-content-wrapper\">\t\t<div data-elementor-type=\"wp-page\" data-elementor-id=\"357\" class=\"elementor elementor-357\" data-elementor-post-type=\"page\">\n\t\t\t\t<div class=\"elementor-element elementor-element-31c09208 e-flex e-con-boxed e-con e-parent\" data-id=\"31c09208\" data-element_type=\"container\" data-e-type=\"container\">\n\t\t\t\t\t<div class=\"e-con-inner\">\n\t\t\t\t<div class=\"elementor-element elementor-element-55847d8a elementor-widget elementor-widget-text-editor\" data-id=\"55847d8a\" data-element_type=\"widget\" data-e-type=\"widget\" data-widget_type=\"text-editor.default\">\n\t\t\t\t<div class=\"elementor-widget-container\">\n\t\t\t\t\t\t\t\t\t<section class=\"vc_row wpb_row vc_row-fluid vc_custom_1498627936379 vc-zozo-section typo-default\"><div class=\"zozo-vc-main-row-inner vc-normal-section\"><div class=\"container\"><div class=\"row\"><div class=\"section-spacing-1024 wpb_column vc_main_column vc_column_container vc_col-sm-12 vc_col-lg-6 vc_col-md-12 typo-default\"><div class=\"vc_column-inner\"><div class=\"wpb_wrapper\"><div  class=\"vc_toggle vc_toggle_square vc_toggle_color_default vc_toggle_color_inverted vc_toggle_size_md\"><div class=\"vc_toggle_title\"><h4>Was ist die Livonia-Plattform?<\/h4><i class=\"vc_toggle_icon\"><\/i><\/div><div class=\"vc_toggle_content\"><p>Livonia ist eine in Lettland gegr\u00fcndete P2P-Crowdfunding-Plattform, auf der Anleger in viele verschiedene Gesch\u00e4fts- und Immobilienprojekte investieren k\u00f6nnen, die durch erstrangige Hypotheken auf Grundst\u00fccke oder Geb\u00e4ude, schwere Ausr\u00fcstung oder andere bewegliche G\u00fcter besichert sind. Alle Kredite auf der Livonia-Plattform sind durch Sicherheiten gesch\u00fctzt. Auf der Livonia-Plattform bieten wir auch die M\u00f6glichkeit, in ein hochverzinsliches Sparkonto mit 9\u00a0% Zinsen p.a. zu investieren.<\/p>\n<\/div><\/div><div  class=\"vc_toggle vc_toggle_square vc_toggle_color_default vc_toggle_color_inverted vc_toggle_size_md\"><div class=\"vc_toggle_title\"><h4>Ist Livonia in Lettland reguliert?<\/h4><i class=\"vc_toggle_icon\"><\/i><\/div><div class=\"vc_toggle_content\"><p>Die Livonia-Plattform muss nicht reguliert werden, da es sich um eine strukturelle Einheit handelt, die bei der lettischen Steuerbeh\u00f6rde IRS (Internal Revenue Service) registriert ist und dieselbe juristische Person ist wie der Kreditgeber LA LETTLAND, Registercode 40203459329. Die Livonia-Plattform k\u00fcmmert sich um alle Dinge, die mit KYC- und AML-Anforderungen zu tun haben.<\/p>\n<\/div><\/div><div  class=\"vc_toggle vc_toggle_square vc_toggle_color_default vc_toggle_color_inverted vc_toggle_size_md\"><div class=\"vc_toggle_title\"><h4>Wie funktioniert die Livonia-Plattform?<\/h4><i class=\"vc_toggle_icon\"><\/i><\/div><div class=\"vc_toggle_content\"><p>Die Livonia-Plattform ist die gleiche juristische Person wie der Kreditanbahner.<\/p>\n<\/div><\/div><div  class=\"vc_toggle vc_toggle_square vc_toggle_color_default vc_toggle_color_inverted vc_toggle_size_md\"><div class=\"vc_toggle_title\"><h4>Welche Art von Bonusprogramm gibt es auf der Livonia-Plattform?<\/h4><i class=\"vc_toggle_icon\"><\/i><\/div><div class=\"vc_toggle_content\"><p>Sie k\u00f6nnen bis zu 1,2% Belohnung abh\u00e4ngig von der H\u00f6he Ihrer Investitionen und vergessen Sie nicht, einen Freund einladen und Sie beide erhalten einen Bonus von 20? jeder nach der Investition von mindestens 300 Euro mehr als 60 Tage jeder. Sie k\u00f6nnen einen Freund so oft Sie wollen einladen und einen Bonus erhalten.<\/p>\n<p>Und das zweite Angebot f\u00fcr neue Investoren haben wir eine Silber, Bronze und Gold Mitgliedschaft. Bronze-Mitgliedschaft erhalten Sie zus\u00e4tzliche Zinsbonus 0.4% Ihrer Investitionen mehr nach der Investition 90 Tage, wenn Ihr Investment-Portfolio wird mehr als 5k, Silber-Mitgliedschaft bieten Ihnen einen Bonus von? 0,8 % mehr von Ihren Investitionen, wenn Investment-Portfolio wird mehr als 10k nach 90 Tagen, und Gold-Mitgliedschaft wird Ihnen 1.2% mehr von Ihren Investitionen, wenn Ihr Investment-Portfolio wird mehr als 20k. Platin-Mitgliedschaft erhalten Sie zus\u00e4tzliche 0,3% mehr Interesse, was zusammen macht 1,5 % alle Mitgliedschaften zusammen gez\u00e4hlt, wenn der Investor investiert haben mindestens 40k Euro.<\/p>\n<p>Das dritte Angebot besteht darin, dass Investoren, die sich zum ersten Mal auf der Plattform registrieren, nach 90 Tagen automatisch 0,5 % mehr Zinsen auf alle ihre Investitionen erhalten.<\/p>\n<\/div><\/div><div  class=\"vc_toggle vc_toggle_square vc_toggle_color_default vc_toggle_color_inverted vc_toggle_size_md\"><div class=\"vc_toggle_title\"><h4>Wie schnell wird das Geld auf dem Livonia-Konto gutgeschrieben?<\/h4><i class=\"vc_toggle_icon\"><\/i><\/div><div class=\"vc_toggle_content\"><p>Bitte beachten Sie, dass es bis zu 2 Gesch\u00e4ftstage dauern kann, bis der Betrag auf Ihrem Livonia-Konto eingeht.<\/p>\n<p>Wenn Sie die Einzahlung nicht innerhalb von 2 Werktagen auf Ihrem Konto sehen k\u00f6nnen, wenden Sie sich bitte mit einer Kopie der \u00dcberweisung an unseren Kundendienst.<\/p>\n<p>Unsere E-Mail-Adresse lautet <a href=\"mailto:info@livonia.finance\">info@livonia.finance<\/a><\/p>\n<\/div><\/div><div  class=\"vc_toggle vc_toggle_square vc_toggle_color_default vc_toggle_color_inverted vc_toggle_size_md\"><div class=\"vc_toggle_title\"><h4>Welche W\u00e4hrungen akzeptieren wir auf dem Livonia-Konto?<\/h4><i class=\"vc_toggle_icon\"><\/i><\/div><div class=\"vc_toggle_content\"><p>Wir akzeptieren Euro und US-Dollar. Gelder von und an Investoren k\u00f6nnen per manueller \u00dcberweisung und \"Stripe\" \u00fcberwiesen werden.<\/p>\n<\/div><\/div><div  class=\"vc_toggle vc_toggle_square vc_toggle_color_default vc_toggle_color_inverted vc_toggle_size_md\"><div class=\"vc_toggle_title\"><h4>Kann der Anleger verschiedene Bankkonten bei Livonia anlegen?<\/h4><i class=\"vc_toggle_icon\"><\/i><\/div><div class=\"vc_toggle_content\"><p>Ja, Sie k\u00f6nnen verschiedene Konten anlegen, nur m\u00fcssen Sie daf\u00fcr eine Verifikationszahlung an Livonia von mindestens 0,01 \u20ac leisten.<\/p>\n<\/div><\/div><div  class=\"vc_toggle vc_toggle_square vc_toggle_color_default vc_toggle_color_inverted vc_toggle_size_md\"><div class=\"vc_toggle_title\"><h4>Ist die Einzahlung von Geld auf mein Livonia-Konto geb\u00fchrenpflichtig?<\/h4><i class=\"vc_toggle_icon\"><\/i><\/div><div class=\"vc_toggle_content\"><p>Nein, es gibt keine Geb\u00fchr f\u00fcr die Einzahlung auf das Livonia-Konto. Abhebungen sind geb\u00fchrenfrei.<\/p>\n<\/div><\/div><div  class=\"vc_toggle vc_toggle_square vc_toggle_color_default vc_toggle_color_inverted vc_toggle_size_md\"><div class=\"vc_toggle_title\"><h4>Gibt es eine H\u00f6chstgrenze f\u00fcr eine Abhebung?<\/h4><i class=\"vc_toggle_icon\"><\/i><\/div><div class=\"vc_toggle_content\"><p>Der H\u00f6chstbetrag pro Abhebungsvorgang auf Livonia betr\u00e4gt 15.000 \u20ac (falls Sie einen h\u00f6heren Betrag abheben m\u00fcssen, k\u00f6nnen Sie mehrere Auftr\u00e4ge erfassen).<\/p>\n<\/div><\/div><\/div><\/div><\/div><\/div><\/div><\/div><\/section>\t\r\n\r\n\r\n\t<section class=\"vc_row wpb_row vc_row-fluid vc_custom_1498627936379 vc-zozo-section typo-default\"><div class=\"zozo-vc-main-row-inner vc-normal-section\"><div class=\"container\"><div class=\"row\"><div class=\"section-spacing-1024 wpb_column vc_main_column vc_column_container vc_col-sm-12 vc_col-lg-6 vc_col-md-12 typo-default\"><div class=\"vc_column-inner\"><div class=\"wpb_wrapper\"><div  class=\"vc_toggle vc_toggle_square vc_toggle_color_default vc_toggle_color_inverted vc_toggle_size_md\"><div class=\"vc_toggle_title\"><h4>Sind alle Kredite auf der Livonia-Plattform durch Sicherheiten oder Hypotheken gesch\u00fctzt?<\/h4><i class=\"vc_toggle_icon\"><\/i><\/div><div class=\"vc_toggle_content\"><p>Ja, alle Kredite, bei denen der Anleger in Livonia investieren kann, sind durch eine erstrangige Hypothek oder andere Sicherheiten wie schwere Maschinen oder andere bewegliche G\u00fcter gesch\u00fctzt.<\/p>\n<\/div><\/div><div  class=\"vc_toggle vc_toggle_square vc_toggle_color_default vc_toggle_color_inverted vc_toggle_size_md\"><div class=\"vc_toggle_title\"><h4>Wie schnell erhalte ich meine Abhebung?<\/h4><i class=\"vc_toggle_icon\"><\/i><\/div><div class=\"vc_toggle_content\"><p>Die Auszahlung dauert nur bis zu 2 Gesch\u00e4ftstage, abh\u00e4ngig von der Bank.<\/p>\n<\/div><\/div><div  class=\"vc_toggle vc_toggle_square vc_toggle_color_default vc_toggle_color_inverted vc_toggle_size_md\"><div class=\"vc_toggle_title\"><h4>Welches pers\u00f6nliche Dokument kann als Identit\u00e4tsnachweis verwendet werden?<\/h4><i class=\"vc_toggle_icon\"><\/i><\/div><div class=\"vc_toggle_content\"><p>Die einzigen Dokumente, die f\u00fcr die Verifizierung akzeptiert werden, sind ein Reisepass oder ein nationaler Personalausweis.<\/p>\n<\/div><\/div><div  class=\"vc_toggle vc_toggle_square vc_toggle_color_default vc_toggle_color_inverted vc_toggle_size_md\"><div class=\"vc_toggle_title\"><h4>Wie kann ich meine Kontaktdaten bearbeiten?<\/h4><i class=\"vc_toggle_icon\"><\/i><\/div><div class=\"vc_toggle_content\"><p>Sie k\u00f6nnen nur die Adresse Ihres Wohnsitzes in Ihren Einstellungen \u00e4ndern. Falls sich eine der anderen Angaben ge\u00e4ndert hat, senden Sie bitte eine Anfrage per E-Mail.<\/p>\n<\/div><\/div><div  class=\"vc_toggle vc_toggle_square vc_toggle_color_default vc_toggle_color_inverted vc_toggle_size_md\"><div class=\"vc_toggle_title\"><h4>Was ist eine R\u00fcckkaufsgarantie und wie wirkt sie sich auf Kredite aus?<\/h4><i class=\"vc_toggle_icon\"><\/i><\/div><div class=\"vc_toggle_content\"><p>In Livonia werden einige Kredite mit einer R\u00fcckkaufgarantie versehen,? das bedeutet, dass der Kreditgeber, wenn der Kredit mehr als 60 Tage in Verzug ist, den Kredit zur\u00fcckkauft und den Anlegern ihr Kapital mit den aufgelaufenen Zinsen zur\u00fcckzahlt. Andere Darlehen ohne R\u00fcckkaufgarantie werden durch eine erstrangige Hypothek auf eine Immobilie oder eine andere Art von Eigentum gesichert.<\/p>\n<\/div><\/div><div  class=\"vc_toggle vc_toggle_square vc_toggle_color_default vc_toggle_color_inverted vc_toggle_size_md\"><div class=\"vc_toggle_title\"><h4>Was sind die Mindestgrenzen auf der Livonia-Plattform?<\/h4><i class=\"vc_toggle_icon\"><\/i><\/div><div class=\"vc_toggle_content\"><p>Der Mindestbetrag pro Projekt liegt bei 50 Euro, der Mindestauszahlungsbetrag bei 1 Euro und der Mindesteinzahlungsbetrag bei 1 Eurocent. Terra Livonia Anleger k\u00f6nnen ab 10 Euro investieren.<\/p>\n<\/div><\/div><div  class=\"vc_toggle vc_toggle_square vc_toggle_color_default vc_toggle_color_inverted vc_toggle_size_md\"><div class=\"vc_toggle_title\"><h4>Wer kann auf der Livonia-Plattform investieren?<\/h4><i class=\"vc_toggle_icon\"><\/i><\/div><div class=\"vc_toggle_content\"><p>Auf der Livonia-Plattform k\u00f6nnen Privatpersonen (mindestens 18 Jahre alt) und Unternehmen aus der EU, den USA und Kanada investieren, mit Ausnahme der L\u00e4nder, die auf der FATH-AML-Liste der EU stehen.<\/p>\n<\/div><\/div><div  class=\"vc_toggle vc_toggle_square vc_toggle_color_default vc_toggle_color_inverted vc_toggle_size_md\"><div class=\"vc_toggle_title\"><h4>Muss ich eine Geb\u00fchr f\u00fcr Geld zahlen, das auf dem Livonia-Konto liegt, aber nicht investiert wurde?<\/h4><i class=\"vc_toggle_icon\"><\/i><\/div><div class=\"vc_toggle_content\"><p>Nein, f\u00fcr Geld, das nicht investiert wird, m\u00fcssen Sie keine Geb\u00fchren zahlen.<\/p>\n<\/div><\/div><div  class=\"vc_toggle vc_toggle_square vc_toggle_color_default vc_toggle_color_inverted vc_toggle_size_md\"><div class=\"vc_toggle_title\"><h4>M\u00fcssen Steuern auf das Einkommen aus der Livonia-Plattform gezahlt werden?<\/h4><i class=\"vc_toggle_icon\"><\/i><\/div><div class=\"vc_toggle_content\"><p>Wir ziehen keine Steuern von den Anlegern ab, aber der Anleger muss sich mit den Beh\u00f6rden seines steuerlichen Ans\u00e4ssigkeitslandes in Verbindung setzen und Informationen \u00fcber die Steuerangaben einholen.<\/p>\n<\/div><\/div><div  class=\"vc_toggle vc_toggle_square vc_toggle_color_default vc_toggle_color_inverted vc_toggle_size_md\"><div class=\"vc_toggle_title\"><h4>Wie viel kann ich mit Investitionen in Livonia verdienen?<\/h4><i class=\"vc_toggle_icon\"><\/i><\/div><div class=\"vc_toggle_content\"><p>Sie k\u00f6nnen zwischen 8 und 16 % Zinsen pro Jahr auf Ihre Anlagen erhalten.<\/p>\n<\/div><\/div><div  class=\"vc_toggle vc_toggle_square vc_toggle_color_default vc_toggle_color_inverted vc_toggle_size_md\"><div class=\"vc_toggle_title\"><h4>Ist es m\u00f6glich, dass ich mein gesamtes investiertes Geld verliere?<\/h4><i class=\"vc_toggle_icon\"><\/i><\/div><div class=\"vc_toggle_content\"><p>Risiko ist immer ein inh\u00e4renter Bestandteil jeder Form von Investitionen, und w\u00e4hrend wir anerkennen, dass keine Investition v\u00f6llig frei von Risiko ist,? ?in Livonia Plattform bem\u00fchen wir uns um die Minderung von Risiken, indem wir alle Projekte und Terra Livonia? zu Gunsten der Investoren durch Sicherheiten absichern? und das Unternehmen produziert viele greifbare Produkte, die in Europa verkauft werden und ist nicht an spekulativen Gesch\u00e4ften beteiligt.<\/p>\n<\/div><\/div><div  class=\"vc_toggle vc_toggle_square vc_toggle_color_default vc_toggle_color_inverted vc_toggle_size_md\"><div class=\"vc_toggle_title\"><h4>Wann werden die Anleger die ersten Zinszahlungen auf ihre Anlagen erhalten?<\/h4><i class=\"vc_toggle_icon\"><\/i><\/div><div class=\"vc_toggle_content\"><p>Bei dem Anlageprodukt Terra Livonia erhalten die Anleger t\u00e4glich Zinszahlungen.<\/p>\n<p>Und aus den Projekten erhalten die Investoren monatlich Zinsen, wobei der Tag gez\u00e4hlt wird, an dem der Investor in ein bestimmtes Projekt investiert hat. Wir sind die erste Investmentplattform in Europa, die so etwas anbietet, um Investoren auch dann zu bezahlen, wenn das Projekt noch nicht abgeschlossen ist, und das liegt daran, dass die Livonia-Plattform dieselbe juristische Person ist wie der Kreditanbahner.<\/p>\n<\/div><\/div><div  class=\"vc_toggle vc_toggle_square vc_toggle_color_default vc_toggle_color_inverted vc_toggle_size_md\"><div class=\"vc_toggle_title\"><h4>Warum haben wir diese Plattform Livonia genannt?<\/h4><i class=\"vc_toggle_icon\"><\/i><\/div><div class=\"vc_toggle_content\"><p>Livonia ist eine Plattform, die in Lettland gegr\u00fcndet wurde. Die wichtigsten Plattformen in diesem Gesch\u00e4ft sind in Lettland oder Estland angesiedelt. \"Livland\" ist ein ehemaliges Gebiet von Lettland und Estland im Mittelalter, als das Heilige R\u00f6mische Reich unter Aufsicht der Deutschen eine erste Kontrolle \u00fcber diese 2 baltischen Staaten errichtete und Livland nannte. Da Lettland und Estland die Wiege der P2P-Crowdfunding-Plattformen sind, ziehen wir es vor, diese Plattform so zu nennen, um diese Wirtschaftsunion nach so langer Zeit wieder zu ehren.<\/p>\n<\/div><\/div><div  class=\"vc_toggle vc_toggle_square vc_toggle_color_default vc_toggle_color_inverted vc_toggle_size_md\"><div class=\"vc_toggle_title\"><h4>Was geschieht, wenn die Projektmittel nicht in voller H\u00f6he aufgebracht werden?<\/h4><i class=\"vc_toggle_icon\"><\/i><\/div><div class=\"vc_toggle_content\"><p>Das Projekt kann finanziert werden, wenn mindestens 40\u00a0% des Zielbetrags aufgebracht wurden und der Kreditnehmer den Kredit unter diesen Bedingungen akzeptiert. Falls der Kreditnehmer jedoch nicht bereit ist, den reduzierten Kreditbetrag zu akzeptieren, wird das aufgenommene Geld an die Investoren zur\u00fcckgebucht.<\/p>\n<p>Im Wesentlichen muss das Projekt eine bestimmte Finanzierungsschwelle erreichen, und f\u00fcr einen modifizierten Kredit ist die Zustimmung des Kreditnehmers erforderlich. Geschieht dies nicht, gehen die eingesammelten Gelder an die Investoren zur\u00fcck.<\/p>\n<p>Fragen Sie bitte nach, falls Sie weitere Informationen ben\u00f6tigen.<\/p>\n<\/div><\/div><div  class=\"vc_toggle vc_toggle_square vc_toggle_color_default vc_toggle_color_inverted vc_toggle_size_md\"><div class=\"vc_toggle_title\"><h4>Wann kann ich mein Geld abheben?<\/h4><i class=\"vc_toggle_icon\"><\/i><\/div><div class=\"vc_toggle_content\"><p>Nachdem Ihre Investition auf Ihr Konto zur\u00fcckgezahlt wurde, haben Sie die M\u00f6glichkeit, Ihr Geld abzuheben.<\/p>\n<p>Wenn Sie nicht warten wollen, bis der Kreditnehmer den R\u00fcckzahlungsplan einh\u00e4lt, gibt es eine weitere M\u00f6glichkeit<\/p>\n<\/div><\/div><\/div><\/div><\/div><\/div><\/div><\/div><\/section>\t\r\n\r\n\r\n\t<section class=\"vc_row wpb_row vc_row-fluid additional-call-to-action vc_custom_1497510752108 vc-zozo-section typo-light bg-style bg-normal\"><div class=\"zozo-vc-main-row-inner vc-normal-section\"><div class=\"container\"><div class=\"row\"><div class=\"wpb_column vc_main_column vc_column_container vc_col-sm-12 typo-default\"><div class=\"vc_column-inner\"><div class=\"wpb_wrapper\"><\/div><\/div><\/div><\/div><\/div><\/div><\/section>\t\t\t\t\t\t\t\t<\/div>\n\t\t\t\t<\/div>\n\t\t\t\t\t<\/div>\n\t\t\t\t<\/div>\n\t\t\t\t<\/div>\n\t\t<\/section>","protected":false},"excerpt":{"rendered":"Was ist die Livonia-Plattform? Was ist die Livonia-Plattform? Livonia ist eine in Lettland eingerichtete P2B-Crowdfunding-Plattform, auf der Anleger in viele verschiedene Gesch\u00e4fts- und Immobilienprojekte investieren k\u00f6nnen, die durch erstrangige Hypotheken auf Grundst\u00fccke oder Geb\u00e4ude, schwere Ausr\u00fcstung oder andere bewegliche G\u00fcter gesichert sind. Alle Kredite auf der Livonia-Plattform sind durch Sicherheiten abgesichert. In Livonia...","protected":false},"author":236581218,"featured_media":0,"parent":0,"menu_order":0,"comment_status":"closed","ping_status":"closed","template":"","meta":{"_acf_changed":false,"_starter_page_template":"","_wpcom_template_layout_category":[],"footnotes":""},"class_list":["post-357","page","type-page","status-publish","hentry"],"acf":[],"yoast_head":"<!-- This site is optimized with the Yoast SEO plugin v27.5 - https:\/\/yoast.com\/product\/yoast-seo-wordpress\/ -->\n<title>FAQ - LIVONIA Finance - P2B investments<\/title>\n<meta name=\"robots\" content=\"index, follow, max-snippet:-1, max-image-preview:large, max-video-preview:-1\" \/>\n<link rel=\"canonical\" href=\"https:\/\/livonia.finance\/de\/faq\/\" \/>\n<meta property=\"og:locale\" content=\"de_DE\" \/>\n<meta property=\"og:type\" content=\"article\" \/>\n<meta property=\"og:title\" content=\"FAQ - LIVONIA Finance - P2B investments\" \/>\n<meta property=\"og:url\" content=\"https:\/\/livonia.finance\/de\/faq\/\" \/>\n<meta property=\"og:site_name\" content=\"LIVONIA Finance - P2B investments\" \/>\n<meta property=\"article:publisher\" content=\"https:\/\/www.facebook.com\/profile.php?id=100095344260318\" \/>\n<meta property=\"article:modified_time\" content=\"2024-10-09T08:47:47+00:00\" \/>\n<meta name=\"twitter:card\" content=\"summary_large_image\" \/>\n<meta name=\"twitter:label1\" content=\"Gesch\u00e4tzte Lesezeit\" \/>\n\t<meta name=\"twitter:data1\" content=\"6\u00a0Minuten\" \/>\n<script type=\"application\/ld+json\" class=\"yoast-schema-graph\">{\"@context\":\"https:\\\/\\\/schema.org\",\"@graph\":[{\"@type\":\"WebPage\",\"@id\":\"https:\\\/\\\/livonia.finance\\\/faq\\\/\",\"url\":\"https:\\\/\\\/livonia.finance\\\/faq\\\/\",\"name\":\"FAQ - LIVONIA Finance - P2B investments\",\"isPartOf\":{\"@id\":\"https:\\\/\\\/livonia.finance\\\/#website\"},\"datePublished\":\"2017-07-12T06:40:08+00:00\",\"dateModified\":\"2024-10-09T08:47:47+00:00\",\"breadcrumb\":{\"@id\":\"https:\\\/\\\/livonia.finance\\\/faq\\\/#breadcrumb\"},\"inLanguage\":\"de\",\"potentialAction\":[{\"@type\":\"ReadAction\",\"target\":[\"https:\\\/\\\/livonia.finance\\\/faq\\\/\"]}]},{\"@type\":\"BreadcrumbList\",\"@id\":\"https:\\\/\\\/livonia.finance\\\/faq\\\/#breadcrumb\",\"itemListElement\":[{\"@type\":\"ListItem\",\"position\":1,\"name\":\"Home\",\"item\":\"https:\\\/\\\/livonia.finance\\\/\"},{\"@type\":\"ListItem\",\"position\":2,\"name\":\"FAQ\"}]},{\"@type\":\"WebSite\",\"@id\":\"https:\\\/\\\/livonia.finance\\\/#website\",\"url\":\"https:\\\/\\\/livonia.finance\\\/\",\"name\":\"LIVONIA Finance - P2B investments\",\"description\":\"P2B lending investments\",\"publisher\":{\"@id\":\"https:\\\/\\\/livonia.finance\\\/#organization\"},\"potentialAction\":[{\"@type\":\"SearchAction\",\"target\":{\"@type\":\"EntryPoint\",\"urlTemplate\":\"https:\\\/\\\/livonia.finance\\\/?s={search_term_string}\"},\"query-input\":{\"@type\":\"PropertyValueSpecification\",\"valueRequired\":true,\"valueName\":\"search_term_string\"}}],\"inLanguage\":\"de\"},{\"@type\":\"Organization\",\"@id\":\"https:\\\/\\\/livonia.finance\\\/#organization\",\"name\":\"LIVONIA Finance - P2B investments\",\"url\":\"https:\\\/\\\/livonia.finance\\\/\",\"logo\":{\"@type\":\"ImageObject\",\"inLanguage\":\"de\",\"@id\":\"https:\\\/\\\/livonia.finance\\\/#\\\/schema\\\/logo\\\/image\\\/\",\"url\":\"https:\\\/\\\/livonia.finance\\\/wp-content\\\/uploads\\\/2023\\\/07\\\/image-1.jpeg\",\"contentUrl\":\"https:\\\/\\\/livonia.finance\\\/wp-content\\\/uploads\\\/2023\\\/07\\\/image-1.jpeg\",\"width\":512,\"height\":512,\"caption\":\"LIVONIA Finance - P2B investments\"},\"image\":{\"@id\":\"https:\\\/\\\/livonia.finance\\\/#\\\/schema\\\/logo\\\/image\\\/\"},\"sameAs\":[\"https:\\\/\\\/www.facebook.com\\\/profile.php?id=100095344260318\"]}]}<\/script>\n<!-- \/ Yoast SEO plugin. -->","yoast_head_json":{"title":"FAQ - LIVONIA Finance - P2B-Anlagen","robots":{"index":"index","follow":"follow","max-snippet":"max-snippet:-1","max-image-preview":"max-image-preview:large","max-video-preview":"max-video-preview:-1"},"canonical":"https:\/\/livonia.finance\/de\/faq\/","og_locale":"de_DE","og_type":"article","og_title":"FAQ - LIVONIA Finance - P2B investments","og_url":"https:\/\/livonia.finance\/de\/faq\/","og_site_name":"LIVONIA Finance - P2B investments","article_publisher":"https:\/\/www.facebook.com\/profile.php?id=100095344260318","article_modified_time":"2024-10-09T08:47:47+00:00","twitter_card":"summary_large_image","twitter_misc":{"Gesch\u00e4tzte Lesezeit":"6\u00a0Minuten"},"schema":{"@context":"https:\/\/schema.org","@graph":[{"@type":"WebPage","@id":"https:\/\/livonia.finance\/faq\/","url":"https:\/\/livonia.finance\/faq\/","name":"FAQ - LIVONIA Finance - P2B-Anlagen","isPartOf":{"@id":"https:\/\/livonia.finance\/#website"},"datePublished":"2017-07-12T06:40:08+00:00","dateModified":"2024-10-09T08:47:47+00:00","breadcrumb":{"@id":"https:\/\/livonia.finance\/faq\/#breadcrumb"},"inLanguage":"de","potentialAction":[{"@type":"ReadAction","target":["https:\/\/livonia.finance\/faq\/"]}]},{"@type":"BreadcrumbList","@id":"https:\/\/livonia.finance\/faq\/#breadcrumb","itemListElement":[{"@type":"ListItem","position":1,"name":"Home","item":"https:\/\/livonia.finance\/"},{"@type":"ListItem","position":2,"name":"FAQ"}]},{"@type":"WebSite","@id":"https:\/\/livonia.finance\/#website","url":"https:\/\/livonia.finance\/","name":"LIVONIA Finance - P2B-Anlagen","description":"Investitionen in P2B-Kredite","publisher":{"@id":"https:\/\/livonia.finance\/#organization"},"potentialAction":[{"@type":"SearchAction","target":{"@type":"EntryPoint","urlTemplate":"https:\/\/livonia.finance\/?s={search_term_string}"},"query-input":{"@type":"PropertyValueSpecification","valueRequired":true,"valueName":"search_term_string"}}],"inLanguage":"de"},{"@type":"Organization","@id":"https:\/\/livonia.finance\/#organization","name":"LIVONIA Finance - P2B-Anlagen","url":"https:\/\/livonia.finance\/","logo":{"@type":"ImageObject","inLanguage":"de","@id":"https:\/\/livonia.finance\/#\/schema\/logo\/image\/","url":"https:\/\/livonia.finance\/wp-content\/uploads\/2023\/07\/image-1.jpeg","contentUrl":"https:\/\/livonia.finance\/wp-content\/uploads\/2023\/07\/image-1.jpeg","width":512,"height":512,"caption":"LIVONIA Finance - P2B investments"},"image":{"@id":"https:\/\/livonia.finance\/#\/schema\/logo\/image\/"},"sameAs":["https:\/\/www.facebook.com\/profile.php?id=100095344260318"]}]}},"_links":{"self":[{"href":"https:\/\/livonia.finance\/de\/wp-json\/wp\/v2\/pages\/357","targetHints":{"allow":["GET"]}}],"collection":[{"href":"https:\/\/livonia.finance\/de\/wp-json\/wp\/v2\/pages"}],"about":[{"href":"https:\/\/livonia.finance\/de\/wp-json\/wp\/v2\/types\/page"}],"author":[{"embeddable":true,"href":"https:\/\/livonia.finance\/de\/wp-json\/wp\/v2\/users\/236581218"}],"replies":[{"embeddable":true,"href":"https:\/\/livonia.finance\/de\/wp-json\/wp\/v2\/comments?post=357"}],"version-history":[{"count":63,"href":"https:\/\/livonia.finance\/de\/wp-json\/wp\/v2\/pages\/357\/revisions"}],"predecessor-version":[{"id":14081,"href":"https:\/\/livonia.finance\/de\/wp-json\/wp\/v2\/pages\/357\/revisions\/14081"}],"wp:attachment":[{"href":"https:\/\/livonia.finance\/de\/wp-json\/wp\/v2\/media?parent=357"}],"curies":[{"name":"wp","href":"https:\/\/api.w.org\/{rel}","templated":true}]}}