{"id":12996,"date":"2023-12-14T03:38:27","date_gmt":"2023-12-14T01:38:27","guid":{"rendered":"https:\/\/livonia.finance\/?page_id=12996"},"modified":"2024-10-09T14:52:14","modified_gmt":"2024-10-09T11:52:14","slug":"early-exit-option","status":"publish","type":"page","link":"https:\/\/livonia.finance\/de\/vorzeitige-ausstiegsmoglichkeit\/","title":{"rendered":"Vorzeitige Ausstiegsoption"},"content":{"rendered":"<div data-elementor-type=\"wp-page\" data-elementor-id=\"12996\" class=\"elementor elementor-12996\" data-elementor-post-type=\"page\">\n\t\t\t\t<div class=\"elementor-element elementor-element-36e4785 e-grid e-con-boxed e-con e-parent\" data-id=\"36e4785\" data-element_type=\"container\" data-e-type=\"container\" data-settings=\"{&quot;background_background&quot;:&quot;classic&quot;}\">\n\t\t\t\t\t<div class=\"e-con-inner\">\n\t\t<div class=\"elementor-element elementor-element-f853bf0 e-flex e-con-boxed e-con e-child\" data-id=\"f853bf0\" data-element_type=\"container\" data-e-type=\"container\">\n\t\t\t\t\t<div class=\"e-con-inner\">\n\t\t\t\t<div class=\"elementor-element elementor-element-eee0f00 elementor-widget elementor-widget-heading\" data-id=\"eee0f00\" data-element_type=\"widget\" data-e-type=\"widget\" data-widget_type=\"heading.default\">\n\t\t\t\t<div class=\"elementor-widget-container\">\n\t\t\t\t\t<h2 class=\"elementor-heading-title elementor-size-default\">Vorzeitige Ausstiegsoption<\/h2>\t\t\t\t<\/div>\n\t\t\t\t<\/div>\n\t\t\t\t<div class=\"elementor-element elementor-element-89ac0d3 elementor-widget elementor-widget-text-editor\" data-id=\"89ac0d3\" data-element_type=\"widget\" data-e-type=\"widget\" data-widget_type=\"text-editor.default\">\n\t\t\t\t<div class=\"elementor-widget-container\">\n\t\t\t\t\t\t\t\t\t<p>Das Instant Exit Program ist f\u00fcr Investoren gedacht, um die Sicherheit auf der Livonia-Plattform zu erh\u00f6hen. Dieses Programm erm\u00f6glicht es Investoren, ihre Forderungen an die Plattform zur\u00fcckzuverkaufen. Es bietet einen Vorteil, den viele andere Plattformen nicht haben. <br>Die Livonia-Plattform kann diesen Vorteil nutzen, weil die Plattform und das Unternehmen ein und dieselbe Einheit sind, so dass man sich keine Sorgen um die Liquidit\u00e4t der Plattform und andere wichtige Dinge machen muss.<\/p>\n<p>Das Programm f\u00fcr den vorzeitigen Ausstieg hilft unseren Anlegern, ihr Portfolio innerhalb von 2 Tagen zu liquidieren, ihr geplantes Einkommen auszugleichen oder im Notfall einfach Bargeld abzuheben, was es den Anlegern erm\u00f6glicht, ihre Darlehensforderungen mit einem Abschlag von nur 10% auf den ausstehenden Kapitalbetrag zu verkaufen. Jetzt k\u00f6nnen Investoren ihr Projektportfolio verkaufen, bevor das F\u00e4lligkeitsdatum vorbei ist.<\/p>\t\t\t\t\t\t\t\t<\/div>\n\t\t\t\t<\/div>\n\t\t\t\t\t<\/div>\n\t\t\t\t<\/div>\n\t\t<div class=\"elementor-element elementor-element-5a01e17 e-flex e-con-boxed e-con e-child\" data-id=\"5a01e17\" data-element_type=\"container\" data-e-type=\"container\">\n\t\t\t\t\t<div class=\"e-con-inner\">\n\t\t\t\t<div class=\"elementor-element elementor-element-3caad01 elementor-widget elementor-widget-image\" data-id=\"3caad01\" data-element_type=\"widget\" data-e-type=\"widget\" data-widget_type=\"image.default\">\n\t\t\t\t<div class=\"elementor-widget-container\">\n\t\t\t\t\t\t\t\t\t\t\t\t\t\t\t<img fetchpriority=\"high\" decoding=\"async\" width=\"502\" height=\"548\" src=\"https:\/\/livonia.finance\/wp-content\/uploads\/2023\/12\/early_export_visualisation.png\" class=\"attachment-large size-large wp-image-12962\" alt=\"\" srcset=\"https:\/\/livonia.finance\/wp-content\/uploads\/2023\/12\/early_export_visualisation.png 502w, https:\/\/livonia.finance\/wp-content\/uploads\/2023\/12\/early_export_visualisation-275x300.png 275w, https:\/\/livonia.finance\/wp-content\/uploads\/2023\/12\/early_export_visualisation-11x12.png 11w\" sizes=\"(max-width: 502px) 100vw, 502px\" \/>\t\t\t\t\t\t\t\t\t\t\t\t\t\t\t<\/div>\n\t\t\t\t<\/div>\n\t\t\t\t\t<\/div>\n\t\t\t\t<\/div>\n\t\t\t\t\t<\/div>\n\t\t\t\t<\/div>\n\t\t<div class=\"elementor-element elementor-element-061aa99 e-flex e-con-boxed e-con e-parent\" data-id=\"061aa99\" data-element_type=\"container\" data-e-type=\"container\" data-settings=\"{&quot;background_background&quot;:&quot;classic&quot;}\">\n\t\t\t\t\t<div class=\"e-con-inner\">\n\t\t<div class=\"elementor-element elementor-element-e9861ce e-grid e-con-boxed e-con e-child\" data-id=\"e9861ce\" data-element_type=\"container\" data-e-type=\"container\">\n\t\t\t\t\t<div class=\"e-con-inner\">\n\t\t<div class=\"elementor-element elementor-element-c843736 e-flex e-con-boxed e-con e-child\" data-id=\"c843736\" data-element_type=\"container\" data-e-type=\"container\">\n\t\t\t\t\t<div class=\"e-con-inner\">\n\t\t\t\t<div class=\"elementor-element elementor-element-b6d31d8 elementor-widget elementor-widget-text-editor\" data-id=\"b6d31d8\" data-element_type=\"widget\" data-e-type=\"widget\" data-widget_type=\"text-editor.default\">\n\t\t\t\t<div class=\"elementor-widget-container\">\n\t\t\t\t\t\t\t\t\t<p><span style=\"white-space-collapse: preserve;\">10%<\/span><\/p>\t\t\t\t\t\t\t\t<\/div>\n\t\t\t\t<\/div>\n\t\t\t\t<div class=\"elementor-element elementor-element-9666762 elementor-widget elementor-widget-text-editor\" data-id=\"9666762\" data-element_type=\"widget\" data-e-type=\"widget\" data-widget_type=\"text-editor.default\">\n\t\t\t\t<div class=\"elementor-widget-container\">\n\t\t\t\t\t\t\t\t\t<p>Geb\u00fchr<\/p>\t\t\t\t\t\t\t\t<\/div>\n\t\t\t\t<\/div>\n\t\t\t\t\t<\/div>\n\t\t\t\t<\/div>\n\t\t<div class=\"elementor-element elementor-element-6caf774 e-flex e-con-boxed e-con e-child\" data-id=\"6caf774\" data-element_type=\"container\" data-e-type=\"container\">\n\t\t\t\t\t<div class=\"e-con-inner\">\n\t\t\t\t<div class=\"elementor-element elementor-element-13c59e7 elementor-widget elementor-widget-text-editor\" data-id=\"13c59e7\" data-element_type=\"widget\" data-e-type=\"widget\" data-widget_type=\"text-editor.default\">\n\t\t\t\t<div class=\"elementor-widget-container\">\n\t\t\t\t\t\t\t\t\t2 Tage\t\t\t\t\t\t\t\t<\/div>\n\t\t\t\t<\/div>\n\t\t\t\t<div class=\"elementor-element elementor-element-96fac5d elementor-widget elementor-widget-text-editor\" data-id=\"96fac5d\" data-element_type=\"widget\" data-e-type=\"widget\" data-widget_type=\"text-editor.default\">\n\t\t\t\t<div class=\"elementor-widget-container\">\n\t\t\t\t\t\t\t\t\t<p><span style=\"white-space-collapse: preserve;\">Leistung<\/span><\/p>\t\t\t\t\t\t\t\t<\/div>\n\t\t\t\t<\/div>\n\t\t\t\t\t<\/div>\n\t\t\t\t<\/div>\n\t\t<div class=\"elementor-element elementor-element-8aa0bf8 e-flex e-con-boxed e-con e-child\" data-id=\"8aa0bf8\" data-element_type=\"container\" data-e-type=\"container\">\n\t\t\t\t\t<div class=\"e-con-inner\">\n\t\t\t\t<div class=\"elementor-element elementor-element-e99af6c elementor-view-default elementor-widget elementor-widget-icon\" data-id=\"e99af6c\" data-element_type=\"widget\" data-e-type=\"widget\" data-widget_type=\"icon.default\">\n\t\t\t\t<div class=\"elementor-widget-container\">\n\t\t\t\t\t\t\t<div class=\"elementor-icon-wrapper\">\n\t\t\t<div class=\"elementor-icon\">\n\t\t\t<svg xmlns=\"http:\/\/www.w3.org\/2000\/svg\" width=\"51\" height=\"51\" viewbox=\"0 0 51 51\" fill=\"none\"><g clip-path=\"url(#clip0_243_1280)\"><path d=\"M25.5 0C16.1652 4.21888 10.175 6.19969 0 7.28571C0 16.1185 0.599933 22.4673 2.879 28.2902C4.74254 33.0384 7.50315 37.3825 11.0105 41.0869C16.657 47.0817 22.8692 50.2396 25.5 51C28.1308 50.2396 34.343 47.0817 39.9895 41.0869C43.4969 37.3825 46.2575 33.0384 48.121 28.2902C50.4001 22.4673 51 16.1185 51 7.28571C40.825 6.19969 34.8348 4.21888 25.5 0ZM43.8816 26.6304C42.2287 30.8356 39.7823 34.6834 36.6745 37.9643C32.3304 42.5759 27.8508 45.1156 25.5 46.1459V4.98616C29.9113 6.92143 33.3242 8.20781 36.6483 9.18569C39.8426 10.1203 43.0984 10.825 46.3929 11.294C46.1971 18.1494 45.4412 22.6426 43.8816 26.6304Z\" fill=\"#1E73BE\"><\/path><\/g><defs><clippath id=\"clip0_243_1280\"><rect width=\"51\" height=\"51\" fill=\"white\"><\/rect><\/clippath><\/defs><\/svg>\t\t\t<\/div>\n\t\t<\/div>\n\t\t\t\t\t\t<\/div>\n\t\t\t\t<\/div>\n\t\t\t\t<div class=\"elementor-element elementor-element-3126d6a elementor-widget elementor-widget-text-editor\" data-id=\"3126d6a\" data-element_type=\"widget\" data-e-type=\"widget\" data-widget_type=\"text-editor.default\">\n\t\t\t\t<div class=\"elementor-widget-container\">\n\t\t\t\t\t\t\t\t\t<p><span style=\"white-space-collapse: preserve;\">Sicherheitsmerkmal<\/span><\/p>\t\t\t\t\t\t\t\t<\/div>\n\t\t\t\t<\/div>\n\t\t\t\t\t<\/div>\n\t\t\t\t<\/div>\n\t\t\t\t\t<\/div>\n\t\t\t\t<\/div>\n\t\t\t\t\t<\/div>\n\t\t\t\t<\/div>\n\t\t<div class=\"elementor-element elementor-element-8244474 e-flex e-con-boxed e-con e-parent\" data-id=\"8244474\" data-element_type=\"container\" data-e-type=\"container\">\n\t\t\t\t\t<div class=\"e-con-inner\">\n\t\t\t\t<div class=\"elementor-element elementor-element-36e581e elementor-widget elementor-widget-text-editor\" data-id=\"36e581e\" data-element_type=\"widget\" data-e-type=\"widget\" data-widget_type=\"text-editor.default\">\n\t\t\t\t<div class=\"elementor-widget-container\">\n\t\t\t\t\t\t\t\t\t<p>Wenn Sie als Investor eine Position in einigen oder allen Projekten aufl\u00f6sen m\u00f6chten, kontaktieren Sie bitte Livonia<br \/>Unterst\u00fctzungsdienst der Plattform unter E-Mail <a href=\"mailto:info@livonia.finance\">info@livonia.finance<\/a><\/p>\t\t\t\t\t\t\t\t<\/div>\n\t\t\t\t<\/div>\n\t\t\t\t\t<\/div>\n\t\t\t\t<\/div>\n\t\t\t\t<\/div>","protected":false},"excerpt":{"rendered":"<p>Fr&uuml;hzeitige Ausstiegsoption Das Instant Exit Program ist f&uuml;r Investoren gedacht, um die Sicherheit auf der Livonia-Plattform zu erh&ouml;hen. Dieses Programm erm&ouml;glicht es Investoren, ihre Forderungen an die Plattform zur&uuml;ckzuverkaufen. Es bietet einen Vorteil, den viele andere Plattformen nicht haben. &lt;br&gt;Livonia platform can have this advantage because the platform and the business company are the same entity, that&rsquo;s why there&hellip;<\/p>","protected":false},"author":236581238,"featured_media":0,"parent":0,"menu_order":0,"comment_status":"closed","ping_status":"closed","template":"elementor_header_footer","meta":{"_acf_changed":false,"_starter_page_template":"","_wpcom_template_layout_category":[],"footnotes":""},"class_list":["post-12996","page","type-page","status-publish","hentry"],"acf":[],"yoast_head":"<!-- This site is optimized with the Yoast SEO plugin v27.4 - https:\/\/yoast.com\/product\/yoast-seo-wordpress\/ -->\n<title>Early exit option - LIVONIA Finance - P2B investments<\/title>\n<meta name=\"description\" content=\"The Instant Exit Program is made for investors to increase safety in Livonia platform. This programm allows investors to sell their claims back to platform. It offers the advantage that many other platforms doesn&#039;t have\" \/>\n<meta name=\"robots\" content=\"index, follow, max-snippet:-1, max-image-preview:large, max-video-preview:-1\" \/>\n<link rel=\"canonical\" href=\"https:\/\/livonia.finance\/de\/vorzeitige-ausstiegsmoglichkeit\/\" \/>\n<meta property=\"og:locale\" content=\"de_DE\" \/>\n<meta property=\"og:type\" content=\"article\" \/>\n<meta property=\"og:title\" content=\"Early exit option - LIVONIA Finance - P2B investments\" \/>\n<meta property=\"og:description\" content=\"The Instant Exit Program is made for investors to increase safety in Livonia platform. This programm allows investors to sell their claims back to platform. It offers the advantage that many other platforms doesn&#039;t have\" \/>\n<meta property=\"og:url\" content=\"https:\/\/livonia.finance\/de\/vorzeitige-ausstiegsmoglichkeit\/\" \/>\n<meta property=\"og:site_name\" content=\"LIVONIA Finance - P2B investments\" \/>\n<meta property=\"article:publisher\" content=\"https:\/\/www.facebook.com\/profile.php?id=100095344260318\" \/>\n<meta property=\"article:modified_time\" content=\"2024-10-09T11:52:14+00:00\" \/>\n<meta property=\"og:image\" content=\"https:\/\/livonia.finance\/wp-content\/uploads\/2023\/12\/early_export_visualisation.png\" \/>\n<meta name=\"twitter:card\" content=\"summary_large_image\" \/>\n<meta name=\"twitter:label1\" content=\"Gesch\u00e4tzte Lesezeit\" \/>\n\t<meta name=\"twitter:data1\" content=\"1\u00a0Minute\" \/>\n<script type=\"application\/ld+json\" class=\"yoast-schema-graph\">{\"@context\":\"https:\\\/\\\/schema.org\",\"@graph\":[{\"@type\":\"WebPage\",\"@id\":\"https:\\\/\\\/livonia.finance\\\/early-exit-option\\\/\",\"url\":\"https:\\\/\\\/livonia.finance\\\/early-exit-option\\\/\",\"name\":\"Early exit option - LIVONIA Finance - P2B investments\",\"isPartOf\":{\"@id\":\"https:\\\/\\\/livonia.finance\\\/#website\"},\"primaryImageOfPage\":{\"@id\":\"https:\\\/\\\/livonia.finance\\\/early-exit-option\\\/#primaryimage\"},\"image\":{\"@id\":\"https:\\\/\\\/livonia.finance\\\/early-exit-option\\\/#primaryimage\"},\"thumbnailUrl\":\"https:\\\/\\\/livonia.finance\\\/wp-content\\\/uploads\\\/2023\\\/12\\\/early_export_visualisation.png\",\"datePublished\":\"2023-12-14T01:38:27+00:00\",\"dateModified\":\"2024-10-09T11:52:14+00:00\",\"description\":\"The Instant Exit Program is made for investors to increase safety in Livonia platform. This programm allows investors to sell their claims back to platform. It offers the advantage that many other platforms doesn't have\",\"breadcrumb\":{\"@id\":\"https:\\\/\\\/livonia.finance\\\/early-exit-option\\\/#breadcrumb\"},\"inLanguage\":\"de\",\"potentialAction\":[{\"@type\":\"ReadAction\",\"target\":[\"https:\\\/\\\/livonia.finance\\\/early-exit-option\\\/\"]}]},{\"@type\":\"ImageObject\",\"inLanguage\":\"de\",\"@id\":\"https:\\\/\\\/livonia.finance\\\/early-exit-option\\\/#primaryimage\",\"url\":\"https:\\\/\\\/livonia.finance\\\/wp-content\\\/uploads\\\/2023\\\/12\\\/early_export_visualisation.png\",\"contentUrl\":\"https:\\\/\\\/livonia.finance\\\/wp-content\\\/uploads\\\/2023\\\/12\\\/early_export_visualisation.png\"},{\"@type\":\"BreadcrumbList\",\"@id\":\"https:\\\/\\\/livonia.finance\\\/early-exit-option\\\/#breadcrumb\",\"itemListElement\":[{\"@type\":\"ListItem\",\"position\":1,\"name\":\"Home\",\"item\":\"https:\\\/\\\/livonia.finance\\\/\"},{\"@type\":\"ListItem\",\"position\":2,\"name\":\"Early exit option\"}]},{\"@type\":\"WebSite\",\"@id\":\"https:\\\/\\\/livonia.finance\\\/#website\",\"url\":\"https:\\\/\\\/livonia.finance\\\/\",\"name\":\"LIVONIA Finance - P2B investments\",\"description\":\"P2B lending investments\",\"publisher\":{\"@id\":\"https:\\\/\\\/livonia.finance\\\/#organization\"},\"potentialAction\":[{\"@type\":\"SearchAction\",\"target\":{\"@type\":\"EntryPoint\",\"urlTemplate\":\"https:\\\/\\\/livonia.finance\\\/?s={search_term_string}\"},\"query-input\":{\"@type\":\"PropertyValueSpecification\",\"valueRequired\":true,\"valueName\":\"search_term_string\"}}],\"inLanguage\":\"de\"},{\"@type\":\"Organization\",\"@id\":\"https:\\\/\\\/livonia.finance\\\/#organization\",\"name\":\"LIVONIA Finance - P2B investments\",\"url\":\"https:\\\/\\\/livonia.finance\\\/\",\"logo\":{\"@type\":\"ImageObject\",\"inLanguage\":\"de\",\"@id\":\"https:\\\/\\\/livonia.finance\\\/#\\\/schema\\\/logo\\\/image\\\/\",\"url\":\"https:\\\/\\\/livonia.finance\\\/wp-content\\\/uploads\\\/2023\\\/07\\\/image-1.jpeg\",\"contentUrl\":\"https:\\\/\\\/livonia.finance\\\/wp-content\\\/uploads\\\/2023\\\/07\\\/image-1.jpeg\",\"width\":512,\"height\":512,\"caption\":\"LIVONIA Finance - P2B investments\"},\"image\":{\"@id\":\"https:\\\/\\\/livonia.finance\\\/#\\\/schema\\\/logo\\\/image\\\/\"},\"sameAs\":[\"https:\\\/\\\/www.facebook.com\\\/profile.php?id=100095344260318\"]}]}<\/script>\n<!-- \/ Yoast SEO plugin. -->","yoast_head_json":{"title":"Fr\u00fchzeitige Ausstiegsm\u00f6glichkeit - LIVONIA Finance - P2B-Anlagen","description":"Das Instant Exit Programm ist f?r Investoren gedacht, um die Sicherheit auf der Livonia Plattform zu erh?hen. Dieses Programm erm?glicht es Investoren, ihre Forderungen an die Plattform zur?ck zu verkaufen. Es bietet den Vorteil, den viele andere Plattformen nicht haben","robots":{"index":"index","follow":"follow","max-snippet":"max-snippet:-1","max-image-preview":"max-image-preview:large","max-video-preview":"max-video-preview:-1"},"canonical":"https:\/\/livonia.finance\/de\/vorzeitige-ausstiegsmoglichkeit\/","og_locale":"de_DE","og_type":"article","og_title":"Early exit option - LIVONIA Finance - P2B investments","og_description":"The Instant Exit Program is made for investors to increase safety in Livonia platform. This programm allows investors to sell their claims back to platform. It offers the advantage that many other platforms doesn't have","og_url":"https:\/\/livonia.finance\/de\/vorzeitige-ausstiegsmoglichkeit\/","og_site_name":"LIVONIA Finance - P2B investments","article_publisher":"https:\/\/www.facebook.com\/profile.php?id=100095344260318","article_modified_time":"2024-10-09T11:52:14+00:00","og_image":[{"url":"https:\/\/livonia.finance\/wp-content\/uploads\/2023\/12\/early_export_visualisation.png","type":"","width":"","height":""}],"twitter_card":"summary_large_image","twitter_misc":{"Gesch\u00e4tzte Lesezeit":"1\u00a0Minute"},"schema":{"@context":"https:\/\/schema.org","@graph":[{"@type":"WebPage","@id":"https:\/\/livonia.finance\/early-exit-option\/","url":"https:\/\/livonia.finance\/early-exit-option\/","name":"Fr\u00fchzeitige Ausstiegsm\u00f6glichkeit - LIVONIA Finance - P2B-Anlagen","isPartOf":{"@id":"https:\/\/livonia.finance\/#website"},"primaryImageOfPage":{"@id":"https:\/\/livonia.finance\/early-exit-option\/#primaryimage"},"image":{"@id":"https:\/\/livonia.finance\/early-exit-option\/#primaryimage"},"thumbnailUrl":"https:\/\/livonia.finance\/wp-content\/uploads\/2023\/12\/early_export_visualisation.png","datePublished":"2023-12-14T01:38:27+00:00","dateModified":"2024-10-09T11:52:14+00:00","description":"Das Instant Exit Programm ist f?r Investoren gedacht, um die Sicherheit auf der Livonia Plattform zu erh?hen. Dieses Programm erm?glicht es Investoren, ihre Forderungen an die Plattform zur?ck zu verkaufen. Es bietet den Vorteil, den viele andere Plattformen nicht haben","breadcrumb":{"@id":"https:\/\/livonia.finance\/early-exit-option\/#breadcrumb"},"inLanguage":"de","potentialAction":[{"@type":"ReadAction","target":["https:\/\/livonia.finance\/early-exit-option\/"]}]},{"@type":"ImageObject","inLanguage":"de","@id":"https:\/\/livonia.finance\/early-exit-option\/#primaryimage","url":"https:\/\/livonia.finance\/wp-content\/uploads\/2023\/12\/early_export_visualisation.png","contentUrl":"https:\/\/livonia.finance\/wp-content\/uploads\/2023\/12\/early_export_visualisation.png"},{"@type":"BreadcrumbList","@id":"https:\/\/livonia.finance\/early-exit-option\/#breadcrumb","itemListElement":[{"@type":"ListItem","position":1,"name":"Home","item":"https:\/\/livonia.finance\/"},{"@type":"ListItem","position":2,"name":"Early exit option"}]},{"@type":"WebSite","@id":"https:\/\/livonia.finance\/#website","url":"https:\/\/livonia.finance\/","name":"LIVONIA Finance - P2B-Anlagen","description":"Investitionen in P2B-Kredite","publisher":{"@id":"https:\/\/livonia.finance\/#organization"},"potentialAction":[{"@type":"SearchAction","target":{"@type":"EntryPoint","urlTemplate":"https:\/\/livonia.finance\/?s={search_term_string}"},"query-input":{"@type":"PropertyValueSpecification","valueRequired":true,"valueName":"search_term_string"}}],"inLanguage":"de"},{"@type":"Organization","@id":"https:\/\/livonia.finance\/#organization","name":"LIVONIA Finance - P2B-Anlagen","url":"https:\/\/livonia.finance\/","logo":{"@type":"ImageObject","inLanguage":"de","@id":"https:\/\/livonia.finance\/#\/schema\/logo\/image\/","url":"https:\/\/livonia.finance\/wp-content\/uploads\/2023\/07\/image-1.jpeg","contentUrl":"https:\/\/livonia.finance\/wp-content\/uploads\/2023\/07\/image-1.jpeg","width":512,"height":512,"caption":"LIVONIA Finance - P2B investments"},"image":{"@id":"https:\/\/livonia.finance\/#\/schema\/logo\/image\/"},"sameAs":["https:\/\/www.facebook.com\/profile.php?id=100095344260318"]}]}},"_links":{"self":[{"href":"https:\/\/livonia.finance\/de\/wp-json\/wp\/v2\/pages\/12996","targetHints":{"allow":["GET"]}}],"collection":[{"href":"https:\/\/livonia.finance\/de\/wp-json\/wp\/v2\/pages"}],"about":[{"href":"https:\/\/livonia.finance\/de\/wp-json\/wp\/v2\/types\/page"}],"author":[{"embeddable":true,"href":"https:\/\/livonia.finance\/de\/wp-json\/wp\/v2\/users\/236581238"}],"replies":[{"embeddable":true,"href":"https:\/\/livonia.finance\/de\/wp-json\/wp\/v2\/comments?post=12996"}],"version-history":[{"count":26,"href":"https:\/\/livonia.finance\/de\/wp-json\/wp\/v2\/pages\/12996\/revisions"}],"predecessor-version":[{"id":14098,"href":"https:\/\/livonia.finance\/de\/wp-json\/wp\/v2\/pages\/12996\/revisions\/14098"}],"wp:attachment":[{"href":"https:\/\/livonia.finance\/de\/wp-json\/wp\/v2\/media?parent=12996"}],"curies":[{"name":"wp","href":"https:\/\/api.w.org\/{rel}","templated":true}]}}